{"id":41125,"date":"2025-01-09T07:27:14","date_gmt":"2025-01-09T07:27:14","guid":{"rendered":"https:\/\/riit.ee\/villkor-for-tjansten\/"},"modified":"2025-03-19T11:25:06","modified_gmt":"2025-03-19T11:25:06","slug":"villkor-for-tjansten","status":"publish","type":"page","link":"https:\/\/riit.ee\/sv\/villkor-for-tjansten\/","title":{"rendered":"Villkor f\u00f6r tj\u00e4nsten"},"content":{"rendered":"\t\t<div data-elementor-type=\"wp-page\" data-elementor-id=\"41125\" class=\"elementor elementor-41125 elementor-6608\" data-elementor-post-type=\"page\">\n\t\t\t\t\t\t<section class=\"elementor-section elementor-top-section elementor-element elementor-element-79fa1d1 elementor-section-boxed elementor-section-height-default elementor-section-height-default\" data-id=\"79fa1d1\" data-element_type=\"section\">\n\t\t\t\t\t\t<div class=\"elementor-container elementor-column-gap-default\">\n\t\t\t\t\t<div class=\"elementor-column elementor-col-100 elementor-top-column elementor-element elementor-element-5933cb6\" data-id=\"5933cb6\" data-element_type=\"column\">\n\t\t\t<div class=\"elementor-widget-wrap elementor-element-populated\">\n\t\t\t\t\t\t<div class=\"elementor-element elementor-element-8c650f7 elementor-widget elementor-widget-heading\" data-id=\"8c650f7\" data-element_type=\"widget\" data-widget_type=\"heading.default\">\n\t\t\t\t<div class=\"elementor-widget-container\">\n\t\t\t\t\t<h2 class=\"elementor-heading-title elementor-size-default\">VILLKOR OCH BEST\u00c4MMELSER<\/h2>\t\t\t\t<\/div>\n\t\t\t\t<\/div>\n\t\t\t\t<div class=\"elementor-element elementor-element-994a7a0 elementor-widget elementor-widget-text-editor\" data-id=\"994a7a0\" data-element_type=\"widget\" data-widget_type=\"text-editor.default\">\n\t\t\t\t<div class=\"elementor-widget-container\">\n\t\t\t\t\t\t\t\t\t<p>\u00c4garen till webbutiken riit.ee (nedan kallad webbutiken) \u00e4r O\u00dc Riidaku T\u00f6\u00f6koda med registreringsnummer 10223356, som finns i Riidaku by, Raplamaa, Estland.<\/p>\n<p><strong>Villkor f\u00f6r k\u00f6pekontrakt och information om varor och priser  <\/strong><\/p>\n<p>F\u00f6rs\u00e4ljningsvillkoren g\u00e4ller f\u00f6r k\u00f6p av varor fr\u00e5n webbutiken. Priserna p\u00e5 de produkter som s\u00e4ljs i onlinebutiken anges bredvid produkterna. En avgift f\u00f6r leverans av varorna l\u00e4ggs till priset. Avgiften f\u00f6r leverans av varorna beror p\u00e5 var k\u00f6paren befinner sig och p\u00e5 leveranss\u00e4ttet. Leveransavgiften visas f\u00f6r k\u00f6paren n\u00e4r best\u00e4llningen g\u00f6rs. Information om varorna finns i webbutiken i anslutning till varorna.     <\/p>\n<p><strong>L\u00e4gga en order  <\/strong><\/p>\n<p>F\u00f6r att best\u00e4lla varor ska de beg\u00e4rda varorna l\u00e4ggas i kundvagnen. F\u00f6r att slutf\u00f6ra best\u00e4llningen ska de obligatoriska dataf\u00e4lten fyllas i och ett l\u00e4mpligt leveranss\u00e4tt v\u00e4ljas. P\u00e5 sk\u00e4rmen visas sedan det totala priset, som kan betalas via en bankf\u00f6rbindelse eller med hj\u00e4lp av en annan betalningsl\u00f6sning. Avtalet tr\u00e4der i kraft efter det att det belopp som ska betalas har krediterats webbutikens bankkonto. Om det inte \u00e4r m\u00f6jligt att leverera de best\u00e4llda varorna p\u00e5 grund av brist p\u00e5 lager eller av annan anledning, kommer k\u00f6paren att meddelas s\u00e5 snart som m\u00f6jligt och den betalda kostnaden (inklusive leveransavgifter) kommer att \u00e5terbetalas vanligtvis inom 1-2 arbetsdagar. Beroende p\u00e5 betalningsmetod kan \u00e5terbetalningen ta upp till sju arbetsdagar.     <\/p>\n<p><strong>Leverans  <\/strong><\/p>\n<p>Varor levereras till f\u00f6ljande l\u00e4nder: Estland, Lettland, Litauen, Finland, Sverige och Norge. Leveranskostnaden f\u00f6r varorna b\u00e4rs av k\u00f6paren och respektive prisinformation visas bredvid leveransmetoden. I Estland kommer paket normalt att anl\u00e4nda till den plats som anges av k\u00f6paren inom 3-7 arbetsdagar efter det att f\u00f6rs\u00e4ljningsavtalet tr\u00e4tt i kraft. Utanf\u00f6r Estland levereras varorna vanligtvis inom 14 kalenderdagar. I undantagsfall kan varorna levereras inom en tidsram p\u00e5 upp till 30 kalenderdagar. Om n\u00e4tbutiken p\u00e5 sin webbplats eller i orderbekr\u00e4ftelsen har meddelat k\u00f6paren om leveransproblem och en tidsfrist som \u00f6verstiger 30 kalenderdagar, g\u00e4ller den tidsfrist som n\u00e4tbutiken har angett.     <\/p>\n<p><strong>\u00c5ngerr\u00e4tt  <\/strong><\/p>\n<p>Efter att ha mottagit best\u00e4llningen har k\u00f6paren r\u00e4tt att fr\u00e5ntr\u00e4da avtalet som ing\u00e5tts med onlinebutiken inom 14 dagar [beroende p\u00e5 varorna kanske k\u00f6paren inte har r\u00e4tt att fr\u00e5ntr\u00e4da avtalet; de relevanta varorna och tj\u00e4nsterna b\u00f6r i s\u00e5 fall f\u00f6rtecknas och b\u00f6r uppfylla de krav som anges i underavsnitt 53.4 i lagen om obligationsr\u00e4tt].<\/p>\n<p>\u00c5ngerr\u00e4tten g\u00e4ller inte om k\u00f6paren \u00e4r en juridisk person.<\/p>\n<p>F\u00f6r att ut\u00f6va den 14 dagar l\u00e5nga \u00e5ngerr\u00e4tten f\u00e5r k\u00f6paren inte anv\u00e4nda de best\u00e4llda varorna p\u00e5 n\u00e5got annat s\u00e4tt \u00e4n vad som \u00e4r n\u00f6dv\u00e4ndigt f\u00f6r att unders\u00f6ka varornas art, egenskaper och funktion p\u00e5 samma s\u00e4tt som k\u00f6paren skulle f\u00e5 testa varorna i en fysisk butik. Om varorna har anv\u00e4nts p\u00e5 annat s\u00e4tt \u00e4n vad som \u00e4r n\u00f6dv\u00e4ndigt med h\u00e4nsyn till varornas art, egenskaper eller funktion eller om de har slitagem\u00e4rken, har n\u00e4tbutiken r\u00e4tt att minska det \u00e5terbetalningsbara beloppet i enlighet med varornas v\u00e4rdeminskning. <\/p>\n<p>F\u00f6r att kunna returnera varorna ska k\u00f6paren l\u00e4mna in en \u00e5ngerans\u00f6kan vars formul\u00e4r finns tillg\u00e4ngligt p\u00e5 riit.ee &#8221;\u00c5ngerans\u00f6kan&#8221; och skicka den via e-post senast 14 dagar efter mottagandet av varorna. Kostnaderna f\u00f6r att returnera varorna ska b\u00e4ras av k\u00f6paren, s\u00e5vida inte sk\u00e4let till returen \u00e4r att den returnerade varan inte motsvarar det som best\u00e4llts (t.ex. en felaktig eller defekt vara). K\u00f6paren ska returnera varorna inom 14 dagar fr\u00e5n det att han eller hon har l\u00e4mnat in sin ans\u00f6kan om att g\u00f6ra detta eller tillhandah\u00e5lla bevis p\u00e5 att varorna har \u00f6verl\u00e4mnats till transport\u00f6ren inom denna period. Efter att ha mottagit de returnerade varorna \u00e5terbetalar onlinebutiken k\u00f6paren alla belopp som mottagits fr\u00e5n k\u00f6paren p\u00e5 grundval av avtalet omedelbart men senast inom 14 dagar efter mottagandet av ans\u00f6kan om \u00e5terkallelse. Webbutiken kan v\u00e4gra att behandla \u00e5terbetalningen tills den f\u00e5r den vara som \u00e4r f\u00f6rem\u00e5l f\u00f6r avtalet eller tills k\u00f6paren l\u00e4mnar in bevis p\u00e5 att varan har skickats tillbaka, beroende p\u00e5 vad som intr\u00e4ffar f\u00f6rst. Om k\u00f6paren uttryckligen har valt en annan leveransmetod \u00e4n den billigaste normala leveransmetod som erbjuds av webbutiken, \u00e4r webbutiken inte skyldig att \u00e5terbetala det belopp som \u00f6verstiger kostnaden f\u00f6r normal leverans till konsumenten. N\u00e4tbutiken har r\u00e4tt att dra sig ur f\u00f6rs\u00e4ljningstransaktionen och beg\u00e4ra att varorna returneras av k\u00f6paren om det markerade priset p\u00e5 varorna i n\u00e4tbutiken \u00e4r betydligt l\u00e4gre \u00e4n marknadspriset p\u00e5 varorna p\u00e5 grund av ett fel.      <\/p>\n<p><strong>R\u00e4tt att l\u00e4mna in ett klagom\u00e5l  <\/strong><\/p>\n<p>N\u00e4tbutiken ansvarar f\u00f6r att de varor som s\u00e5lts till k\u00f6paren inte \u00f6verensst\u00e4mmer med avtalsvillkoren eller f\u00f6r fel som fanns vid tidpunkten f\u00f6r leveransen av varan och som visar sig inom tv\u00e5 \u00e5r fr\u00e5n det att varan levererades till k\u00f6paren. Inom det f\u00f6rsta \u00e5ret efter det att varan levererades till k\u00f6paren f\u00f6ruts\u00e4tts det att felet redan fanns vid leveranstillf\u00e4llet. Det \u00e4r n\u00e4tbutikens ansvar att motbevisa detta. Vid fel har k\u00f6paren r\u00e4tt att kontakta webbutiken senast inom tv\u00e5 m\u00e5nader genom att skicka ett e-postmeddelande till pood@riit.ee eller genom att ringa +37 250 51 380. Webbutiken ansvarar inte f\u00f6r fel som har uppst\u00e5tt p\u00e5 grund av konsumentens handling eller passivitet (felaktig anv\u00e4ndning, olycka etc.) efter att varan levererats eller vid normalt slitage som orsakas av normal anv\u00e4ndning av varan. Om de varor som k\u00f6pts i n\u00e4tbutiken har fel som n\u00e4tbutiken \u00e4r ansvarig f\u00f6r, kommer n\u00e4tbutiken att reparera eller byta ut de felaktiga varorna. Om varorna inte kan repareras eller bytas ut, \u00e5terbetalar n\u00e4tbutiken alla avgifter som uppkommit enligt k\u00f6peavtalet till k\u00f6paren. Webbutiken svarar p\u00e5 konsumentens klagom\u00e5l inom 15 dagar skriftligen eller i ett format som kan \u00e5terges skriftligen.       <\/p>\n<p><strong>L\u00f6sning av tvister<\/strong><\/p>\n<p>Om en k\u00f6pare har klagom\u00e5l p\u00e5 webbutiken ska de skicka dem via e-post till pood@riit.ee avtal har k\u00f6paren r\u00e4tt att v\u00e4nda sig till konsumenttvistkommitt\u00e9n. F\u00f6rfarandereglerna kan unders\u00f6kas och en ans\u00f6kan kan l\u00e4mnas in <a href=\"https:\/\/ttja.ee\/tarbijavaidluste-komisjon\">https:\/\/ttja.ee\/tarbijavaidluste-komisjon<\/a> <\/p>\n<p>Konsumenttvistn\u00e4mnden \u00e4r beh\u00f6rig att l\u00f6sa tvister som uppst\u00e5r i samband med det avtal som ing\u00e5tts mellan k\u00f6paren och n\u00e4tbutiken. K\u00f6parens klagom\u00e5l granskas kostnadsfritt av kommitt\u00e9n. K\u00f6paren kan v\u00e4nda sig till EU:s plattform f\u00f6r tvistl\u00f6sning online.  <\/p>\n<p>Kommunikationsutrustning med hj\u00e4lp av ing\u00e5nget avtal och utanf\u00f6r aff\u00e4rslokaler<br \/>ing\u00e5nget avtal retr\u00e4ttf\u00f6rklaring standardformul\u00e4r . Fyll i och returnera detta formul\u00e4r endast om<br \/>du vill fr\u00e5ntr\u00e4da kontraktet :<br \/>&#8211; mottagare Riddle Workshop O\u00dc, riit.ee, pood@riit.ee;<br \/>&#8211; H\u00e4rmed \u00e5terkallar jag \/ vi (*) fr\u00e5n kontraktet , vars \u00e4mne \u00e4r f\u00f6ljande sak (*) \/ n\u00e4sta<br \/>tj\u00e4nst (*) &#8211; Best\u00e4llningsdatum (*) \/ \u00e4rendemottagningsdatum (*)<br \/>&#8211; Konsumentnamn \/ konsumentnamn<br \/>&#8211; Konsumentadress \/ konsumentadresser<br \/>&#8211; Konsumentunderskrift \/ konsumentunderskrifter ( endast om detta formul\u00e4r presenteras p\u00e5 papper )<br \/>&#8211; Datum <\/p>\n\t\t\t\t\t\t\t\t<\/div>\n\t\t\t\t<\/div>\n\t\t\t\t\t<\/div>\n\t\t<\/div>\n\t\t\t\t\t<\/div>\n\t\t<\/section>\n\t\t\t\t<\/div>\n\t\t","protected":false},"excerpt":{"rendered":"<p>VILLKOR OCH BEST\u00c4MMELSER \u00c4garen till webbutiken riit.ee (nedan kallad webbutiken) \u00e4r O\u00dc Riidaku T\u00f6\u00f6koda med registreringsnummer 10223356, som finns i [&hellip;]<\/p>\n","protected":false},"author":26,"featured_media":0,"parent":0,"menu_order":0,"comment_status":"closed","ping_status":"closed","template":"","meta":{"_acf_changed":false,"_eb_attr":"","_monsterinsights_skip_tracking":false,"_monsterinsights_sitenote_active":false,"_monsterinsights_sitenote_note":"","_monsterinsights_sitenote_category":0,"site-sidebar-layout":"no-sidebar","site-content-layout":"","ast-site-content-layout":"full-width-container","site-content-style":"default","site-sidebar-style":"default","ast-global-header-display":"","ast-banner-title-visibility":"","ast-main-header-display":"","ast-hfb-above-header-display":"","ast-hfb-below-header-display":"","ast-hfb-mobile-header-display":"","site-post-title":"disabled","ast-breadcrumbs-content":"","ast-featured-img":"disabled","footer-sml-layout":"","theme-transparent-header-meta":"default","adv-header-id-meta":"","stick-header-meta":"","header-above-stick-meta":"","header-main-stick-meta":"","header-below-stick-meta":"","astra-migrate-meta-layouts":"default","ast-page-background-enabled":"default","ast-page-background-meta":{"desktop":{"background-color":"var(--ast-global-color-4)","background-image":"","background-repeat":"repeat","background-position":"center center","background-size":"auto","background-attachment":"scroll","background-type":"","background-media":"","overlay-type":"","overlay-color":"","overlay-opacity":"","overlay-gradient":""},"tablet":{"background-color":"","background-image":"","background-repeat":"repeat","background-position":"center center","background-size":"auto","background-attachment":"scroll","background-type":"","background-media":"","overlay-type":"","overlay-color":"","overlay-opacity":"","overlay-gradient":""},"mobile":{"background-color":"","background-image":"","background-repeat":"repeat","background-position":"center center","background-size":"auto","background-attachment":"scroll","background-type":"","background-media":"","overlay-type":"","overlay-color":"","overlay-opacity":"","overlay-gradient":""}},"ast-content-background-meta":{"desktop":{"background-color":"var(--ast-global-color-5)","background-image":"","background-repeat":"repeat","background-position":"center center","background-size":"auto","background-attachment":"scroll","background-type":"","background-media":"","overlay-type":"","overlay-color":"","overlay-opacity":"","overlay-gradient":""},"tablet":{"background-color":"var(--ast-global-color-5)","background-image":"","background-repeat":"repeat","background-position":"center center","background-size":"auto","background-attachment":"scroll","background-type":"","background-media":"","overlay-type":"","overlay-color":"","overlay-opacity":"","overlay-gradient":""},"mobile":{"background-color":"var(--ast-global-color-5)","background-image":"","background-repeat":"repeat","background-position":"center center","background-size":"auto","background-attachment":"scroll","background-type":"","background-media":"","overlay-type":"","overlay-color":"","overlay-opacity":"","overlay-gradient":""}},"footnotes":""},"class_list":["post-41125","page","type-page","status-publish","hentry"],"acf":[],"yoast_head":"<!-- This site is optimized with the Yoast SEO plugin v24.2 - https:\/\/yoast.com\/wordpress\/plugins\/seo\/ -->\n<title>Villkor f\u00f6r tj\u00e4nsten - RT<\/title>\n<meta name=\"robots\" content=\"index, follow, max-snippet:-1, max-image-preview:large, max-video-preview:-1\" \/>\n<link rel=\"canonical\" href=\"https:\/\/riit.ee\/sv\/villkor-for-tjansten\/\" \/>\n<meta property=\"og:locale\" content=\"sv_SE\" \/>\n<meta property=\"og:type\" content=\"article\" \/>\n<meta property=\"og:title\" content=\"Villkor f\u00f6r tj\u00e4nsten - RT\" \/>\n<meta property=\"og:description\" content=\"VILLKOR OCH BEST\u00c4MMELSER \u00c4garen till webbutiken riit.ee (nedan kallad webbutiken) \u00e4r O\u00dc Riidaku T\u00f6\u00f6koda med registreringsnummer 10223356, som finns i [&hellip;]\" \/>\n<meta property=\"og:url\" content=\"https:\/\/riit.ee\/sv\/villkor-for-tjansten\/\" \/>\n<meta property=\"og:site_name\" content=\"RT\" \/>\n<meta property=\"article:modified_time\" content=\"2025-03-19T11:25:06+00:00\" \/>\n<meta name=\"twitter:card\" content=\"summary_large_image\" \/>\n<meta name=\"twitter:label1\" content=\"Ber\u00e4knad l\u00e4stid\" \/>\n\t<meta name=\"twitter:data1\" content=\"6 minuter\" \/>\n<script type=\"application\/ld+json\" class=\"yoast-schema-graph\">{\"@context\":\"https:\/\/schema.org\",\"@graph\":[{\"@type\":\"WebPage\",\"@id\":\"https:\/\/riit.ee\/sv\/villkor-for-tjansten\/\",\"url\":\"https:\/\/riit.ee\/sv\/villkor-for-tjansten\/\",\"name\":\"Villkor f\u00f6r tj\u00e4nsten - RT\",\"isPartOf\":{\"@id\":\"https:\/\/riit.ee\/sv\/#website\"},\"datePublished\":\"2025-01-09T07:27:14+00:00\",\"dateModified\":\"2025-03-19T11:25:06+00:00\",\"breadcrumb\":{\"@id\":\"https:\/\/riit.ee\/sv\/villkor-for-tjansten\/#breadcrumb\"},\"inLanguage\":\"sv-SE\",\"potentialAction\":[{\"@type\":\"ReadAction\",\"target\":[\"https:\/\/riit.ee\/sv\/villkor-for-tjansten\/\"]}]},{\"@type\":\"BreadcrumbList\",\"@id\":\"https:\/\/riit.ee\/sv\/villkor-for-tjansten\/#breadcrumb\",\"itemListElement\":[{\"@type\":\"ListItem\",\"position\":1,\"name\":\"Home\",\"item\":\"https:\/\/riit.ee\/sv\/\"},{\"@type\":\"ListItem\",\"position\":2,\"name\":\"Villkor f\u00f6r tj\u00e4nsten\"}]},{\"@type\":\"WebSite\",\"@id\":\"https:\/\/riit.ee\/sv\/#website\",\"url\":\"https:\/\/riit.ee\/sv\/\",\"name\":\"RT\",\"description\":\"\",\"potentialAction\":[{\"@type\":\"SearchAction\",\"target\":{\"@type\":\"EntryPoint\",\"urlTemplate\":\"https:\/\/riit.ee\/sv\/?s={search_term_string}\"},\"query-input\":{\"@type\":\"PropertyValueSpecification\",\"valueRequired\":true,\"valueName\":\"search_term_string\"}}],\"inLanguage\":\"sv-SE\"}]}<\/script>\n<!-- \/ Yoast SEO plugin. -->","yoast_head_json":{"title":"Villkor f\u00f6r tj\u00e4nsten - RT","robots":{"index":"index","follow":"follow","max-snippet":"max-snippet:-1","max-image-preview":"max-image-preview:large","max-video-preview":"max-video-preview:-1"},"canonical":"https:\/\/riit.ee\/sv\/villkor-for-tjansten\/","og_locale":"sv_SE","og_type":"article","og_title":"Villkor f\u00f6r tj\u00e4nsten - RT","og_description":"VILLKOR OCH BEST\u00c4MMELSER \u00c4garen till webbutiken riit.ee (nedan kallad webbutiken) \u00e4r O\u00dc Riidaku T\u00f6\u00f6koda med registreringsnummer 10223356, som finns i [&hellip;]","og_url":"https:\/\/riit.ee\/sv\/villkor-for-tjansten\/","og_site_name":"RT","article_modified_time":"2025-03-19T11:25:06+00:00","twitter_card":"summary_large_image","twitter_misc":{"Ber\u00e4knad l\u00e4stid":"6 minuter"},"schema":{"@context":"https:\/\/schema.org","@graph":[{"@type":"WebPage","@id":"https:\/\/riit.ee\/sv\/villkor-for-tjansten\/","url":"https:\/\/riit.ee\/sv\/villkor-for-tjansten\/","name":"Villkor f\u00f6r tj\u00e4nsten - RT","isPartOf":{"@id":"https:\/\/riit.ee\/sv\/#website"},"datePublished":"2025-01-09T07:27:14+00:00","dateModified":"2025-03-19T11:25:06+00:00","breadcrumb":{"@id":"https:\/\/riit.ee\/sv\/villkor-for-tjansten\/#breadcrumb"},"inLanguage":"sv-SE","potentialAction":[{"@type":"ReadAction","target":["https:\/\/riit.ee\/sv\/villkor-for-tjansten\/"]}]},{"@type":"BreadcrumbList","@id":"https:\/\/riit.ee\/sv\/villkor-for-tjansten\/#breadcrumb","itemListElement":[{"@type":"ListItem","position":1,"name":"Home","item":"https:\/\/riit.ee\/sv\/"},{"@type":"ListItem","position":2,"name":"Villkor f\u00f6r tj\u00e4nsten"}]},{"@type":"WebSite","@id":"https:\/\/riit.ee\/sv\/#website","url":"https:\/\/riit.ee\/sv\/","name":"RT","description":"","potentialAction":[{"@type":"SearchAction","target":{"@type":"EntryPoint","urlTemplate":"https:\/\/riit.ee\/sv\/?s={search_term_string}"},"query-input":{"@type":"PropertyValueSpecification","valueRequired":true,"valueName":"search_term_string"}}],"inLanguage":"sv-SE"}]}},"_links":{"self":[{"href":"https:\/\/riit.ee\/sv\/wp-json\/wp\/v2\/pages\/41125","targetHints":{"allow":["GET"]}}],"collection":[{"href":"https:\/\/riit.ee\/sv\/wp-json\/wp\/v2\/pages"}],"about":[{"href":"https:\/\/riit.ee\/sv\/wp-json\/wp\/v2\/types\/page"}],"author":[{"embeddable":true,"href":"https:\/\/riit.ee\/sv\/wp-json\/wp\/v2\/users\/26"}],"replies":[{"embeddable":true,"href":"https:\/\/riit.ee\/sv\/wp-json\/wp\/v2\/comments?post=41125"}],"version-history":[{"count":1,"href":"https:\/\/riit.ee\/sv\/wp-json\/wp\/v2\/pages\/41125\/revisions"}],"predecessor-version":[{"id":41126,"href":"https:\/\/riit.ee\/sv\/wp-json\/wp\/v2\/pages\/41125\/revisions\/41126"}],"wp:attachment":[{"href":"https:\/\/riit.ee\/sv\/wp-json\/wp\/v2\/media?parent=41125"}],"curies":[{"name":"wp","href":"https:\/\/api.w.org\/{rel}","templated":true}]}}