{"id":13988,"date":"2025-01-29T09:59:27","date_gmt":"2025-01-29T09:59:27","guid":{"rendered":"https:\/\/riit.ee\/?page_id=13988"},"modified":"2025-01-29T10:16:43","modified_gmt":"2025-01-29T10:16:43","slug":"anvandarvillkor","status":"publish","type":"page","link":"https:\/\/riit.ee\/sv\/anvandarvillkor\/","title":{"rendered":"anv\u00e4ndarvillkor"},"content":{"rendered":"\t\t<div data-elementor-type=\"wp-page\" data-elementor-id=\"13988\" class=\"elementor elementor-13988\" data-elementor-post-type=\"page\">\n\t\t\t\t\t\t<section class=\"elementor-section elementor-top-section elementor-element elementor-element-db211fe elementor-section-boxed elementor-section-height-default elementor-section-height-default\" data-id=\"db211fe\" data-element_type=\"section\">\n\t\t\t\t\t\t<div class=\"elementor-container elementor-column-gap-default\">\n\t\t\t\t\t<div class=\"elementor-column elementor-col-100 elementor-top-column elementor-element elementor-element-73454d0\" data-id=\"73454d0\" data-element_type=\"column\">\n\t\t\t<div class=\"elementor-widget-wrap elementor-element-populated\">\n\t\t\t\t\t\t<div class=\"elementor-element elementor-element-3c9afdf elementor-widget elementor-widget-text-editor\" data-id=\"3c9afdf\" data-element_type=\"widget\" data-widget_type=\"text-editor.default\">\n\t\t\t\t<div class=\"elementor-widget-container\">\n\t\t\t\t\t\t\t\t\t <p> \u00c4garen till n\u00e4tbutiken riit.ee (nedan kallad n\u00e4tbutiken) \u00e4r O\u00dc Riidaku T\u00f6\u00f6koda registerkod 10223356,\nbel\u00e4gen i byn Riidaku , Raplamaa , Estland. <\/p>\n<h3>F\u00f6rs\u00e4ljningsavtalsperiod och information om varor och priser<\/h3>\n<p> F\u00f6rs\u00e4ljningsvillkoren g\u00e4ller vid k\u00f6p av varor fr\u00e5n n\u00e4tbutiken. Priserna p\u00e5 de produkter som s\u00e4ljs i\nonlinebutiken anges bredvid produkterna. En avgift f\u00f6r leverans av varorna tillkommer p\u00e5 priset.\nAvgiften f\u00f6r leverans av varorna beror p\u00e5 var k\u00f6paren befinner sig och leveranss\u00e4tt. Leveransavgiften\nvisas f\u00f6r k\u00f6paren n\u00e4r best\u00e4llningen g\u00f6rs. Information om varorna ges i webbutiken bredvid varorna.<\/p>\n<h3>L\u00e4gger en best\u00e4llning<\/h3>\n<p>F\u00f6r att best\u00e4lla varor ska de efterfr\u00e5gade varorna l\u00e4ggas till i kundvagnen. F\u00f6r att slutf\u00f6ra best\u00e4llningen\nska de obligatoriska dataf\u00e4lten fyllas i och ett l\u00e4mpligt leveranss\u00e4tt v\u00e4ljas. Det totala priset visas sedan\np\u00e5 sk\u00e4rmen som kan betalas via en bankl\u00e4nk eller med annan betalningsl\u00f6sning. Avtalet tr\u00e4der i kraft\nefter det att det betalningsber\u00e4ttigade beloppet har krediterats p\u00e5 n\u00e4tbutikens bankkonto. Om det inte\n\u00e4r m\u00f6jligt att leverera de best\u00e4llda varorna p\u00e5 grund av lagerbrist eller annan orsak, meddelas k\u00f6paren\ns\u00e5 snart som m\u00f6jligt och betald kostnad (inklusive leveransavgifter) \u00e5terbetalas vanligtvis inom 1-2\narbetsdagar. Beroende p\u00e5 betalningss\u00e4tt kan \u00e5terbetalningen ta upp till sju arbetsdagar. <\/p>\n<h3>Leverans<\/h3>\n<p> Varor levereras till f\u00f6ljande l\u00e4nder: Estland, Lettland, Litauen, Finland, Sverige och Norge.\nLeveranskostnaden f\u00f6r varorna st\u00e5r k\u00f6paren f\u00f6r och respektive prisinformation visas bredvid\nleveranss\u00e4ttet. I Estland kommer paket normalt att anl\u00e4nda till den plats k\u00f6paren angett inom 3-7\narbetsdagar efter att f\u00f6rs\u00e4ljningsavtalet tr\u00e4der i kraft. Utanf\u00f6r Estland levereras varor vanligtvis inom 14\nkalenderdagar. I undantagsfall kan varorna levereras inom en tidsram p\u00e5 upp till 30 kalenderdagar. Om\nn\u00e4tbutiken har meddelat k\u00f6paren om leveransproblem och en l\u00f6ptid som \u00f6verstiger 30 kalenderdagar\np\u00e5 sin hemsida eller i orderbekr\u00e4ftelsen, g\u00e4ller den av n\u00e4tbutiken angivna fristen.<\/p>\n\n<h3>\u00c5ngerr\u00e4tt <\/h3>\n<p>Efter mottagandet av best\u00e4llningen har k\u00f6paren r\u00e4tt att fr\u00e5ntr\u00e4da avtalet som ing\u00e5tts med n\u00e4tbutiken\ninom 14 dagar [beroende p\u00e5 varan kan k\u00f6paren inte ha r\u00e4tt att \u00e5ngra; relevanta varor och tj\u00e4nster b\u00f6r i\ns\u00e5 fall vara listade och b\u00f6r uppfylla kraven i 53 mom. 4 mom.\n\u00c5ngerr\u00e4tten g\u00e4ller inte om k\u00f6paren \u00e4r en juridisk person.\nF\u00f6r att ut\u00f6va 14 dagars \u00e5ngerr\u00e4tt f\u00e5r k\u00f6paren inte anv\u00e4nda den best\u00e4llda varan p\u00e5 annat s\u00e4tt \u00e4n vad som\n\u00e4r n\u00f6dv\u00e4ndigt f\u00f6r att unders\u00f6ka varans art, egenskaper och funktion p\u00e5 samma s\u00e4tt som k\u00f6paren skulle\nf\u00e5 prova varor i en fysisk butik. Om produkterna har anv\u00e4nts p\u00e5 annat s\u00e4tt \u00e4n vad som \u00e4r n\u00f6dv\u00e4ndigt f\u00f6r\nvarans beskaffenhet, egenskaper eller funktion eller de har slitage, har n\u00e4tbutiken r\u00e4tt att minska det\n\u00e5terbetalningsbara beloppet i enlighet med varornas v\u00e4rdeminskning. .\nF\u00f6r att returnera varan b\u00f6r k\u00f6paren skicka in en \u00e5ngerans\u00f6kan vars blankett kan n\u00e5s riit.ee\n&#39;\u00c5ngerans\u00f6kan&#39; och skicka den via e-post senast 14 dagar efter mottagandet av varan. Kostnaderna f\u00f6r\natt returnera varan st\u00e5r k\u00f6paren f\u00f6r, s\u00e5vida inte anledningen till returen \u00e4r att varan som returneras inte\n\u00f6verensst\u00e4mmer med vad som best\u00e4llts (t.ex. en felaktig eller defekt vara). K\u00f6paren b\u00f6r returnera\nvarorna inom 14 dagar efter att ha l\u00e4mnat in sin ans\u00f6kan om att g\u00f6ra det eller uppvisa bevis p\u00e5 att\n\nvarorna har \u00f6verl\u00e4mnats till transport\u00f6ren inom denna period. Efter att ha mottagit de returnerade\nvarorna \u00e5terbetalar n\u00e4tbutiken k\u00f6paren alla belopp som erh\u00e5llits fr\u00e5n k\u00f6paren p\u00e5 grundval av avtalet\nomedelbart men senast inom 14 dagar efter mottagandet av ans\u00f6kan om \u00e5nger. Webbutiken kan v\u00e4gra\natt behandla \u00e5terbetalningen tills den har tagit emot varan som \u00e4r f\u00f6rem\u00e5l f\u00f6r avtalet eller tills k\u00f6paren\nl\u00e4mnar in bevis p\u00e5 att varan har skickats tillbaka, beroende p\u00e5 vad som intr\u00e4ffar f\u00f6rst. Om k\u00f6paren\nuttryckligen har valt ett annat leveranss\u00e4tt \u00e4n det billigaste normala leveranss\u00e4ttet som erbjuds av\nn\u00e4tbutiken, \u00e4r n\u00e4tbutiken inte skyldig att \u00e5terbetala till konsumenten det belopp som \u00f6verstiger\nkostnaden f\u00f6r normal leverans. N\u00e4tbutiken har r\u00e4tt att fr\u00e5ntr\u00e4da f\u00f6rs\u00e4ljningstransaktionen och beg\u00e4ra\natt varorna returneras av k\u00f6paren om det m\u00e4rkta priset p\u00e5 varorna i n\u00e4tbutiken \u00e4r v\u00e4sentligt l\u00e4gre \u00e4n\nvarans marknadspris p\u00e5 grund av ett fel. <\/p>\n\n<h3> R\u00e4tt att l\u00e4mna in ett klagom\u00e5l<\/h3>\n<p>N\u00e4tbutiken ansvarar f\u00f6r att de varor som s\u00e5lts till k\u00f6paren inte \u00f6verensst\u00e4mmer med villkoren i avtalet\neller f\u00f6r de defekter som fanns vid tidpunkten f\u00f6r leveransen av varan och som visar sig inom upp till tv\u00e5\n\u00e5r fr\u00e5n den leverans av varorna till k\u00f6paren. Inom det f\u00f6rsta \u00e5ret efter att varan levererats till k\u00f6paren\nf\u00f6ruts\u00e4tts att felet f\u00f6rel\u00e5g redan vid leveranstillf\u00e4llet. Det \u00e4r webbutikens ansvar att motbevisa detta.\nVid fel har k\u00f6paren r\u00e4tt att kontakta n\u00e4tbutiken senast inom tv\u00e5 m\u00e5nader genom att skicka ett e-\npostmeddelande till pood@riit.ee eller genom att ringa +37 250 51 380. N\u00e4tbutiken \u00e4r inte ansvarig f\u00f6r\nfel som har uppst\u00e5tt p\u00e5 grund av konsumentens agerande eller passivitet (felaktig anv\u00e4ndning, olycka\netc.) efter att varan levererats eller vid normalt slitage orsakat genom normal anv\u00e4ndning av f\u00f6rem\u00e5let.\nOm varorna som k\u00f6pts i n\u00e4tbutiken har defekter som n\u00e4tbutiken ansvarar f\u00f6r, reparerar eller ers\u00e4tter\nn\u00e4tbutiken den defekta varan. Om varorna inte kan repareras eller ers\u00e4ttas, kommer n\u00e4tbutiken att\n\u00e5terbetala alla avgifter som uppst\u00e5tt enligt f\u00f6rs\u00e4ljningsavtalet till k\u00f6paren. Webbutiken svarar p\u00e5\nkonsumentens reklamation inom 15 dagar skriftligen eller i ett format som kan \u00e5terges skriftligen. <\/p>\n\n<h3>L\u00f6sning av tvister  <\/h3>\n<p>Om en k\u00f6pare har klagom\u00e5l g\u00e4llande n\u00e4tbutiken ska de skicka dem via e-post till pood@riit.ee avtal,\nk\u00f6paren har r\u00e4tt att v\u00e4nda sig till Konsumenttvistn\u00e4mnden. Procedurreglerna kan granskas och en\nans\u00f6kan kan l\u00e4mnas in https:\/\/ttja.ee\/tarbijavaidluste-komisjon\nKonsumenttvistn\u00e4mnden har beh\u00f6righet att l\u00f6sa tvister som uppst\u00e5r p\u00e5 grund av det avtal som ing\u00e5tts\nmellan k\u00f6paren och n\u00e4tbutiken. K\u00f6parens klagom\u00e5l pr\u00f6vas av kommitt\u00e9n utan kostnad. K\u00f6paren kan\nv\u00e4nda sig till EU:s plattform f\u00f6r onlinetvistl\u00f6sning. <\/p>\n\n\n<p> Kommunikationsenhet med hj\u00e4lp av avslutade fr\u00e5n kontraktet och utanf\u00f6r aff\u00e4rslokaler avslutade fr\u00e5n\nkontraktet retr\u00e4tt p\u00e5st\u00e5ende standardformul\u00e4r . Fylla i och \u00e5terv\u00e4nda detta form endast i fall om du vill\nfr\u00e5n kontraktet att dra sig tillbaka :\n\u2014 mottagare G\u00e5ta Workshop O\u00dc, riit.ee, pood@riit.ee;\n\u2014 H\u00e4rmed Jag \/ vi fr\u00e5ntr\u00e4der (*) avtalet , vars f\u00f6rem\u00e5l \u00e4r f\u00f6ljande sak (*) \/ n\u00e4sta tj\u00e4nst (*) \u2014 Best\u00e4llning\nunderkastelse datum (*) \/ \u00e4rende mottagande datum (*)\n\u2014 Konsument namn \/ konsumenter namn\n\u2014 Konsument adress \/ konsumenter adresser\n\u2014 Konsument signatur \/ konsument signaturer ( endast i fall om detta form presenteras p\u00e5 papper )\n\u2014 Datum <\/p>\n\n\n\n\t\t\t\t\t\t\t\t<\/div>\n\t\t\t\t<\/div>\n\t\t\t\t\t<\/div>\n\t\t<\/div>\n\t\t\t\t\t<\/div>\n\t\t<\/section>\n\t\t\t\t<\/div>\n\t\t","protected":false},"excerpt":{"rendered":"<p>\u00c4garen till n\u00e4tbutiken riit.ee (nedan kallad n\u00e4tbutiken) \u00e4r O\u00dc Riidaku T\u00f6\u00f6koda registerkod 10223356, bel\u00e4gen i byn Riidaku , Raplamaa , [&hellip;]<\/p>\n","protected":false},"author":26,"featured_media":0,"parent":0,"menu_order":0,"comment_status":"closed","ping_status":"closed","template":"","meta":{"_acf_changed":false,"_eb_attr":"","_monsterinsights_skip_tracking":false,"_monsterinsights_sitenote_active":false,"_monsterinsights_sitenote_note":"","_monsterinsights_sitenote_category":0,"site-sidebar-layout":"no-sidebar","site-content-layout":"","ast-site-content-layout":"full-width-container","site-content-style":"default","site-sidebar-style":"default","ast-global-header-display":"","ast-banner-title-visibility":"","ast-main-header-display":"","ast-hfb-above-header-display":"","ast-hfb-below-header-display":"","ast-hfb-mobile-header-display":"","site-post-title":"disabled","ast-breadcrumbs-content":"","ast-featured-img":"disabled","footer-sml-layout":"","theme-transparent-header-meta":"default","adv-header-id-meta":"","stick-header-meta":"","header-above-stick-meta":"","header-main-stick-meta":"","header-below-stick-meta":"","astra-migrate-meta-layouts":"set","ast-page-background-enabled":"default","ast-page-background-meta":{"desktop":{"background-color":"var(--ast-global-color-4)","background-image":"","background-repeat":"repeat","background-position":"center center","background-size":"auto","background-attachment":"scroll","background-type":"","background-media":"","overlay-type":"","overlay-color":"","overlay-opacity":"","overlay-gradient":""},"tablet":{"background-color":"","background-image":"","background-repeat":"repeat","background-position":"center center","background-size":"auto","background-attachment":"scroll","background-type":"","background-media":"","overlay-type":"","overlay-color":"","overlay-opacity":"","overlay-gradient":""},"mobile":{"background-color":"","background-image":"","background-repeat":"repeat","background-position":"center center","background-size":"auto","background-attachment":"scroll","background-type":"","background-media":"","overlay-type":"","overlay-color":"","overlay-opacity":"","overlay-gradient":""}},"ast-content-background-meta":{"desktop":{"background-color":"var(--ast-global-color-5)","background-image":"","background-repeat":"repeat","background-position":"center center","background-size":"auto","background-attachment":"scroll","background-type":"","background-media":"","overlay-type":"","overlay-color":"","overlay-opacity":"","overlay-gradient":""},"tablet":{"background-color":"var(--ast-global-color-5)","background-image":"","background-repeat":"repeat","background-position":"center center","background-size":"auto","background-attachment":"scroll","background-type":"","background-media":"","overlay-type":"","overlay-color":"","overlay-opacity":"","overlay-gradient":""},"mobile":{"background-color":"var(--ast-global-color-5)","background-image":"","background-repeat":"repeat","background-position":"center center","background-size":"auto","background-attachment":"scroll","background-type":"","background-media":"","overlay-type":"","overlay-color":"","overlay-opacity":"","overlay-gradient":""}},"footnotes":""},"class_list":["post-13988","page","type-page","status-publish","hentry"],"acf":[],"yoast_head":"<!-- This site is optimized with the Yoast SEO plugin v24.2 - https:\/\/yoast.com\/wordpress\/plugins\/seo\/ -->\n<title>anv\u00e4ndarvillkor - RT<\/title>\n<meta name=\"robots\" content=\"index, follow, max-snippet:-1, max-image-preview:large, max-video-preview:-1\" \/>\n<link rel=\"canonical\" href=\"https:\/\/riit.ee\/sv\/anvandarvillkor\/\" \/>\n<meta property=\"og:locale\" content=\"sv_SE\" \/>\n<meta property=\"og:type\" content=\"article\" \/>\n<meta property=\"og:title\" content=\"anv\u00e4ndarvillkor - RT\" \/>\n<meta property=\"og:description\" content=\"\u00c4garen till n\u00e4tbutiken riit.ee (nedan kallad n\u00e4tbutiken) \u00e4r O\u00dc Riidaku T\u00f6\u00f6koda registerkod 10223356, bel\u00e4gen i byn Riidaku , Raplamaa , [&hellip;]\" \/>\n<meta property=\"og:url\" content=\"https:\/\/riit.ee\/sv\/anvandarvillkor\/\" \/>\n<meta property=\"og:site_name\" content=\"RT\" \/>\n<meta property=\"article:modified_time\" content=\"2025-01-29T10:16:43+00:00\" \/>\n<meta name=\"twitter:card\" content=\"summary_large_image\" \/>\n<meta name=\"twitter:label1\" content=\"Ber\u00e4knad l\u00e4stid\" \/>\n\t<meta name=\"twitter:data1\" content=\"5 minuter\" \/>\n<script type=\"application\/ld+json\" class=\"yoast-schema-graph\">{\"@context\":\"https:\/\/schema.org\",\"@graph\":[{\"@type\":\"WebPage\",\"@id\":\"https:\/\/riit.ee\/sv\/anvandarvillkor\/\",\"url\":\"https:\/\/riit.ee\/sv\/anvandarvillkor\/\",\"name\":\"anv\u00e4ndarvillkor - RT\",\"isPartOf\":{\"@id\":\"https:\/\/riit.ee\/sv\/#website\"},\"datePublished\":\"2025-01-29T09:59:27+00:00\",\"dateModified\":\"2025-01-29T10:16:43+00:00\",\"breadcrumb\":{\"@id\":\"https:\/\/riit.ee\/sv\/anvandarvillkor\/#breadcrumb\"},\"inLanguage\":\"sv-SE\",\"potentialAction\":[{\"@type\":\"ReadAction\",\"target\":[\"https:\/\/riit.ee\/sv\/anvandarvillkor\/\"]}]},{\"@type\":\"BreadcrumbList\",\"@id\":\"https:\/\/riit.ee\/sv\/anvandarvillkor\/#breadcrumb\",\"itemListElement\":[{\"@type\":\"ListItem\",\"position\":1,\"name\":\"Home\",\"item\":\"https:\/\/riit.ee\/sv\/\"},{\"@type\":\"ListItem\",\"position\":2,\"name\":\"anv\u00e4ndarvillkor\"}]},{\"@type\":\"WebSite\",\"@id\":\"https:\/\/riit.ee\/sv\/#website\",\"url\":\"https:\/\/riit.ee\/sv\/\",\"name\":\"RT\",\"description\":\"\",\"potentialAction\":[{\"@type\":\"SearchAction\",\"target\":{\"@type\":\"EntryPoint\",\"urlTemplate\":\"https:\/\/riit.ee\/sv\/?s={search_term_string}\"},\"query-input\":{\"@type\":\"PropertyValueSpecification\",\"valueRequired\":true,\"valueName\":\"search_term_string\"}}],\"inLanguage\":\"sv-SE\"}]}<\/script>\n<!-- \/ Yoast SEO plugin. -->","yoast_head_json":{"title":"anv\u00e4ndarvillkor - RT","robots":{"index":"index","follow":"follow","max-snippet":"max-snippet:-1","max-image-preview":"max-image-preview:large","max-video-preview":"max-video-preview:-1"},"canonical":"https:\/\/riit.ee\/sv\/anvandarvillkor\/","og_locale":"sv_SE","og_type":"article","og_title":"anv\u00e4ndarvillkor - RT","og_description":"\u00c4garen till n\u00e4tbutiken riit.ee (nedan kallad n\u00e4tbutiken) \u00e4r O\u00dc Riidaku T\u00f6\u00f6koda registerkod 10223356, bel\u00e4gen i byn Riidaku , Raplamaa , [&hellip;]","og_url":"https:\/\/riit.ee\/sv\/anvandarvillkor\/","og_site_name":"RT","article_modified_time":"2025-01-29T10:16:43+00:00","twitter_card":"summary_large_image","twitter_misc":{"Ber\u00e4knad l\u00e4stid":"5 minuter"},"schema":{"@context":"https:\/\/schema.org","@graph":[{"@type":"WebPage","@id":"https:\/\/riit.ee\/sv\/anvandarvillkor\/","url":"https:\/\/riit.ee\/sv\/anvandarvillkor\/","name":"anv\u00e4ndarvillkor - RT","isPartOf":{"@id":"https:\/\/riit.ee\/sv\/#website"},"datePublished":"2025-01-29T09:59:27+00:00","dateModified":"2025-01-29T10:16:43+00:00","breadcrumb":{"@id":"https:\/\/riit.ee\/sv\/anvandarvillkor\/#breadcrumb"},"inLanguage":"sv-SE","potentialAction":[{"@type":"ReadAction","target":["https:\/\/riit.ee\/sv\/anvandarvillkor\/"]}]},{"@type":"BreadcrumbList","@id":"https:\/\/riit.ee\/sv\/anvandarvillkor\/#breadcrumb","itemListElement":[{"@type":"ListItem","position":1,"name":"Home","item":"https:\/\/riit.ee\/sv\/"},{"@type":"ListItem","position":2,"name":"anv\u00e4ndarvillkor"}]},{"@type":"WebSite","@id":"https:\/\/riit.ee\/sv\/#website","url":"https:\/\/riit.ee\/sv\/","name":"RT","description":"","potentialAction":[{"@type":"SearchAction","target":{"@type":"EntryPoint","urlTemplate":"https:\/\/riit.ee\/sv\/?s={search_term_string}"},"query-input":{"@type":"PropertyValueSpecification","valueRequired":true,"valueName":"search_term_string"}}],"inLanguage":"sv-SE"}]}},"_links":{"self":[{"href":"https:\/\/riit.ee\/sv\/wp-json\/wp\/v2\/pages\/13988","targetHints":{"allow":["GET"]}}],"collection":[{"href":"https:\/\/riit.ee\/sv\/wp-json\/wp\/v2\/pages"}],"about":[{"href":"https:\/\/riit.ee\/sv\/wp-json\/wp\/v2\/types\/page"}],"author":[{"embeddable":true,"href":"https:\/\/riit.ee\/sv\/wp-json\/wp\/v2\/users\/26"}],"replies":[{"embeddable":true,"href":"https:\/\/riit.ee\/sv\/wp-json\/wp\/v2\/comments?post=13988"}],"version-history":[{"count":4,"href":"https:\/\/riit.ee\/sv\/wp-json\/wp\/v2\/pages\/13988\/revisions"}],"predecessor-version":[{"id":13994,"href":"https:\/\/riit.ee\/sv\/wp-json\/wp\/v2\/pages\/13988\/revisions\/13994"}],"wp:attachment":[{"href":"https:\/\/riit.ee\/sv\/wp-json\/wp\/v2\/media?parent=13988"}],"curies":[{"name":"wp","href":"https:\/\/api.w.org\/{rel}","templated":true}]}}