{"id":13823,"date":"2025-01-09T05:30:12","date_gmt":"2025-01-09T05:30:12","guid":{"rendered":"https:\/\/riit.ee\/om-oss\/"},"modified":"2025-03-20T09:57:59","modified_gmt":"2025-03-20T09:57:59","slug":"om-oss","status":"publish","type":"page","link":"https:\/\/riit.ee\/sv\/om-oss\/","title":{"rendered":"Om oss"},"content":{"rendered":"\t\t<div data-elementor-type=\"wp-page\" data-elementor-id=\"13823\" class=\"elementor elementor-13823 elementor-6467\" data-elementor-post-type=\"page\">\n\t\t\t\t\t\t<section class=\"elementor-section elementor-top-section elementor-element elementor-element-13e6bce elementor-section-boxed elementor-section-height-default elementor-section-height-default\" data-id=\"13e6bce\" data-element_type=\"section\" data-settings=\"{&quot;background_background&quot;:&quot;classic&quot;}\">\n\t\t\t\t\t\t<div class=\"elementor-container elementor-column-gap-default\">\n\t\t\t\t\t<div class=\"elementor-column elementor-col-100 elementor-top-column elementor-element elementor-element-edbc698\" data-id=\"edbc698\" data-element_type=\"column\">\n\t\t\t<div class=\"elementor-widget-wrap elementor-element-populated\">\n\t\t\t\t\t\t<div class=\"elementor-element elementor-element-4f96adf elementor-widget__width-inherit elementor-widget elementor-widget-eael-breadcrumbs\" data-id=\"4f96adf\" data-element_type=\"widget\" data-widget_type=\"eael-breadcrumbs.default\">\n\t\t\t\t<div class=\"elementor-widget-container\">\n\t\t\t\t\t\t\t<div class=\"eael-breadcrumbs\">\n\t\t\t<div class=\"eael-breadcrumbs__content\"><a href=\"https:\/\/riit.ee\/sv\/\">Home<\/a> <span class=\"eael-breadcrumb-separator\">\/<\/span> <span class = \"eael-current\">Sida<\/span>\t\t<\/div>\n\t\t\t\t\t\t<\/div>\n\t\t\t\t<\/div>\n\t\t\t\t\t<\/div>\n\t\t<\/div>\n\t\t\t\t\t<\/div>\n\t\t<\/section>\n\t\t\t\t<section class=\"elementor-section elementor-top-section elementor-element elementor-element-237ec44 elementor-section-boxed elementor-section-height-default elementor-section-height-default\" data-id=\"237ec44\" data-element_type=\"section\">\n\t\t\t\t\t\t<div class=\"elementor-container elementor-column-gap-default\">\n\t\t\t\t\t<div class=\"elementor-column elementor-col-50 elementor-top-column elementor-element elementor-element-4a14f6e\" data-id=\"4a14f6e\" data-element_type=\"column\">\n\t\t\t<div class=\"elementor-widget-wrap elementor-element-populated\">\n\t\t\t\t\t\t<div class=\"elementor-element elementor-element-d88217c elementor-widget elementor-widget-image\" data-id=\"d88217c\" data-element_type=\"widget\" data-widget_type=\"image.default\">\n\t\t\t\t<div class=\"elementor-widget-container\">\n\t\t\t\t\t\t\t\t\t\t\t\t\t\t\t<img fetchpriority=\"high\" decoding=\"async\" width=\"1024\" height=\"682\" src=\"data:image\/gif;base64,R0lGODlhAQABAIAAAAAAAP\/\/\/yH5BAEAAAAALAAAAAABAAEAAAIBRAA7\" data-src=\"https:\/\/riit.ee\/wp-content\/uploads\/2025\/01\/1768-min-1024x682.jpg\" class=\"attachment-large size-large wp-image-6477 lazyload\" alt=\"\" data-srcset=\"https:\/\/riit.ee\/wp-content\/uploads\/2025\/01\/1768-min-1024x682.jpg 1024w, https:\/\/riit.ee\/wp-content\/uploads\/2025\/01\/1768-min-300x200.jpg 300w, https:\/\/riit.ee\/wp-content\/uploads\/2025\/01\/1768-min-768x512.jpg 768w, https:\/\/riit.ee\/wp-content\/uploads\/2025\/01\/1768-min-1536x1024.jpg 1536w, https:\/\/riit.ee\/wp-content\/uploads\/2025\/01\/1768-min-600x400.jpg 600w, https:\/\/riit.ee\/wp-content\/uploads\/2025\/01\/1768-min-64x43.jpg 64w, https:\/\/riit.ee\/wp-content\/uploads\/2025\/01\/1768-min.jpg 2000w\" sizes=\"(max-width: 1024px) 100vw, 1024px\" \/><noscript><img decoding=\"async\" width=\"1024\" height=\"682\" src=\"https:\/\/riit.ee\/wp-content\/uploads\/2025\/01\/1768-min-1024x682.jpg\" class=\"attachment-large size-large wp-image-6477 lazyload\" alt=\"\" srcset=\"https:\/\/riit.ee\/wp-content\/uploads\/2025\/01\/1768-min-1024x682.jpg 1024w, https:\/\/riit.ee\/wp-content\/uploads\/2025\/01\/1768-min-300x200.jpg 300w, https:\/\/riit.ee\/wp-content\/uploads\/2025\/01\/1768-min-768x512.jpg 768w, https:\/\/riit.ee\/wp-content\/uploads\/2025\/01\/1768-min-1536x1024.jpg 1536w, https:\/\/riit.ee\/wp-content\/uploads\/2025\/01\/1768-min-600x400.jpg 600w, https:\/\/riit.ee\/wp-content\/uploads\/2025\/01\/1768-min-64x43.jpg 64w, https:\/\/riit.ee\/wp-content\/uploads\/2025\/01\/1768-min.jpg 2000w\" sizes=\"(max-width: 1024px) 100vw, 1024px\" \/><\/noscript>\t\t\t\t\t\t\t\t\t\t\t\t\t\t\t<\/div>\n\t\t\t\t<\/div>\n\t\t\t\t\t<\/div>\n\t\t<\/div>\n\t\t\t\t<div class=\"elementor-column elementor-col-50 elementor-top-column elementor-element elementor-element-fe1a98e\" data-id=\"fe1a98e\" data-element_type=\"column\">\n\t\t\t<div class=\"elementor-widget-wrap elementor-element-populated\">\n\t\t\t\t\t\t<div class=\"elementor-element elementor-element-50cc5df elementor-invisible elementor-widget elementor-widget-heading\" data-id=\"50cc5df\" data-element_type=\"widget\" data-settings=\"{&quot;_animation&quot;:&quot;fadeInLeft&quot;}\" data-widget_type=\"heading.default\">\n\t\t\t\t<div class=\"elementor-widget-container\">\n\t\t\t\t\t<h2 class=\"elementor-heading-title elementor-size-default\">Om oss<\/h2>\t\t\t\t<\/div>\n\t\t\t\t<\/div>\n\t\t\t\t<div class=\"elementor-element elementor-element-e684a04 elementor-widget elementor-widget-text-editor\" data-id=\"e684a04\" data-element_type=\"widget\" data-widget_type=\"text-editor.default\">\n\t\t\t\t<div class=\"elementor-widget-container\">\n\t\t\t\t\t\t\t\t\t<p>Arbetar inom B2B och B2C sedan decennier med att hitta l\u00f6sningar p\u00e5 industriella flaskhalsar och f\u00f6rb\u00e4ttra produktiviteten.<\/p>\n\t\t\t\t\t\t\t\t<\/div>\n\t\t\t\t<\/div>\n\t\t\t\t\t<\/div>\n\t\t<\/div>\n\t\t\t\t\t<\/div>\n\t\t<\/section>\n\t\t\t\t<section class=\"elementor-section elementor-top-section elementor-element elementor-element-a0db599 elementor-section-boxed elementor-section-height-default elementor-section-height-default\" data-id=\"a0db599\" data-element_type=\"section\" data-settings=\"{&quot;background_background&quot;:&quot;classic&quot;}\">\n\t\t\t\t\t\t<div class=\"elementor-container elementor-column-gap-default\">\n\t\t\t\t\t<div class=\"elementor-column elementor-col-100 elementor-top-column elementor-element elementor-element-9f2f44e\" data-id=\"9f2f44e\" data-element_type=\"column\">\n\t\t\t<div class=\"elementor-widget-wrap elementor-element-populated\">\n\t\t\t\t\t\t<section class=\"elementor-section elementor-inner-section elementor-element elementor-element-01223c5 elementor-section-boxed elementor-section-height-default elementor-section-height-default\" data-id=\"01223c5\" data-element_type=\"section\">\n\t\t\t\t\t\t<div class=\"elementor-container elementor-column-gap-default\">\n\t\t\t\t\t<div class=\"elementor-column elementor-col-33 elementor-inner-column elementor-element elementor-element-ad1d636\" data-id=\"ad1d636\" data-element_type=\"column\">\n\t\t\t<div class=\"elementor-widget-wrap elementor-element-populated\">\n\t\t\t\t\t\t<div class=\"elementor-element elementor-element-61a6dc9 elementor-position-top elementor-widget elementor-widget-image-box\" data-id=\"61a6dc9\" data-element_type=\"widget\" data-settings=\"{&quot;_animation&quot;:&quot;none&quot;}\" data-widget_type=\"image-box.default\">\n\t\t\t\t<div class=\"elementor-widget-container\">\n\t\t\t\t\t<div class=\"elementor-image-box-wrapper\"><figure class=\"elementor-image-box-img\"><img decoding=\"async\" width=\"512\" height=\"512\" src=\"data:image\/gif;base64,R0lGODlhAQABAIAAAAAAAP\/\/\/yH5BAEAAAAALAAAAAABAAEAAAIBRAA7\" data-src=\"https:\/\/riit.ee\/wp-content\/uploads\/2025\/01\/vision_18486880.png\" class=\"attachment-full size-full wp-image-6519 lazyload\" alt=\"\" \/><noscript><img loading=\"lazy\" decoding=\"async\" width=\"512\" height=\"512\" src=\"https:\/\/riit.ee\/wp-content\/uploads\/2025\/01\/vision_18486880.png\" class=\"attachment-full size-full wp-image-6519 lazyload\" alt=\"\" srcset=\"https:\/\/riit.ee\/wp-content\/uploads\/2025\/01\/vision_18486880.png 512w, https:\/\/riit.ee\/wp-content\/uploads\/2025\/01\/vision_18486880-300x300.png 300w, https:\/\/riit.ee\/wp-content\/uploads\/2025\/01\/vision_18486880-150x150.png 150w, https:\/\/riit.ee\/wp-content\/uploads\/2025\/01\/vision_18486880-75x75.png 75w, https:\/\/riit.ee\/wp-content\/uploads\/2025\/01\/vision_18486880-100x100.png 100w, https:\/\/riit.ee\/wp-content\/uploads\/2025\/01\/vision_18486880-64x64.png 64w\" sizes=\"(max-width: 512px) 100vw, 512px\" \/><\/noscript><\/figure><div class=\"elementor-image-box-content\"><h3 class=\"elementor-image-box-title\">VISION<\/h3><p class=\"elementor-image-box-description\">Vi har satt som m\u00e5l att v\u00e4xa till att bli den b\u00e4sta verktygsbutiken i regionen och str\u00e4var efter att ha de b\u00e4sta produkterna f\u00f6r professionella arbetare, industrier, verkst\u00e4der och hantverkare.  <\/p><\/div><\/div>\t\t\t\t<\/div>\n\t\t\t\t<\/div>\n\t\t\t\t\t<\/div>\n\t\t<\/div>\n\t\t\t\t<div class=\"elementor-column elementor-col-33 elementor-inner-column elementor-element elementor-element-71799d7\" data-id=\"71799d7\" data-element_type=\"column\">\n\t\t\t<div class=\"elementor-widget-wrap elementor-element-populated\">\n\t\t\t\t\t\t<div class=\"elementor-element elementor-element-8c0690a elementor-position-top elementor-widget elementor-widget-image-box\" data-id=\"8c0690a\" data-element_type=\"widget\" data-widget_type=\"image-box.default\">\n\t\t\t\t<div class=\"elementor-widget-container\">\n\t\t\t\t\t<div class=\"elementor-image-box-wrapper\"><figure class=\"elementor-image-box-img\"><img loading=\"lazy\" decoding=\"async\" width=\"512\" height=\"512\" src=\"data:image\/gif;base64,R0lGODlhAQABAIAAAAAAAP\/\/\/yH5BAEAAAAALAAAAAABAAEAAAIBRAA7\" data-src=\"https:\/\/riit.ee\/wp-content\/uploads\/2025\/01\/vision_1464393.png\" class=\"attachment-full size-full wp-image-6512 lazyload\" alt=\"\" \/><noscript><img loading=\"lazy\" decoding=\"async\" width=\"512\" height=\"512\" src=\"https:\/\/riit.ee\/wp-content\/uploads\/2025\/01\/vision_1464393.png\" class=\"attachment-full size-full wp-image-6512 lazyload\" alt=\"\" srcset=\"https:\/\/riit.ee\/wp-content\/uploads\/2025\/01\/vision_1464393.png 512w, https:\/\/riit.ee\/wp-content\/uploads\/2025\/01\/vision_1464393-300x300.png 300w, https:\/\/riit.ee\/wp-content\/uploads\/2025\/01\/vision_1464393-150x150.png 150w, https:\/\/riit.ee\/wp-content\/uploads\/2025\/01\/vision_1464393-75x75.png 75w, https:\/\/riit.ee\/wp-content\/uploads\/2025\/01\/vision_1464393-100x100.png 100w, https:\/\/riit.ee\/wp-content\/uploads\/2025\/01\/vision_1464393-64x64.png 64w\" sizes=\"(max-width: 512px) 100vw, 512px\" \/><\/noscript><\/figure><div class=\"elementor-image-box-content\"><h3 class=\"elementor-image-box-title\">UPPDRAG<\/h3><\/div><\/div>\t\t\t\t<\/div>\n\t\t\t\t<\/div>\n\t\t\t\t\t<\/div>\n\t\t<\/div>\n\t\t\t\t<div class=\"elementor-column elementor-col-33 elementor-inner-column elementor-element elementor-element-0b152e3\" data-id=\"0b152e3\" data-element_type=\"column\">\n\t\t\t<div class=\"elementor-widget-wrap elementor-element-populated\">\n\t\t\t\t\t\t<div class=\"elementor-element elementor-element-6eabe3f elementor-position-top elementor-widget elementor-widget-image-box\" data-id=\"6eabe3f\" data-element_type=\"widget\" data-widget_type=\"image-box.default\">\n\t\t\t\t<div class=\"elementor-widget-container\">\n\t\t\t\t\t<div class=\"elementor-image-box-wrapper\"><figure class=\"elementor-image-box-img\"><img loading=\"lazy\" decoding=\"async\" width=\"512\" height=\"512\" src=\"data:image\/gif;base64,R0lGODlhAQABAIAAAAAAAP\/\/\/yH5BAEAAAAALAAAAAABAAEAAAIBRAA7\" data-src=\"https:\/\/riit.ee\/wp-content\/uploads\/2025\/01\/value-proposal_9792936-1.jpg\" class=\"attachment-full size-full wp-image-6543 lazyload\" alt=\"\" \/><noscript><img loading=\"lazy\" decoding=\"async\" width=\"512\" height=\"512\" src=\"https:\/\/riit.ee\/wp-content\/uploads\/2025\/01\/value-proposal_9792936-1.jpg\" class=\"attachment-full size-full wp-image-6543 lazyload\" alt=\"\" srcset=\"https:\/\/riit.ee\/wp-content\/uploads\/2025\/01\/value-proposal_9792936-1.jpg 512w, https:\/\/riit.ee\/wp-content\/uploads\/2025\/01\/value-proposal_9792936-1-300x300.jpg 300w, https:\/\/riit.ee\/wp-content\/uploads\/2025\/01\/value-proposal_9792936-1-150x150.jpg 150w, https:\/\/riit.ee\/wp-content\/uploads\/2025\/01\/value-proposal_9792936-1-75x75.jpg 75w, https:\/\/riit.ee\/wp-content\/uploads\/2025\/01\/value-proposal_9792936-1-100x100.jpg 100w, https:\/\/riit.ee\/wp-content\/uploads\/2025\/01\/value-proposal_9792936-1-64x64.jpg 64w\" sizes=\"(max-width: 512px) 100vw, 512px\" \/><\/noscript><\/figure><div class=\"elementor-image-box-content\"><h3 class=\"elementor-image-box-title\">V\u00c4RDEN<\/h3><\/div><\/div>\t\t\t\t<\/div>\n\t\t\t\t<\/div>\n\t\t\t\t\t<\/div>\n\t\t<\/div>\n\t\t\t\t\t<\/div>\n\t\t<\/section>\n\t\t\t\t\t<\/div>\n\t\t<\/div>\n\t\t\t\t\t<\/div>\n\t\t<\/section>\n\t\t\t\t<\/div>\n\t\t","protected":false},"excerpt":{"rendered":"<p>Home \/ Page Om oss Arbetar inom B2B och B2C sedan decennier med att hitta l\u00f6sningar p\u00e5 industriella flaskhalsar och [&hellip;]<\/p>\n","protected":false},"author":26,"featured_media":0,"parent":0,"menu_order":0,"comment_status":"closed","ping_status":"closed","template":"","meta":{"_acf_changed":false,"_eb_attr":"","_monsterinsights_skip_tracking":false,"_monsterinsights_sitenote_active":false,"_monsterinsights_sitenote_note":"","_monsterinsights_sitenote_category":0,"site-sidebar-layout":"no-sidebar","site-content-layout":"","ast-site-content-layout":"full-width-container","site-content-style":"default","site-sidebar-style":"default","ast-global-header-display":"","ast-banner-title-visibility":"","ast-main-header-display":"","ast-hfb-above-header-display":"","ast-hfb-below-header-display":"","ast-hfb-mobile-header-display":"","site-post-title":"disabled","ast-breadcrumbs-content":"","ast-featured-img":"disabled","footer-sml-layout":"","theme-transparent-header-meta":"default","adv-header-id-meta":"","stick-header-meta":"","header-above-stick-meta":"","header-main-stick-meta":"","header-below-stick-meta":"","astra-migrate-meta-layouts":"default","ast-page-background-enabled":"default","ast-page-background-meta":{"desktop":{"background-color":"var(--ast-global-color-4)","background-image":"","background-repeat":"repeat","background-position":"center center","background-size":"auto","background-attachment":"scroll","background-type":"","background-media":"","overlay-type":"","overlay-color":"","overlay-opacity":"","overlay-gradient":""},"tablet":{"background-color":"","background-image":"","background-repeat":"repeat","background-position":"center center","background-size":"auto","background-attachment":"scroll","background-type":"","background-media":"","overlay-type":"","overlay-color":"","overlay-opacity":"","overlay-gradient":""},"mobile":{"background-color":"","background-image":"","background-repeat":"repeat","background-position":"center center","background-size":"auto","background-attachment":"scroll","background-type":"","background-media":"","overlay-type":"","overlay-color":"","overlay-opacity":"","overlay-gradient":""}},"ast-content-background-meta":{"desktop":{"background-color":"var(--ast-global-color-5)","background-image":"","background-repeat":"repeat","background-position":"center center","background-size":"auto","background-attachment":"scroll","background-type":"","background-media":"","overlay-type":"","overlay-color":"","overlay-opacity":"","overlay-gradient":""},"tablet":{"background-color":"var(--ast-global-color-5)","background-image":"","background-repeat":"repeat","background-position":"center center","background-size":"auto","background-attachment":"scroll","background-type":"","background-media":"","overlay-type":"","overlay-color":"","overlay-opacity":"","overlay-gradient":""},"mobile":{"background-color":"var(--ast-global-color-5)","background-image":"","background-repeat":"repeat","background-position":"center center","background-size":"auto","background-attachment":"scroll","background-type":"","background-media":"","overlay-type":"","overlay-color":"","overlay-opacity":"","overlay-gradient":""}},"footnotes":""},"class_list":["post-13823","page","type-page","status-publish","hentry"],"acf":[],"yoast_head":"<!-- This site is optimized with the Yoast SEO plugin v24.2 - https:\/\/yoast.com\/wordpress\/plugins\/seo\/ -->\n<title>Om oss - RT<\/title>\n<meta name=\"robots\" content=\"index, follow, max-snippet:-1, max-image-preview:large, max-video-preview:-1\" \/>\n<link rel=\"canonical\" href=\"https:\/\/riit.ee\/sv\/om-oss\/\" \/>\n<meta property=\"og:locale\" content=\"sv_SE\" \/>\n<meta property=\"og:type\" content=\"article\" \/>\n<meta property=\"og:title\" content=\"Om oss - RT\" \/>\n<meta property=\"og:description\" content=\"Home \/ Page Om oss Arbetar inom B2B och B2C sedan decennier med att hitta l\u00f6sningar p\u00e5 industriella flaskhalsar och [&hellip;]\" \/>\n<meta property=\"og:url\" content=\"https:\/\/riit.ee\/sv\/om-oss\/\" \/>\n<meta property=\"og:site_name\" content=\"RT\" \/>\n<meta property=\"article:modified_time\" content=\"2025-03-20T09:57:59+00:00\" \/>\n<meta property=\"og:image\" content=\"https:\/\/riit.ee\/wp-content\/uploads\/2025\/01\/1768-min.jpg\" \/>\n\t<meta property=\"og:image:width\" content=\"2000\" \/>\n\t<meta property=\"og:image:height\" content=\"1333\" \/>\n\t<meta property=\"og:image:type\" content=\"image\/jpeg\" \/>\n<meta name=\"twitter:card\" content=\"summary_large_image\" \/>\n<meta name=\"twitter:label1\" content=\"Ber\u00e4knad l\u00e4stid\" \/>\n\t<meta name=\"twitter:data1\" content=\"2 minuter\" \/>\n<script type=\"application\/ld+json\" class=\"yoast-schema-graph\">{\"@context\":\"https:\/\/schema.org\",\"@graph\":[{\"@type\":\"WebPage\",\"@id\":\"https:\/\/riit.ee\/sv\/om-oss\/\",\"url\":\"https:\/\/riit.ee\/sv\/om-oss\/\",\"name\":\"Om oss - RT\",\"isPartOf\":{\"@id\":\"https:\/\/riit.ee\/sv\/#website\"},\"primaryImageOfPage\":{\"@id\":\"https:\/\/riit.ee\/sv\/om-oss\/#primaryimage\"},\"image\":{\"@id\":\"https:\/\/riit.ee\/sv\/om-oss\/#primaryimage\"},\"thumbnailUrl\":\"https:\/\/riit.ee\/wp-content\/uploads\/2025\/01\/1768-min-1024x682.jpg\",\"datePublished\":\"2025-01-09T05:30:12+00:00\",\"dateModified\":\"2025-03-20T09:57:59+00:00\",\"breadcrumb\":{\"@id\":\"https:\/\/riit.ee\/sv\/om-oss\/#breadcrumb\"},\"inLanguage\":\"sv-SE\",\"potentialAction\":[{\"@type\":\"ReadAction\",\"target\":[\"https:\/\/riit.ee\/sv\/om-oss\/\"]}]},{\"@type\":\"ImageObject\",\"inLanguage\":\"sv-SE\",\"@id\":\"https:\/\/riit.ee\/sv\/om-oss\/#primaryimage\",\"url\":\"https:\/\/riit.ee\/wp-content\/uploads\/2025\/01\/1768-min-1024x682.jpg\",\"contentUrl\":\"https:\/\/riit.ee\/wp-content\/uploads\/2025\/01\/1768-min-1024x682.jpg\"},{\"@type\":\"BreadcrumbList\",\"@id\":\"https:\/\/riit.ee\/sv\/om-oss\/#breadcrumb\",\"itemListElement\":[{\"@type\":\"ListItem\",\"position\":1,\"name\":\"Home\",\"item\":\"https:\/\/riit.ee\/sv\/\"},{\"@type\":\"ListItem\",\"position\":2,\"name\":\"Om oss\"}]},{\"@type\":\"WebSite\",\"@id\":\"https:\/\/riit.ee\/sv\/#website\",\"url\":\"https:\/\/riit.ee\/sv\/\",\"name\":\"RT\",\"description\":\"\",\"potentialAction\":[{\"@type\":\"SearchAction\",\"target\":{\"@type\":\"EntryPoint\",\"urlTemplate\":\"https:\/\/riit.ee\/sv\/?s={search_term_string}\"},\"query-input\":{\"@type\":\"PropertyValueSpecification\",\"valueRequired\":true,\"valueName\":\"search_term_string\"}}],\"inLanguage\":\"sv-SE\"}]}<\/script>\n<!-- \/ Yoast SEO plugin. -->","yoast_head_json":{"title":"Om oss - RT","robots":{"index":"index","follow":"follow","max-snippet":"max-snippet:-1","max-image-preview":"max-image-preview:large","max-video-preview":"max-video-preview:-1"},"canonical":"https:\/\/riit.ee\/sv\/om-oss\/","og_locale":"sv_SE","og_type":"article","og_title":"Om oss - RT","og_description":"Home \/ Page Om oss Arbetar inom B2B och B2C sedan decennier med att hitta l\u00f6sningar p\u00e5 industriella flaskhalsar och [&hellip;]","og_url":"https:\/\/riit.ee\/sv\/om-oss\/","og_site_name":"RT","article_modified_time":"2025-03-20T09:57:59+00:00","og_image":[{"width":2000,"height":1333,"url":"https:\/\/riit.ee\/wp-content\/uploads\/2025\/01\/1768-min.jpg","type":"image\/jpeg"}],"twitter_card":"summary_large_image","twitter_misc":{"Ber\u00e4knad l\u00e4stid":"2 minuter"},"schema":{"@context":"https:\/\/schema.org","@graph":[{"@type":"WebPage","@id":"https:\/\/riit.ee\/sv\/om-oss\/","url":"https:\/\/riit.ee\/sv\/om-oss\/","name":"Om oss - RT","isPartOf":{"@id":"https:\/\/riit.ee\/sv\/#website"},"primaryImageOfPage":{"@id":"https:\/\/riit.ee\/sv\/om-oss\/#primaryimage"},"image":{"@id":"https:\/\/riit.ee\/sv\/om-oss\/#primaryimage"},"thumbnailUrl":"https:\/\/riit.ee\/wp-content\/uploads\/2025\/01\/1768-min-1024x682.jpg","datePublished":"2025-01-09T05:30:12+00:00","dateModified":"2025-03-20T09:57:59+00:00","breadcrumb":{"@id":"https:\/\/riit.ee\/sv\/om-oss\/#breadcrumb"},"inLanguage":"sv-SE","potentialAction":[{"@type":"ReadAction","target":["https:\/\/riit.ee\/sv\/om-oss\/"]}]},{"@type":"ImageObject","inLanguage":"sv-SE","@id":"https:\/\/riit.ee\/sv\/om-oss\/#primaryimage","url":"https:\/\/riit.ee\/wp-content\/uploads\/2025\/01\/1768-min-1024x682.jpg","contentUrl":"https:\/\/riit.ee\/wp-content\/uploads\/2025\/01\/1768-min-1024x682.jpg"},{"@type":"BreadcrumbList","@id":"https:\/\/riit.ee\/sv\/om-oss\/#breadcrumb","itemListElement":[{"@type":"ListItem","position":1,"name":"Home","item":"https:\/\/riit.ee\/sv\/"},{"@type":"ListItem","position":2,"name":"Om oss"}]},{"@type":"WebSite","@id":"https:\/\/riit.ee\/sv\/#website","url":"https:\/\/riit.ee\/sv\/","name":"RT","description":"","potentialAction":[{"@type":"SearchAction","target":{"@type":"EntryPoint","urlTemplate":"https:\/\/riit.ee\/sv\/?s={search_term_string}"},"query-input":{"@type":"PropertyValueSpecification","valueRequired":true,"valueName":"search_term_string"}}],"inLanguage":"sv-SE"}]}},"_links":{"self":[{"href":"https:\/\/riit.ee\/sv\/wp-json\/wp\/v2\/pages\/13823","targetHints":{"allow":["GET"]}}],"collection":[{"href":"https:\/\/riit.ee\/sv\/wp-json\/wp\/v2\/pages"}],"about":[{"href":"https:\/\/riit.ee\/sv\/wp-json\/wp\/v2\/types\/page"}],"author":[{"embeddable":true,"href":"https:\/\/riit.ee\/sv\/wp-json\/wp\/v2\/users\/26"}],"replies":[{"embeddable":true,"href":"https:\/\/riit.ee\/sv\/wp-json\/wp\/v2\/comments?post=13823"}],"version-history":[{"count":6,"href":"https:\/\/riit.ee\/sv\/wp-json\/wp\/v2\/pages\/13823\/revisions"}],"predecessor-version":[{"id":44762,"href":"https:\/\/riit.ee\/sv\/wp-json\/wp\/v2\/pages\/13823\/revisions\/44762"}],"wp:attachment":[{"href":"https:\/\/riit.ee\/sv\/wp-json\/wp\/v2\/media?parent=13823"}],"curies":[{"name":"wp","href":"https:\/\/api.w.org\/{rel}","templated":true}]}}