{"id":41127,"date":"2025-01-09T07:27:14","date_gmt":"2025-01-09T07:27:14","guid":{"rendered":"https:\/\/riit.ee\/tjenestevilkar\/"},"modified":"2025-03-19T11:25:06","modified_gmt":"2025-03-19T11:25:06","slug":"tjenestevilkar","status":"publish","type":"page","link":"https:\/\/riit.ee\/no\/tjenestevilkar\/","title":{"rendered":"tjenestevilk\u00e5r"},"content":{"rendered":"\t\t<div data-elementor-type=\"wp-page\" data-elementor-id=\"41127\" class=\"elementor elementor-41127 elementor-6608\" data-elementor-post-type=\"page\">\n\t\t\t\t\t\t<section class=\"elementor-section elementor-top-section elementor-element elementor-element-79fa1d1 elementor-section-boxed elementor-section-height-default elementor-section-height-default\" data-id=\"79fa1d1\" data-element_type=\"section\">\n\t\t\t\t\t\t<div class=\"elementor-container elementor-column-gap-default\">\n\t\t\t\t\t<div class=\"elementor-column elementor-col-100 elementor-top-column elementor-element elementor-element-5933cb6\" data-id=\"5933cb6\" data-element_type=\"column\">\n\t\t\t<div class=\"elementor-widget-wrap elementor-element-populated\">\n\t\t\t\t\t\t<div class=\"elementor-element elementor-element-8c650f7 elementor-widget elementor-widget-heading\" data-id=\"8c650f7\" data-element_type=\"widget\" data-widget_type=\"heading.default\">\n\t\t\t\t<div class=\"elementor-widget-container\">\n\t\t\t\t\t<h2 class=\"elementor-heading-title elementor-size-default\">VILK\u00c5R OG BETINGELSER<\/h2>\t\t\t\t<\/div>\n\t\t\t\t<\/div>\n\t\t\t\t<div class=\"elementor-element elementor-element-994a7a0 elementor-widget elementor-widget-text-editor\" data-id=\"994a7a0\" data-element_type=\"widget\" data-widget_type=\"text-editor.default\">\n\t\t\t\t<div class=\"elementor-widget-container\">\n\t\t\t\t\t\t\t\t\t<p>Eieren av nettbutikken riit.ee (heretter kalt nettbutikken) er O\u00dc Riidaku T\u00f6\u00f6koda med registreringsnummer 10223356, som ligger i landsbyen Riidaku, Raplamaa, Estland.<\/p>\n<p><strong>Avtalevilk\u00e5r og informasjon om varer og priser  <\/strong><\/p>\n<p>Salgsbetingelsene gjelder for kj\u00f8p av varer fra nettbutikken. Prisene p\u00e5 produktene som selges i nettbutikken, er angitt ved siden av produktene. Et gebyr for levering av varene legges til prisen. Gebyret for levering av varene avhenger av hvor kj\u00f8peren befinner seg og leveringsm\u00e5ten. Leveringsgebyret vises for kj\u00f8peren n\u00e5r bestillingen legges inn. Informasjon om varene finnes i nettbutikken ved siden av varene.     <\/p>\n<p><strong>Legge inn en bestilling  <\/strong><\/p>\n<p>For \u00e5 bestille varer legger du de \u00f8nskede varene i handlekurven. For \u00e5 fullf\u00f8re bestillingen m\u00e5 du fylle ut de n\u00f8dvendige datafeltene og velge en passende leveringsm\u00e5te. Deretter vises totalprisen p\u00e5 skjermen, som kan betales via en banklink eller ved hjelp av en annen betalingsl\u00f8sning. Kontrakten trer i kraft etter at bel\u00f8pet som skal betales er kreditert nettbutikkens bankkonto. Hvis det ikke er mulig \u00e5 levere de bestilte varene p\u00e5 grunn av manglende lagerbeholdning eller annen \u00e5rsak, vil kj\u00f8peren bli varslet s\u00e5 snart som mulig, og den betalte kostnaden (inkludert leveringsgebyr) vil bli refundert vanligvis innen 1-2 virkedager. Avhengig av betalingsm\u00e5te kan tilbakebetalingen ta opptil syv virkedager.     <\/p>\n<p><strong>Levering  <\/strong><\/p>\n<p>Varer leveres til f\u00f8lgende land: Estland, Latvia, Litauen, Finland, Sverige og Norge. Leveringskostnadene for varene b\u00e6res av kj\u00f8peren, og den respektive prisinformasjonen vises ved siden av leveringsmetoden. I Estland vil pakkene normalt ankomme det stedet kj\u00f8peren har angitt innen 3-7 virkedager etter at kj\u00f8pekontrakten har tr\u00e5dt i kraft. Utenfor Estland leveres varene vanligvis innen 14 kalenderdager. I unntakstilfeller kan varene leveres innen en tidsramme p\u00e5 opptil 30 kalenderdager. Hvis nettbutikken har informert kj\u00f8peren om leveringsproblemer og en frist som overstiger 30 kalenderdager p\u00e5 nettsiden eller i ordrebekreftelsen, gjelder den fristen som nettbutikken har oppgitt.     <\/p>\n<p><strong>Angrerett  <\/strong><\/p>\n<p>Etter \u00e5 ha mottatt bestillingen har kj\u00f8peren rett til \u00e5 trekke seg fra avtalen som er inng\u00e5tt med nettbutikken innen 14 dager [avhengig av varene kan det hende at kj\u00f8peren ikke har rett til \u00e5 trekke seg; de aktuelle varene og tjenestene skal i s\u00e5 fall v\u00e6re oppf\u00f8rt og skal oppfylle kravene som er fastsatt i paragraf 53 (4) i Obligasjonsloven].<\/p>\n<p>Angreretten gjelder ikke hvis kj\u00f8peren er en juridisk person.<\/p>\n<p>For \u00e5 ut\u00f8ve angreretten p\u00e5 14 dager m\u00e5 kj\u00f8peren ikke bruke de bestilte varene p\u00e5 noen annen m\u00e5te enn det som er n\u00f8dvendig for \u00e5 unders\u00f8ke varenes art, egenskaper og funksjon p\u00e5 samme m\u00e5te som kj\u00f8peren ville f\u00e5tt lov til \u00e5 teste varene i en fysisk butikk. Hvis varene har blitt brukt p\u00e5 en annen m\u00e5te enn det som er n\u00f8dvendig for \u00e5 unders\u00f8ke varens art, egenskaper eller funksjon, eller hvis de har slitasjemerker, har nettbutikken rett til \u00e5 redusere det refunderbare bel\u00f8pet i samsvar med varens verdireduksjon. <\/p>\n<p>For \u00e5 returnere varene skal kj\u00f8peren sende inn en angrerettss\u00f8knad, hvis skjema er tilgjengelig p\u00e5 riit.ee &laquo;Angrerettss\u00f8knad&raquo;, og sende den via e-post senest 14 dager etter mottak av varene. Kostnadene for retur av varene b\u00e6res av kj\u00f8peren, med mindre \u00e5rsaken til retur er at varen som returneres ikke samsvarer med det som ble bestilt (f.eks. en feil eller defekt vare). Kj\u00f8peren skal returnere varene innen 14 dager etter at han\/hun har sendt inn returbegj\u00e6ringen, eller fremlegge bevis p\u00e5 at varene er overlevert til transport\u00f8ren innen denne perioden. Etter \u00e5 ha mottatt de returnerte varene, refunderer nettbutikken kj\u00f8peren eventuelle bel\u00f8p som er mottatt fra kj\u00f8peren p\u00e5 grunnlag av avtalen umiddelbart, men senest innen 14 dager etter mottak av angrerettsbegj\u00e6ringen. Nettbutikken kan nekte \u00e5 behandle tilbakebetalingen inntil den mottar varen som er gjenstand for avtalen, eller inntil kj\u00f8peren fremlegger bevis for at varen er sendt tilbake, avhengig av hva som inntreffer f\u00f8rst. Hvis kj\u00f8peren uttrykkelig har valgt en annen leveringsm\u00e5te enn den rimeligste normale leveringsm\u00e5ten som tilbys av nettbutikken, er ikke nettbutikken forpliktet til \u00e5 tilbakebetale forbrukeren det bel\u00f8pet som overstiger kostnaden for normal levering. Nettbutikken har rett til \u00e5 trekke seg fra salgstransaksjonen og be om at varene returneres av kj\u00f8peren hvis den merkede prisen p\u00e5 varene i nettbutikken er betydelig lavere enn markedsprisen p\u00e5 varene p\u00e5 grunn av en feil.      <\/p>\n<p><strong>Rett til \u00e5 sende inn en klage  <\/strong><\/p>\n<p>Nettbutikken er ansvarlig for at varene som selges til kj\u00f8peren ikke er i samsvar med kontraktsvilk\u00e5rene eller for mangler som forel\u00e5 p\u00e5 tidspunktet for levering av varen og som viser seg innen to \u00e5r etter at varen ble levert til kj\u00f8peren. Innenfor det f\u00f8rste \u00e5ret etter at varen ble levert til kj\u00f8peren, forutsettes det at mangelen forel\u00e5 allerede p\u00e5 leveringstidspunktet. Det er nettbutikkens ansvar \u00e5 motbevise dette. Ved en eventuell mangel har kj\u00f8peren rett til \u00e5 kontakte nettbutikken senest innen to m\u00e5neder ved \u00e5 sende en e-post til pood@riit.ee eller ved \u00e5 ringe +37 250 51 380. Nettbutikken er ikke ansvarlig for mangler som har oppst\u00e5tt p\u00e5 grunn av forbrukerens handling eller passivitet (feil bruk, uhell osv.) etter at varen ble levert eller ved normal slitasje som f\u00f8lge av normal bruk av varen. Hvis varene som er kj\u00f8pt i nettbutikken har mangler som nettbutikken er ansvarlig for, vil nettbutikken reparere eller erstatte de defekte varene. Hvis varen ikke kan repareres eller byttes ut, refunderer nettbutikken alle avgifter som er p\u00e5l\u00f8pt i henhold til kj\u00f8psavtalen til kj\u00f8peren. Nettbutikken svarer p\u00e5 forbrukerens reklamasjon innen 15 dager skriftlig eller i et format som kan gjengis skriftlig.       <\/p>\n<p><strong>L\u00f8sning av tvister<\/strong><\/p>\n<p>Hvis en kj\u00f8per har klager ang\u00e5ende nettbutikken, b\u00f8r de sende dem via e-post til pood@riit.ee avtale, har kj\u00f8peren rett til \u00e5 henvende seg til Forbrukertvistutvalget. Prosedyrereglene kan unders\u00f8kes og en s\u00f8knad kan innleveres <a href=\"https:\/\/ttja.ee\/tarbijavaidluste-komisjon\">https:\/\/ttja.ee\/tarbijavaidluste-komisjon<\/a> <\/p>\n<p>Forbrukertvistutvalget har fullmakt til \u00e5 l\u00f8se tvister som oppst\u00e5r i forbindelse med avtalen som er inng\u00e5tt mellom kj\u00f8peren og nettbutikken. Kj\u00f8perens klager behandles kostnadsfritt av utvalget. Kj\u00f8peren kan henvende seg til EUs plattform for online tvistel\u00f8sning.  <\/p>\n<p>Kommunikasjonsenhet ved hjelp av inng\u00e5tt fra kontrakten og utenfor forretningslokaler<br \/>inng\u00e5tt fra kontrakten retrett erkl\u00e6ring standardskjema . Fyll ut og returner dette skjemaet bare i tilfelle hvis<br \/>du \u00f8nsker fra kontrakten \u00e5 trekke seg:<br \/>&#8211; mottaker Riddle Workshop O\u00dc, riit.ee, pood@riit.ee;<br \/>&#8211; Herved trekker jeg \/ vi tilbake (*) fra kontrakten, hvis gjenstand er f\u00f8lgende ting (*) \/ neste<br \/>tjeneste (*) &#8211; Bestillingsinnleveringsdato (*) \/ saksmottaksdato (*)<br \/>&#8211; Forbrukernavn \/ forbrukernavn<br \/>&#8211; Forbrukeradresse \/ forbrukeradresser<br \/>&#8211; Forbrukersignatur \/ forbrukersignaturer (bare i tilfelle hvis dette skjemaet presenteres p\u00e5 papir)<br \/>&#8211; Dato <\/p>\n\t\t\t\t\t\t\t\t<\/div>\n\t\t\t\t<\/div>\n\t\t\t\t\t<\/div>\n\t\t<\/div>\n\t\t\t\t\t<\/div>\n\t\t<\/section>\n\t\t\t\t<\/div>\n\t\t","protected":false},"excerpt":{"rendered":"<p>VILK\u00c5R OG BETINGELSER Eieren av nettbutikken riit.ee (heretter kalt nettbutikken) er O\u00dc Riidaku T\u00f6\u00f6koda med registreringsnummer 10223356, som ligger i [&hellip;]<\/p>\n","protected":false},"author":26,"featured_media":0,"parent":0,"menu_order":0,"comment_status":"closed","ping_status":"closed","template":"","meta":{"_acf_changed":false,"_eb_attr":"","_monsterinsights_skip_tracking":false,"_monsterinsights_sitenote_active":false,"_monsterinsights_sitenote_note":"","_monsterinsights_sitenote_category":0,"site-sidebar-layout":"no-sidebar","site-content-layout":"","ast-site-content-layout":"full-width-container","site-content-style":"default","site-sidebar-style":"default","ast-global-header-display":"","ast-banner-title-visibility":"","ast-main-header-display":"","ast-hfb-above-header-display":"","ast-hfb-below-header-display":"","ast-hfb-mobile-header-display":"","site-post-title":"disabled","ast-breadcrumbs-content":"","ast-featured-img":"disabled","footer-sml-layout":"","theme-transparent-header-meta":"default","adv-header-id-meta":"","stick-header-meta":"","header-above-stick-meta":"","header-main-stick-meta":"","header-below-stick-meta":"","astra-migrate-meta-layouts":"default","ast-page-background-enabled":"default","ast-page-background-meta":{"desktop":{"background-color":"var(--ast-global-color-4)","background-image":"","background-repeat":"repeat","background-position":"center center","background-size":"auto","background-attachment":"scroll","background-type":"","background-media":"","overlay-type":"","overlay-color":"","overlay-opacity":"","overlay-gradient":""},"tablet":{"background-color":"","background-image":"","background-repeat":"repeat","background-position":"center center","background-size":"auto","background-attachment":"scroll","background-type":"","background-media":"","overlay-type":"","overlay-color":"","overlay-opacity":"","overlay-gradient":""},"mobile":{"background-color":"","background-image":"","background-repeat":"repeat","background-position":"center center","background-size":"auto","background-attachment":"scroll","background-type":"","background-media":"","overlay-type":"","overlay-color":"","overlay-opacity":"","overlay-gradient":""}},"ast-content-background-meta":{"desktop":{"background-color":"var(--ast-global-color-5)","background-image":"","background-repeat":"repeat","background-position":"center center","background-size":"auto","background-attachment":"scroll","background-type":"","background-media":"","overlay-type":"","overlay-color":"","overlay-opacity":"","overlay-gradient":""},"tablet":{"background-color":"var(--ast-global-color-5)","background-image":"","background-repeat":"repeat","background-position":"center center","background-size":"auto","background-attachment":"scroll","background-type":"","background-media":"","overlay-type":"","overlay-color":"","overlay-opacity":"","overlay-gradient":""},"mobile":{"background-color":"var(--ast-global-color-5)","background-image":"","background-repeat":"repeat","background-position":"center center","background-size":"auto","background-attachment":"scroll","background-type":"","background-media":"","overlay-type":"","overlay-color":"","overlay-opacity":"","overlay-gradient":""}},"footnotes":""},"class_list":["post-41127","page","type-page","status-publish","hentry"],"acf":[],"yoast_head":"<!-- This site is optimized with the Yoast SEO plugin v24.2 - https:\/\/yoast.com\/wordpress\/plugins\/seo\/ -->\n<title>tjenestevilk\u00e5r - RT<\/title>\n<meta name=\"robots\" content=\"index, follow, max-snippet:-1, max-image-preview:large, max-video-preview:-1\" \/>\n<link rel=\"canonical\" href=\"https:\/\/riit.ee\/no\/tjenestevilkar\/\" \/>\n<meta property=\"og:locale\" content=\"nb_NO\" \/>\n<meta property=\"og:type\" content=\"article\" \/>\n<meta property=\"og:title\" content=\"tjenestevilk\u00e5r - RT\" \/>\n<meta property=\"og:description\" content=\"VILK\u00c5R OG BETINGELSER Eieren av nettbutikken riit.ee (heretter kalt nettbutikken) er O\u00dc Riidaku T\u00f6\u00f6koda med registreringsnummer 10223356, som ligger i [&hellip;]\" \/>\n<meta property=\"og:url\" content=\"https:\/\/riit.ee\/no\/tjenestevilkar\/\" \/>\n<meta property=\"og:site_name\" content=\"RT\" \/>\n<meta property=\"article:modified_time\" content=\"2025-03-19T11:25:06+00:00\" \/>\n<meta name=\"twitter:card\" content=\"summary_large_image\" \/>\n<meta name=\"twitter:label1\" content=\"Ansl. lesetid\" \/>\n\t<meta name=\"twitter:data1\" content=\"5 minutter\" \/>\n<script type=\"application\/ld+json\" class=\"yoast-schema-graph\">{\"@context\":\"https:\/\/schema.org\",\"@graph\":[{\"@type\":\"WebPage\",\"@id\":\"https:\/\/riit.ee\/no\/tjenestevilkar\/\",\"url\":\"https:\/\/riit.ee\/no\/tjenestevilkar\/\",\"name\":\"tjenestevilk\u00e5r - RT\",\"isPartOf\":{\"@id\":\"https:\/\/riit.ee\/no\/#website\"},\"datePublished\":\"2025-01-09T07:27:14+00:00\",\"dateModified\":\"2025-03-19T11:25:06+00:00\",\"breadcrumb\":{\"@id\":\"https:\/\/riit.ee\/no\/tjenestevilkar\/#breadcrumb\"},\"inLanguage\":\"nb-NO\",\"potentialAction\":[{\"@type\":\"ReadAction\",\"target\":[\"https:\/\/riit.ee\/no\/tjenestevilkar\/\"]}]},{\"@type\":\"BreadcrumbList\",\"@id\":\"https:\/\/riit.ee\/no\/tjenestevilkar\/#breadcrumb\",\"itemListElement\":[{\"@type\":\"ListItem\",\"position\":1,\"name\":\"Home\",\"item\":\"https:\/\/riit.ee\/no\/\"},{\"@type\":\"ListItem\",\"position\":2,\"name\":\"tjenestevilk\u00e5r\"}]},{\"@type\":\"WebSite\",\"@id\":\"https:\/\/riit.ee\/no\/#website\",\"url\":\"https:\/\/riit.ee\/no\/\",\"name\":\"RT\",\"description\":\"\",\"potentialAction\":[{\"@type\":\"SearchAction\",\"target\":{\"@type\":\"EntryPoint\",\"urlTemplate\":\"https:\/\/riit.ee\/no\/?s={search_term_string}\"},\"query-input\":{\"@type\":\"PropertyValueSpecification\",\"valueRequired\":true,\"valueName\":\"search_term_string\"}}],\"inLanguage\":\"nb-NO\"}]}<\/script>\n<!-- \/ Yoast SEO plugin. -->","yoast_head_json":{"title":"tjenestevilk\u00e5r - RT","robots":{"index":"index","follow":"follow","max-snippet":"max-snippet:-1","max-image-preview":"max-image-preview:large","max-video-preview":"max-video-preview:-1"},"canonical":"https:\/\/riit.ee\/no\/tjenestevilkar\/","og_locale":"nb_NO","og_type":"article","og_title":"tjenestevilk\u00e5r - RT","og_description":"VILK\u00c5R OG BETINGELSER Eieren av nettbutikken riit.ee (heretter kalt nettbutikken) er O\u00dc Riidaku T\u00f6\u00f6koda med registreringsnummer 10223356, som ligger i [&hellip;]","og_url":"https:\/\/riit.ee\/no\/tjenestevilkar\/","og_site_name":"RT","article_modified_time":"2025-03-19T11:25:06+00:00","twitter_card":"summary_large_image","twitter_misc":{"Ansl. lesetid":"5 minutter"},"schema":{"@context":"https:\/\/schema.org","@graph":[{"@type":"WebPage","@id":"https:\/\/riit.ee\/no\/tjenestevilkar\/","url":"https:\/\/riit.ee\/no\/tjenestevilkar\/","name":"tjenestevilk\u00e5r - RT","isPartOf":{"@id":"https:\/\/riit.ee\/no\/#website"},"datePublished":"2025-01-09T07:27:14+00:00","dateModified":"2025-03-19T11:25:06+00:00","breadcrumb":{"@id":"https:\/\/riit.ee\/no\/tjenestevilkar\/#breadcrumb"},"inLanguage":"nb-NO","potentialAction":[{"@type":"ReadAction","target":["https:\/\/riit.ee\/no\/tjenestevilkar\/"]}]},{"@type":"BreadcrumbList","@id":"https:\/\/riit.ee\/no\/tjenestevilkar\/#breadcrumb","itemListElement":[{"@type":"ListItem","position":1,"name":"Home","item":"https:\/\/riit.ee\/no\/"},{"@type":"ListItem","position":2,"name":"tjenestevilk\u00e5r"}]},{"@type":"WebSite","@id":"https:\/\/riit.ee\/no\/#website","url":"https:\/\/riit.ee\/no\/","name":"RT","description":"","potentialAction":[{"@type":"SearchAction","target":{"@type":"EntryPoint","urlTemplate":"https:\/\/riit.ee\/no\/?s={search_term_string}"},"query-input":{"@type":"PropertyValueSpecification","valueRequired":true,"valueName":"search_term_string"}}],"inLanguage":"nb-NO"}]}},"_links":{"self":[{"href":"https:\/\/riit.ee\/no\/wp-json\/wp\/v2\/pages\/41127","targetHints":{"allow":["GET"]}}],"collection":[{"href":"https:\/\/riit.ee\/no\/wp-json\/wp\/v2\/pages"}],"about":[{"href":"https:\/\/riit.ee\/no\/wp-json\/wp\/v2\/types\/page"}],"author":[{"embeddable":true,"href":"https:\/\/riit.ee\/no\/wp-json\/wp\/v2\/users\/26"}],"replies":[{"embeddable":true,"href":"https:\/\/riit.ee\/no\/wp-json\/wp\/v2\/comments?post=41127"}],"version-history":[{"count":1,"href":"https:\/\/riit.ee\/no\/wp-json\/wp\/v2\/pages\/41127\/revisions"}],"predecessor-version":[{"id":41128,"href":"https:\/\/riit.ee\/no\/wp-json\/wp\/v2\/pages\/41127\/revisions\/41128"}],"wp:attachment":[{"href":"https:\/\/riit.ee\/no\/wp-json\/wp\/v2\/media?parent=41127"}],"curies":[{"name":"wp","href":"https:\/\/api.w.org\/{rel}","templated":true}]}}