{"id":41999,"date":"2025-03-17T07:51:26","date_gmt":"2025-03-17T07:51:26","guid":{"rendered":"https:\/\/riit.ee\/product\/daudzfunkcionala-usb-uzladejams-led-apgaismojums\/"},"modified":"2025-03-17T07:51:26","modified_gmt":"2025-03-17T07:51:26","slug":"daudzfunkcionala-usb-uzladejams-led-apgaismojums","status":"publish","type":"product","link":"https:\/\/riit.ee\/lv\/product\/daudzfunkcionala-usb-uzladejams-led-apgaismojums\/","title":{"rendered":"Daudzfunkcion\u0101la USB uzl\u0101d\u0113jams LED apgaismojums"},"content":{"rendered":"","protected":false},"excerpt":{"rendered":"<p>Ar priek\u0161\u0113jo luktur\u012bti ar da\u017e\u0101d\u0101m spilgtuma pak\u0101p\u0113m, s\u0101nu balt\u0101s un sarkan\u0101s gaismas diod\u0113m ar mirgojo\u0161u funkciju. USB uzl\u0101des kabelis un transformators. Uzl\u0101des un uzl\u0101des statusa gaismas diodes. To var uzl\u0101d\u0113t tie\u0161i no datora.   <\/p>\n","protected":false},"featured_media":7698,"comment_status":"open","ping_status":"closed","template":"","meta":{"_acf_changed":false,"_eb_attr":"","_monsterinsights_skip_tracking":false,"_monsterinsights_sitenote_active":false,"_monsterinsights_sitenote_note":"","_monsterinsights_sitenote_category":0,"site-sidebar-layout":"default","site-content-layout":"","ast-site-content-layout":"default","site-content-style":"default","site-sidebar-style":"default","ast-global-header-display":"","ast-banner-title-visibility":"","ast-main-header-display":"","ast-hfb-above-header-display":"","ast-hfb-below-header-display":"","ast-hfb-mobile-header-display":"","site-post-title":"","ast-breadcrumbs-content":"","ast-featured-img":"","footer-sml-layout":"","theme-transparent-header-meta":"default","adv-header-id-meta":"","stick-header-meta":"","header-above-stick-meta":"","header-main-stick-meta":"","header-below-stick-meta":"","astra-migrate-meta-layouts":"default","ast-page-background-enabled":"default","ast-page-background-meta":{"desktop":{"background-color":"var(--ast-global-color-4)","background-image":"","background-repeat":"repeat","background-position":"center center","background-size":"auto","background-attachment":"scroll","background-type":"","background-media":"","overlay-type":"","overlay-color":"","overlay-opacity":"","overlay-gradient":""},"tablet":{"background-color":"","background-image":"","background-repeat":"repeat","background-position":"center center","background-size":"auto","background-attachment":"scroll","background-type":"","background-media":"","overlay-type":"","overlay-color":"","overlay-opacity":"","overlay-gradient":""},"mobile":{"background-color":"","background-image":"","background-repeat":"repeat","background-position":"center center","background-size":"auto","background-attachment":"scroll","background-type":"","background-media":"","overlay-type":"","overlay-color":"","overlay-opacity":"","overlay-gradient":""}},"ast-content-background-meta":{"desktop":{"background-color":"var(--ast-global-color-5)","background-image":"","background-repeat":"repeat","background-position":"center center","background-size":"auto","background-attachment":"scroll","background-type":"","background-media":"","overlay-type":"","overlay-color":"","overlay-opacity":"","overlay-gradient":""},"tablet":{"background-color":"var(--ast-global-color-5)","background-image":"","background-repeat":"repeat","background-position":"center center","background-size":"auto","background-attachment":"scroll","background-type":"","background-media":"","overlay-type":"","overlay-color":"","overlay-opacity":"","overlay-gradient":""},"mobile":{"background-color":"var(--ast-global-color-5)","background-image":"","background-repeat":"repeat","background-position":"center center","background-size":"auto","background-attachment":"scroll","background-type":"","background-media":"","overlay-type":"","overlay-color":"","overlay-opacity":"","overlay-gradient":""}}},"product_brand":[],"product_cat":[645,644],"product_tag":[],"class_list":{"0":"post-41999","1":"product","2":"type-product","3":"status-publish","4":"has-post-thumbnail","6":"product_cat-apgaismojums-un-objektivi","7":"product_cat-silditaji","8":"desktop-align-left","9":"tablet-align-left","10":"mobile-align-left","12":"first","13":"instock","14":"taxable","15":"shipping-taxable","16":"purchasable","17":"product-type-simple"},"acf":[],"yoast_head":"<!-- This site is optimized with the Yoast SEO plugin v24.2 - https:\/\/yoast.com\/wordpress\/plugins\/seo\/ -->\n<title>Daudzfunkcion\u0101la USB uzl\u0101d\u0113jams LED apgaismojums - RT<\/title>\n<meta name=\"robots\" content=\"index, follow, max-snippet:-1, max-image-preview:large, max-video-preview:-1\" \/>\n<link rel=\"canonical\" href=\"https:\/\/riit.ee\/lv\/product\/daudzfunkcionala-usb-uzladejams-led-apgaismojums\/\" \/>\n<meta property=\"og:locale\" content=\"lv_LV\" \/>\n<meta property=\"og:type\" content=\"article\" \/>\n<meta property=\"og:title\" content=\"Daudzfunkcion\u0101la USB uzl\u0101d\u0113jams LED apgaismojums - RT\" \/>\n<meta property=\"og:description\" content=\"Ar priek\u0161\u0113jo luktur\u012bti ar da\u017e\u0101d\u0101m spilgtuma pak\u0101p\u0113m, s\u0101nu balt\u0101s un sarkan\u0101s gaismas diod\u0113m ar mirgojo\u0161u funkciju. USB uzl\u0101des kabelis un transformators. Uzl\u0101des un uzl\u0101des statusa gaismas diodes. To var uzl\u0101d\u0113t tie\u0161i no datora.\" \/>\n<meta property=\"og:url\" content=\"https:\/\/riit.ee\/lv\/product\/daudzfunkcionala-usb-uzladejams-led-apgaismojums\/\" \/>\n<meta property=\"og:site_name\" content=\"RT\" \/>\n<meta property=\"og:image\" content=\"https:\/\/riit.ee\/wp-content\/uploads\/2025\/01\/0123.jpg\" \/>\n\t<meta property=\"og:image:width\" content=\"800\" \/>\n\t<meta property=\"og:image:height\" content=\"800\" \/>\n\t<meta property=\"og:image:type\" content=\"image\/jpeg\" \/>\n<meta name=\"twitter:card\" content=\"summary_large_image\" \/>\n<script type=\"application\/ld+json\" class=\"yoast-schema-graph\">{\"@context\":\"https:\/\/schema.org\",\"@graph\":[{\"@type\":\"WebPage\",\"@id\":\"https:\/\/riit.ee\/lv\/product\/daudzfunkcionala-usb-uzladejams-led-apgaismojums\/\",\"url\":\"https:\/\/riit.ee\/lv\/product\/daudzfunkcionala-usb-uzladejams-led-apgaismojums\/\",\"name\":\"Daudzfunkcion\u0101la USB uzl\u0101d\u0113jams LED apgaismojums - RT\",\"isPartOf\":{\"@id\":\"https:\/\/riit.ee\/lv\/#website\"},\"primaryImageOfPage\":{\"@id\":\"https:\/\/riit.ee\/lv\/product\/daudzfunkcionala-usb-uzladejams-led-apgaismojums\/#primaryimage\"},\"image\":{\"@id\":\"https:\/\/riit.ee\/lv\/product\/daudzfunkcionala-usb-uzladejams-led-apgaismojums\/#primaryimage\"},\"thumbnailUrl\":\"https:\/\/riit.ee\/wp-content\/uploads\/2025\/01\/0123.jpg\",\"datePublished\":\"2025-03-17T07:51:26+00:00\",\"dateModified\":\"2025-03-17T07:51:26+00:00\",\"breadcrumb\":{\"@id\":\"https:\/\/riit.ee\/lv\/product\/daudzfunkcionala-usb-uzladejams-led-apgaismojums\/#breadcrumb\"},\"inLanguage\":\"lv-LV\",\"potentialAction\":[{\"@type\":\"ReadAction\",\"target\":[\"https:\/\/riit.ee\/lv\/product\/daudzfunkcionala-usb-uzladejams-led-apgaismojums\/\"]}]},{\"@type\":\"ImageObject\",\"inLanguage\":\"lv-LV\",\"@id\":\"https:\/\/riit.ee\/lv\/product\/daudzfunkcionala-usb-uzladejams-led-apgaismojums\/#primaryimage\",\"url\":\"https:\/\/riit.ee\/wp-content\/uploads\/2025\/01\/0123.jpg\",\"contentUrl\":\"https:\/\/riit.ee\/wp-content\/uploads\/2025\/01\/0123.jpg\",\"width\":800,\"height\":800},{\"@type\":\"BreadcrumbList\",\"@id\":\"https:\/\/riit.ee\/lv\/product\/daudzfunkcionala-usb-uzladejams-led-apgaismojums\/#breadcrumb\",\"itemListElement\":[{\"@type\":\"ListItem\",\"position\":1,\"name\":\"Home\",\"item\":\"https:\/\/riit.ee\/lv\/\"},{\"@type\":\"ListItem\",\"position\":2,\"name\":\"Shop\",\"item\":\"https:\/\/riit.ee\/lv\/shop\/\"},{\"@type\":\"ListItem\",\"position\":3,\"name\":\"Daudzfunkcion\u0101la USB uzl\u0101d\u0113jams LED apgaismojums\"}]},{\"@type\":\"WebSite\",\"@id\":\"https:\/\/riit.ee\/lv\/#website\",\"url\":\"https:\/\/riit.ee\/lv\/\",\"name\":\"RT\",\"description\":\"\",\"potentialAction\":[{\"@type\":\"SearchAction\",\"target\":{\"@type\":\"EntryPoint\",\"urlTemplate\":\"https:\/\/riit.ee\/lv\/?s={search_term_string}\"},\"query-input\":{\"@type\":\"PropertyValueSpecification\",\"valueRequired\":true,\"valueName\":\"search_term_string\"}}],\"inLanguage\":\"lv-LV\"}]}<\/script>\n<!-- \/ Yoast SEO plugin. -->","yoast_head_json":{"title":"Daudzfunkcion\u0101la USB uzl\u0101d\u0113jams LED apgaismojums - RT","robots":{"index":"index","follow":"follow","max-snippet":"max-snippet:-1","max-image-preview":"max-image-preview:large","max-video-preview":"max-video-preview:-1"},"canonical":"https:\/\/riit.ee\/lv\/product\/daudzfunkcionala-usb-uzladejams-led-apgaismojums\/","og_locale":"lv_LV","og_type":"article","og_title":"Daudzfunkcion\u0101la USB uzl\u0101d\u0113jams LED apgaismojums - RT","og_description":"Ar priek\u0161\u0113jo luktur\u012bti ar da\u017e\u0101d\u0101m spilgtuma pak\u0101p\u0113m, s\u0101nu balt\u0101s un sarkan\u0101s gaismas diod\u0113m ar mirgojo\u0161u funkciju. USB uzl\u0101des kabelis un transformators. Uzl\u0101des un uzl\u0101des statusa gaismas diodes. To var uzl\u0101d\u0113t tie\u0161i no datora.","og_url":"https:\/\/riit.ee\/lv\/product\/daudzfunkcionala-usb-uzladejams-led-apgaismojums\/","og_site_name":"RT","og_image":[{"width":800,"height":800,"url":"https:\/\/riit.ee\/wp-content\/uploads\/2025\/01\/0123.jpg","type":"image\/jpeg"}],"twitter_card":"summary_large_image","schema":{"@context":"https:\/\/schema.org","@graph":[{"@type":"WebPage","@id":"https:\/\/riit.ee\/lv\/product\/daudzfunkcionala-usb-uzladejams-led-apgaismojums\/","url":"https:\/\/riit.ee\/lv\/product\/daudzfunkcionala-usb-uzladejams-led-apgaismojums\/","name":"Daudzfunkcion\u0101la USB uzl\u0101d\u0113jams LED apgaismojums - RT","isPartOf":{"@id":"https:\/\/riit.ee\/lv\/#website"},"primaryImageOfPage":{"@id":"https:\/\/riit.ee\/lv\/product\/daudzfunkcionala-usb-uzladejams-led-apgaismojums\/#primaryimage"},"image":{"@id":"https:\/\/riit.ee\/lv\/product\/daudzfunkcionala-usb-uzladejams-led-apgaismojums\/#primaryimage"},"thumbnailUrl":"https:\/\/riit.ee\/wp-content\/uploads\/2025\/01\/0123.jpg","datePublished":"2025-03-17T07:51:26+00:00","dateModified":"2025-03-17T07:51:26+00:00","breadcrumb":{"@id":"https:\/\/riit.ee\/lv\/product\/daudzfunkcionala-usb-uzladejams-led-apgaismojums\/#breadcrumb"},"inLanguage":"lv-LV","potentialAction":[{"@type":"ReadAction","target":["https:\/\/riit.ee\/lv\/product\/daudzfunkcionala-usb-uzladejams-led-apgaismojums\/"]}]},{"@type":"ImageObject","inLanguage":"lv-LV","@id":"https:\/\/riit.ee\/lv\/product\/daudzfunkcionala-usb-uzladejams-led-apgaismojums\/#primaryimage","url":"https:\/\/riit.ee\/wp-content\/uploads\/2025\/01\/0123.jpg","contentUrl":"https:\/\/riit.ee\/wp-content\/uploads\/2025\/01\/0123.jpg","width":800,"height":800},{"@type":"BreadcrumbList","@id":"https:\/\/riit.ee\/lv\/product\/daudzfunkcionala-usb-uzladejams-led-apgaismojums\/#breadcrumb","itemListElement":[{"@type":"ListItem","position":1,"name":"Home","item":"https:\/\/riit.ee\/lv\/"},{"@type":"ListItem","position":2,"name":"Shop","item":"https:\/\/riit.ee\/lv\/shop\/"},{"@type":"ListItem","position":3,"name":"Daudzfunkcion\u0101la USB uzl\u0101d\u0113jams LED apgaismojums"}]},{"@type":"WebSite","@id":"https:\/\/riit.ee\/lv\/#website","url":"https:\/\/riit.ee\/lv\/","name":"RT","description":"","potentialAction":[{"@type":"SearchAction","target":{"@type":"EntryPoint","urlTemplate":"https:\/\/riit.ee\/lv\/?s={search_term_string}"},"query-input":{"@type":"PropertyValueSpecification","valueRequired":true,"valueName":"search_term_string"}}],"inLanguage":"lv-LV"}]}},"_links":{"self":[{"href":"https:\/\/riit.ee\/lv\/wp-json\/wp\/v2\/product\/41999","targetHints":{"allow":["GET"]}}],"collection":[{"href":"https:\/\/riit.ee\/lv\/wp-json\/wp\/v2\/product"}],"about":[{"href":"https:\/\/riit.ee\/lv\/wp-json\/wp\/v2\/types\/product"}],"replies":[{"embeddable":true,"href":"https:\/\/riit.ee\/lv\/wp-json\/wp\/v2\/comments?post=41999"}],"wp:featuredmedia":[{"embeddable":true,"href":"https:\/\/riit.ee\/lv\/wp-json\/wp\/v2\/media\/7698"}],"wp:attachment":[{"href":"https:\/\/riit.ee\/lv\/wp-json\/wp\/v2\/media?parent=41999"}],"wp:term":[{"taxonomy":"product_brand","embeddable":true,"href":"https:\/\/riit.ee\/lv\/wp-json\/wp\/v2\/product_brand?post=41999"},{"taxonomy":"product_cat","embeddable":true,"href":"https:\/\/riit.ee\/lv\/wp-json\/wp\/v2\/product_cat?post=41999"},{"taxonomy":"product_tag","embeddable":true,"href":"https:\/\/riit.ee\/lv\/wp-json\/wp\/v2\/product_tag?post=41999"}],"curies":[{"name":"wp","href":"https:\/\/api.w.org\/{rel}","templated":true}]}}