{"id":41131,"date":"2025-01-09T07:27:14","date_gmt":"2025-01-09T07:27:14","guid":{"rendered":"https:\/\/riit.ee\/pakalpojumu-sniegsanas-noteikumi-2\/"},"modified":"2025-03-19T11:25:06","modified_gmt":"2025-03-19T11:25:06","slug":"pakalpojumu-sniegsanas-noteikumi-2","status":"publish","type":"page","link":"https:\/\/riit.ee\/lv\/pakalpojumu-sniegsanas-noteikumi-2\/","title":{"rendered":"pakalpojumu snieg\u0161anas noteikumi"},"content":{"rendered":"\t\t<div data-elementor-type=\"wp-page\" data-elementor-id=\"41131\" class=\"elementor elementor-41131 elementor-6608\" data-elementor-post-type=\"page\">\n\t\t\t\t\t\t<section class=\"elementor-section elementor-top-section elementor-element elementor-element-79fa1d1 elementor-section-boxed elementor-section-height-default elementor-section-height-default\" data-id=\"79fa1d1\" data-element_type=\"section\">\n\t\t\t\t\t\t<div class=\"elementor-container elementor-column-gap-default\">\n\t\t\t\t\t<div class=\"elementor-column elementor-col-100 elementor-top-column elementor-element elementor-element-5933cb6\" data-id=\"5933cb6\" data-element_type=\"column\">\n\t\t\t<div class=\"elementor-widget-wrap elementor-element-populated\">\n\t\t\t\t\t\t<div class=\"elementor-element elementor-element-8c650f7 elementor-widget elementor-widget-heading\" data-id=\"8c650f7\" data-element_type=\"widget\" data-widget_type=\"heading.default\">\n\t\t\t\t<div class=\"elementor-widget-container\">\n\t\t\t\t\t<h2 class=\"elementor-heading-title elementor-size-default\">NOTEIKUMI UN NOSAC\u012aJUMI<\/h2>\t\t\t\t<\/div>\n\t\t\t\t<\/div>\n\t\t\t\t<div class=\"elementor-element elementor-element-994a7a0 elementor-widget elementor-widget-text-editor\" data-id=\"994a7a0\" data-element_type=\"widget\" data-widget_type=\"text-editor.default\">\n\t\t\t\t<div class=\"elementor-widget-container\">\n\t\t\t\t\t\t\t\t\t<p>Interneta veikala riit.ee (turpm\u0101k tekst\u0101 &#8211; interneta veikals) \u012bpa\u0161nieks ir O\u00dc Riidaku T\u00f6\u00f6koda, re\u0123istr\u0101cijas kods 10223356, kas atrodas Riidaku ciem\u0101, Raplamaa, Igaunij\u0101.<\/p>\n<p><strong>P\u0101rdo\u0161anas l\u012bguma termi\u0146\u0161 un inform\u0101cija par prec\u0113m un cen\u0101m  <\/strong><\/p>\n<p>P\u0101rdo\u0161anas noteikumi attiecas uz pre\u010du ieg\u0101di tie\u0161saistes veikal\u0101. Interneta veikal\u0101 p\u0101rdoto produktu cenas ir nor\u0101d\u012btas pie produktiem. Cenai tiek pieskait\u012bta maksa par pre\u010du pieg\u0101di. Maksa par pre\u010du pieg\u0101di ir atkar\u012bga no pirc\u0113ja atra\u0161an\u0101s vietas un pieg\u0101des veida. Pieg\u0101des maksa tiek nor\u0101d\u012bta pirc\u0113jam, kad tiek veikts pas\u016bt\u012bjums. Inform\u0101cija par prec\u0113m ir sniegta interneta veikal\u0101 pie prec\u0113m.     <\/p>\n<p><strong>Pas\u016bt\u012bjuma iesnieg\u0161ana  <\/strong><\/p>\n<p>Lai pas\u016bt\u012btu preces, piepras\u012bt\u0101s preces j\u0101pievieno iepirkumu grozam. Lai pas\u016bt\u012bjumu pabeigtu, j\u0101aizpilda nepiecie\u0161amie datu lauki un j\u0101izv\u0113las piem\u0113rots pieg\u0101des veids. P\u0113c tam ekr\u0101n\u0101 tiek par\u0101d\u012bta kop\u0113j\u0101 cena, kuru var apmaks\u0101t, izmantojot bankas saiti vai citu maks\u0101jumu risin\u0101jumu. L\u012bgums st\u0101jas sp\u0113k\u0101 p\u0113c tam, kad apmaks\u0101jam\u0101 summa ir ieskait\u012bta interneta veikala bankas kont\u0101. Ja pas\u016bt\u012bt\u0101s preces nav iesp\u0113jams pieg\u0101d\u0101t kr\u0101jumu tr\u016bkuma vai cita iemesla d\u0113\u013c, pirc\u0113js par to tiek inform\u0113ts p\u0113c iesp\u0113jas \u0101tr\u0101k, un samaks\u0101t\u0101 summa (ieskaitot pieg\u0101des maksu) parasti tiek atmaks\u0101ta 1-2 darba dienu laik\u0101. Atkar\u012bb\u0101 no apmaksas veida atmaksa var ilgt l\u012bdz septi\u0146\u0101m darba dien\u0101m.     <\/p>\n<p><strong>Pieg\u0101de  <\/strong><\/p>\n<p>Preces tiek pieg\u0101d\u0101tas uz \u0161\u0101d\u0101m valst\u012bm: Igaunija, Latvija, Lietuva, Somija, Zviedrija un Norv\u0113\u0123ija. Pre\u010du pieg\u0101des izmaksas sedz pirc\u0113js, un attiec\u012bg\u0101 inform\u0101cija par cenu ir nor\u0101d\u012bta pie pieg\u0101des veida. Igaunij\u0101 pakas parasti ierodas pirc\u0113ja nor\u0101d\u012btaj\u0101 viet\u0101 3-7 darba dienu laik\u0101 p\u0113c p\u0101rdo\u0161anas l\u012bguma st\u0101\u0161an\u0101s sp\u0113k\u0101. \u0100rpus Igaunijas preces parasti pieg\u0101d\u0101 14 kalend\u0101ro dienu laik\u0101. Iz\u0146\u0113muma gad\u012bjumos preces var tikt pieg\u0101d\u0101tas l\u012bdz 30 kalend\u0101raj\u0101m dien\u0101m. Ja interneta veikals sav\u0101 t\u012bmek\u013ca vietn\u0113 vai pas\u016bt\u012bjuma apstiprin\u0101jum\u0101 ir inform\u0113jis pirc\u0113ju par pieg\u0101des jaut\u0101jumiem un termi\u0146u, kas p\u0101rsniedz 30 kalend\u0101ro dienu termi\u0146u, tiek piem\u0113rots interneta veikala nor\u0101d\u012btais termi\u0146\u0161.     <\/p>\n<p><strong>Atteikuma ties\u012bbas  <\/strong><\/p>\n<p>P\u0113c pas\u016bt\u012bjuma sa\u0146em\u0161anas pirc\u0113jam ir ties\u012bbas atteikties no l\u012bguma, kas nosl\u0113gts ar interneta veikalu, 14 dienu laik\u0101 [atkar\u012bb\u0101 no preces pirc\u0113jam var neb\u016bt ties\u012bbu atteikties no l\u012bguma; t\u0101d\u0101 gad\u012bjum\u0101 attiec\u012bgaj\u0101m prec\u0113m un pakalpojumiem j\u0101b\u016bt uzskait\u012btiem un j\u0101atbilst Saist\u012bbu ties\u012bbu likuma 53. panta 4. punkt\u0101 noteiktaj\u0101m pras\u012bb\u0101m].<\/p>\n<p>Atteikuma ties\u012bbas nav sp\u0113k\u0101, ja pirc\u0113js ir juridiska persona.<\/p>\n<p>Lai izmantotu 14 dienu atteikuma ties\u012bbas, pirc\u0113js nedr\u012bkst izmantot pas\u016bt\u012bt\u0101s preces nek\u0101d\u0101 cit\u0101 veid\u0101, iz\u0146emot to, kas nepiecie\u0161ams, lai p\u0101rbaud\u012btu pre\u010du raksturu, \u012bpa\u0161\u012bbas un darb\u012bbu t\u0101d\u0101 pa\u0161\u0101 veid\u0101, k\u0101d\u0101 pirc\u0113jam b\u016btu at\u013cauts p\u0101rbaud\u012bt preces fizisk\u0101 veikal\u0101. Ja preces ir lietotas cit\u0101di, nek\u0101 tas ir nepiecie\u0161ams, lai p\u0101rbaud\u012btu pre\u010du raksturu, \u012bpa\u0161\u012bbas vai funkcionalit\u0101ti, vai uz t\u0101m ir nodiluma p\u0113das, interneta veikalam ir ties\u012bbas samazin\u0101t atmaks\u0101jamo summu atbilsto\u0161i pre\u010du v\u0113rt\u012bbas samazin\u0101jumam. <\/p>\n<p>Lai atgrieztu preci, pirc\u0113jam j\u0101iesniedz atteikuma pieteikums, kura veidlapu var atrast riit.ee &#8220;Atteikuma pieteikums&#8221;, un j\u0101nos\u016bta tas pa e-pastu ne v\u0113l\u0101k k\u0101 14 dienu laik\u0101 p\u0113c preces sa\u0146em\u0161anas. Pre\u010du atgrie\u0161anas izmaksas sedz pirc\u0113js, ja vien atgrie\u0161anas iemesls nav tas, ka atgriezt\u0101 prece neatbilst pas\u016bt\u012btajam (piem\u0113ram, nepareiza vai boj\u0101ta prece). Pirc\u0113jam preces ir j\u0101atgrie\u017e 14 dienu laik\u0101 p\u0113c pieteikuma iesnieg\u0161anas vai j\u0101iesniedz pier\u0101d\u012bjums, ka preces ir nodotas p\u0101rvad\u0101t\u0101jam \u0161aj\u0101 termi\u0146\u0101. Sa\u0146\u0113mis atgriezt\u0101s preces, interneta veikals nekav\u0113joties, bet ne v\u0113l\u0101k k\u0101 14 dienu laik\u0101 p\u0113c atteikuma pieteikuma sa\u0146em\u0161anas atmaks\u0101 pirc\u0113jam visas summas, kas no pirc\u0113ja sa\u0146emtas uz l\u012bguma pamata. Tie\u0161saistes veikals var atteikties atmaks\u0101t naudu, kam\u0113r tas nav sa\u0146\u0113mis l\u012bguma priek\u0161metu vai kam\u0113r pirc\u0113js nav iesniedzis pier\u0101d\u012bjumus, ka prece ir nos\u016bt\u012bta atpaka\u013c, atkar\u012bb\u0101 no t\u0101, kas notiek vispirms. Ja pirc\u0113js ir skaidri izv\u0113l\u0113jies pieg\u0101des veidu, kas at\u0161\u0137iras no visl\u0113t\u0101k\u0101 parast\u0101 pieg\u0101des veida, ko pied\u0101v\u0101 interneta veikals, interneta veikalam nav pien\u0101kuma atmaks\u0101t pat\u0113r\u0113t\u0101jam summu, kas p\u0101rsniedz parast\u0101s pieg\u0101des izmaksas. Interneta veikalam ir ties\u012bbas atteikties no p\u0101rdo\u0161anas dar\u012bjuma un piepras\u012bt, lai pirc\u0113js atdod preces atpaka\u013c, ja k\u013c\u016bdas d\u0113\u013c interneta veikal\u0101 nor\u0101d\u012bt\u0101 preces cena ir iev\u0113rojami zem\u0101ka par preces tirgus cenu.      <\/p>\n<p><strong>Ties\u012bbas iesniegt s\u016bdz\u012bbu  <\/strong><\/p>\n<p>Interneta veikals ir atbild\u012bgs par pirc\u0113jam p\u0101rdoto pre\u010du neatbilst\u012bbu l\u012bguma noteikumiem un nosac\u012bjumiem vai par defektiem, kas past\u0101v\u0113ja preces pieg\u0101des br\u012bd\u012b un kas izpau\u017eas l\u012bdz diviem gadiem p\u0113c preces pieg\u0101des pirc\u0113jam. Pirm\u0101 gada laik\u0101 p\u0113c preces pieg\u0101des pirc\u0113jam tiek uzskat\u012bts, ka defekts past\u0101v\u0113ja jau pieg\u0101des br\u012bd\u012b. Interneta veikala pien\u0101kums ir to atsp\u0113kot. Defekta gad\u012bjum\u0101 pirc\u0113jam ir ties\u012bbas ne v\u0113l\u0101k k\u0101 divu m\u0113ne\u0161u laik\u0101 sazin\u0101ties ar interneta veikalu, nos\u016btot e-pastu uz pood@riit.ee vai zvanot pa t\u0101lruni +37 250 51 380. Interneta veikals nav atbild\u012bgs par defektiem, kas radu\u0161ies pat\u0113r\u0113t\u0101ja darb\u012bbas vai bezdarb\u012bbas d\u0113\u013c (nepareiza lieto\u0161ana, negad\u012bjums u. c.) p\u0113c preces pieg\u0101des vai norm\u0101la nolietojuma gad\u012bjum\u0101, ko izrais\u012bjusi norm\u0101la preces lieto\u0161ana. Ja tie\u0161saistes veikal\u0101 ieg\u0101d\u0101tai precei ir defekti, par kuriem tie\u0161saistes veikals ir atbild\u012bgs, tie\u0161saistes veikals labos vai nomain\u012bs boj\u0101to preci. Ja preci nav iesp\u0113jams salabot vai nomain\u012bt, interneta veikals atmaks\u0101 pirc\u0113jam visus izdevumus, kas radu\u0161ies saska\u0146\u0101 ar pirkuma l\u012bgumu. Tie\u0161saistes veikals atbild uz pat\u0113r\u0113t\u0101ja s\u016bdz\u012bbu 15 dienu laik\u0101 rakstiski vai t\u0101d\u0101 form\u0101t\u0101, ko var atveidot rakstiski.       <\/p>\n<p><strong>Str\u012bdu iz\u0161\u0137ir\u0161ana<\/strong><\/p>\n<p>Ja pirc\u0113jam ir s\u016bdz\u012bbas par interneta veikalu, t\u0101s j\u0101nos\u016bta pa e-pastu uz pood@riit.ee vieno\u0161an\u0101s, pirc\u0113jam ir ties\u012bbas v\u0113rsties Pat\u0113r\u0113t\u0101ju str\u012bdu komisij\u0101. Proced\u016bras noteikumus var izskat\u012bt un pieteikumu var iesniegt <a href=\"https:\/\/ttja.ee\/tarbijavaidluste-komisjon\">https:\/\/ttja.ee\/tarbijavaidluste-komisjon.<\/a> <\/p>\n<p>Pat\u0113r\u0113t\u0101ju str\u012bdu komiteja ir pilnvarota risin\u0101t str\u012bdus, kas izriet no l\u012bguma, kur\u0161 nosl\u0113gts starp pirc\u0113ju un interneta veikalu. Pirc\u0113ja s\u016bdz\u012bbas komiteja izskata bez maksas. Pirc\u0113js var v\u0113rsties ES tie\u0161saistes str\u012bdu iz\u0161\u0137ir\u0161anas platform\u0101.  <\/p>\n<p>Sazi\u0146as ier\u012bce, izmantojot no l\u012bguma nosl\u0113gto un \u0101rpus uz\u0146\u0113muma telp\u0101m<br \/>no l\u012bguma nosl\u0113gto atk\u0101p\u0161an\u0101s pazi\u0146ojuma standarta veidlapu. Aizpildiet un atdodiet \u0161o veidlapu tikai tad, ja<br \/>v\u0113laties atk\u0101pties no l\u012bguma :<br \/>&#8211; sa\u0146\u0113m\u0113js Riddle Workshop O\u00dc, riit.ee, pood@riit.ee;<br \/>&#8211; Ar \u0161o es \/ m\u0113s atk\u0101pjamies (*) no l\u012bguma , kura priek\u0161mets ir \u0161\u0101da lieta (*) \/ n\u0101kamais<br \/>pakalpojums (*) &#8211; Pas\u016bt\u012bjuma iesnieg\u0161anas datums (*) \/ lietas sa\u0146em\u0161anas datums (*)<br \/>&#8211; Pat\u0113r\u0113t\u0101ja v\u0101rds \/ pat\u0113r\u0113t\u0101ju v\u0101rdi<br \/>&#8211; Pat\u0113r\u0113t\u0101ja adrese \/ pat\u0113r\u0113t\u0101ju adreses<br \/>&#8211; Pat\u0113r\u0113t\u0101ja paraksts \/ pat\u0113r\u0113t\u0101ju paraksti ( tikai gad\u012bjum\u0101, ja \u0161\u012b veidlapa tiek iesniegta uz pap\u012bra )<br \/>&#8211; Datums <\/p>\n\t\t\t\t\t\t\t\t<\/div>\n\t\t\t\t<\/div>\n\t\t\t\t\t<\/div>\n\t\t<\/div>\n\t\t\t\t\t<\/div>\n\t\t<\/section>\n\t\t\t\t<\/div>\n\t\t","protected":false},"excerpt":{"rendered":"<p>NOTEIKUMI UN NOSAC\u012aJUMI Interneta veikala riit.ee (turpm\u0101k tekst\u0101 &#8211; interneta veikals) \u012bpa\u0161nieks ir O\u00dc Riidaku T\u00f6\u00f6koda, re\u0123istr\u0101cijas kods 10223356, kas [&hellip;]<\/p>\n","protected":false},"author":26,"featured_media":0,"parent":0,"menu_order":0,"comment_status":"closed","ping_status":"closed","template":"","meta":{"_acf_changed":false,"_eb_attr":"","_monsterinsights_skip_tracking":false,"_monsterinsights_sitenote_active":false,"_monsterinsights_sitenote_note":"","_monsterinsights_sitenote_category":0,"site-sidebar-layout":"no-sidebar","site-content-layout":"","ast-site-content-layout":"full-width-container","site-content-style":"default","site-sidebar-style":"default","ast-global-header-display":"","ast-banner-title-visibility":"","ast-main-header-display":"","ast-hfb-above-header-display":"","ast-hfb-below-header-display":"","ast-hfb-mobile-header-display":"","site-post-title":"disabled","ast-breadcrumbs-content":"","ast-featured-img":"disabled","footer-sml-layout":"","theme-transparent-header-meta":"default","adv-header-id-meta":"","stick-header-meta":"","header-above-stick-meta":"","header-main-stick-meta":"","header-below-stick-meta":"","astra-migrate-meta-layouts":"default","ast-page-background-enabled":"default","ast-page-background-meta":{"desktop":{"background-color":"var(--ast-global-color-4)","background-image":"","background-repeat":"repeat","background-position":"center center","background-size":"auto","background-attachment":"scroll","background-type":"","background-media":"","overlay-type":"","overlay-color":"","overlay-opacity":"","overlay-gradient":""},"tablet":{"background-color":"","background-image":"","background-repeat":"repeat","background-position":"center center","background-size":"auto","background-attachment":"scroll","background-type":"","background-media":"","overlay-type":"","overlay-color":"","overlay-opacity":"","overlay-gradient":""},"mobile":{"background-color":"","background-image":"","background-repeat":"repeat","background-position":"center center","background-size":"auto","background-attachment":"scroll","background-type":"","background-media":"","overlay-type":"","overlay-color":"","overlay-opacity":"","overlay-gradient":""}},"ast-content-background-meta":{"desktop":{"background-color":"var(--ast-global-color-5)","background-image":"","background-repeat":"repeat","background-position":"center center","background-size":"auto","background-attachment":"scroll","background-type":"","background-media":"","overlay-type":"","overlay-color":"","overlay-opacity":"","overlay-gradient":""},"tablet":{"background-color":"var(--ast-global-color-5)","background-image":"","background-repeat":"repeat","background-position":"center center","background-size":"auto","background-attachment":"scroll","background-type":"","background-media":"","overlay-type":"","overlay-color":"","overlay-opacity":"","overlay-gradient":""},"mobile":{"background-color":"var(--ast-global-color-5)","background-image":"","background-repeat":"repeat","background-position":"center center","background-size":"auto","background-attachment":"scroll","background-type":"","background-media":"","overlay-type":"","overlay-color":"","overlay-opacity":"","overlay-gradient":""}},"footnotes":""},"class_list":["post-41131","page","type-page","status-publish","hentry"],"acf":[],"yoast_head":"<!-- This site is optimized with the Yoast SEO plugin v24.2 - https:\/\/yoast.com\/wordpress\/plugins\/seo\/ -->\n<title>pakalpojumu snieg\u0161anas noteikumi - RT<\/title>\n<meta name=\"robots\" content=\"index, follow, max-snippet:-1, max-image-preview:large, max-video-preview:-1\" \/>\n<link rel=\"canonical\" href=\"https:\/\/riit.ee\/lv\/pakalpojumu-sniegsanas-noteikumi-2\/\" \/>\n<meta property=\"og:locale\" content=\"lv_LV\" \/>\n<meta property=\"og:type\" content=\"article\" \/>\n<meta property=\"og:title\" content=\"pakalpojumu snieg\u0161anas noteikumi - RT\" \/>\n<meta property=\"og:description\" content=\"NOTEIKUMI UN NOSAC\u012aJUMI Interneta veikala riit.ee (turpm\u0101k tekst\u0101 &#8211; interneta veikals) \u012bpa\u0161nieks ir O\u00dc Riidaku T\u00f6\u00f6koda, re\u0123istr\u0101cijas kods 10223356, kas [&hellip;]\" \/>\n<meta property=\"og:url\" content=\"https:\/\/riit.ee\/lv\/pakalpojumu-sniegsanas-noteikumi-2\/\" \/>\n<meta property=\"og:site_name\" content=\"RT\" \/>\n<meta property=\"article:modified_time\" content=\"2025-03-19T11:25:06+00:00\" \/>\n<meta name=\"twitter:card\" content=\"summary_large_image\" \/>\n<meta name=\"twitter:label1\" content=\"Est. reading time\" \/>\n\t<meta name=\"twitter:data1\" content=\"7 minutes\" \/>\n<script type=\"application\/ld+json\" class=\"yoast-schema-graph\">{\"@context\":\"https:\/\/schema.org\",\"@graph\":[{\"@type\":\"WebPage\",\"@id\":\"https:\/\/riit.ee\/lv\/pakalpojumu-sniegsanas-noteikumi-2\/\",\"url\":\"https:\/\/riit.ee\/lv\/pakalpojumu-sniegsanas-noteikumi-2\/\",\"name\":\"pakalpojumu snieg\u0161anas noteikumi - RT\",\"isPartOf\":{\"@id\":\"https:\/\/riit.ee\/lv\/#website\"},\"datePublished\":\"2025-01-09T07:27:14+00:00\",\"dateModified\":\"2025-03-19T11:25:06+00:00\",\"breadcrumb\":{\"@id\":\"https:\/\/riit.ee\/lv\/pakalpojumu-sniegsanas-noteikumi-2\/#breadcrumb\"},\"inLanguage\":\"lv-LV\",\"potentialAction\":[{\"@type\":\"ReadAction\",\"target\":[\"https:\/\/riit.ee\/lv\/pakalpojumu-sniegsanas-noteikumi-2\/\"]}]},{\"@type\":\"BreadcrumbList\",\"@id\":\"https:\/\/riit.ee\/lv\/pakalpojumu-sniegsanas-noteikumi-2\/#breadcrumb\",\"itemListElement\":[{\"@type\":\"ListItem\",\"position\":1,\"name\":\"Home\",\"item\":\"https:\/\/riit.ee\/lv\/\"},{\"@type\":\"ListItem\",\"position\":2,\"name\":\"pakalpojumu snieg\u0161anas noteikumi\"}]},{\"@type\":\"WebSite\",\"@id\":\"https:\/\/riit.ee\/lv\/#website\",\"url\":\"https:\/\/riit.ee\/lv\/\",\"name\":\"RT\",\"description\":\"\",\"potentialAction\":[{\"@type\":\"SearchAction\",\"target\":{\"@type\":\"EntryPoint\",\"urlTemplate\":\"https:\/\/riit.ee\/lv\/?s={search_term_string}\"},\"query-input\":{\"@type\":\"PropertyValueSpecification\",\"valueRequired\":true,\"valueName\":\"search_term_string\"}}],\"inLanguage\":\"lv-LV\"}]}<\/script>\n<!-- \/ Yoast SEO plugin. -->","yoast_head_json":{"title":"pakalpojumu snieg\u0161anas noteikumi - RT","robots":{"index":"index","follow":"follow","max-snippet":"max-snippet:-1","max-image-preview":"max-image-preview:large","max-video-preview":"max-video-preview:-1"},"canonical":"https:\/\/riit.ee\/lv\/pakalpojumu-sniegsanas-noteikumi-2\/","og_locale":"lv_LV","og_type":"article","og_title":"pakalpojumu snieg\u0161anas noteikumi - RT","og_description":"NOTEIKUMI UN NOSAC\u012aJUMI Interneta veikala riit.ee (turpm\u0101k tekst\u0101 &#8211; interneta veikals) \u012bpa\u0161nieks ir O\u00dc Riidaku T\u00f6\u00f6koda, re\u0123istr\u0101cijas kods 10223356, kas [&hellip;]","og_url":"https:\/\/riit.ee\/lv\/pakalpojumu-sniegsanas-noteikumi-2\/","og_site_name":"RT","article_modified_time":"2025-03-19T11:25:06+00:00","twitter_card":"summary_large_image","twitter_misc":{"Est. reading time":"7 minutes"},"schema":{"@context":"https:\/\/schema.org","@graph":[{"@type":"WebPage","@id":"https:\/\/riit.ee\/lv\/pakalpojumu-sniegsanas-noteikumi-2\/","url":"https:\/\/riit.ee\/lv\/pakalpojumu-sniegsanas-noteikumi-2\/","name":"pakalpojumu snieg\u0161anas noteikumi - RT","isPartOf":{"@id":"https:\/\/riit.ee\/lv\/#website"},"datePublished":"2025-01-09T07:27:14+00:00","dateModified":"2025-03-19T11:25:06+00:00","breadcrumb":{"@id":"https:\/\/riit.ee\/lv\/pakalpojumu-sniegsanas-noteikumi-2\/#breadcrumb"},"inLanguage":"lv-LV","potentialAction":[{"@type":"ReadAction","target":["https:\/\/riit.ee\/lv\/pakalpojumu-sniegsanas-noteikumi-2\/"]}]},{"@type":"BreadcrumbList","@id":"https:\/\/riit.ee\/lv\/pakalpojumu-sniegsanas-noteikumi-2\/#breadcrumb","itemListElement":[{"@type":"ListItem","position":1,"name":"Home","item":"https:\/\/riit.ee\/lv\/"},{"@type":"ListItem","position":2,"name":"pakalpojumu snieg\u0161anas noteikumi"}]},{"@type":"WebSite","@id":"https:\/\/riit.ee\/lv\/#website","url":"https:\/\/riit.ee\/lv\/","name":"RT","description":"","potentialAction":[{"@type":"SearchAction","target":{"@type":"EntryPoint","urlTemplate":"https:\/\/riit.ee\/lv\/?s={search_term_string}"},"query-input":{"@type":"PropertyValueSpecification","valueRequired":true,"valueName":"search_term_string"}}],"inLanguage":"lv-LV"}]}},"_links":{"self":[{"href":"https:\/\/riit.ee\/lv\/wp-json\/wp\/v2\/pages\/41131","targetHints":{"allow":["GET"]}}],"collection":[{"href":"https:\/\/riit.ee\/lv\/wp-json\/wp\/v2\/pages"}],"about":[{"href":"https:\/\/riit.ee\/lv\/wp-json\/wp\/v2\/types\/page"}],"author":[{"embeddable":true,"href":"https:\/\/riit.ee\/lv\/wp-json\/wp\/v2\/users\/26"}],"replies":[{"embeddable":true,"href":"https:\/\/riit.ee\/lv\/wp-json\/wp\/v2\/comments?post=41131"}],"version-history":[{"count":1,"href":"https:\/\/riit.ee\/lv\/wp-json\/wp\/v2\/pages\/41131\/revisions"}],"predecessor-version":[{"id":41132,"href":"https:\/\/riit.ee\/lv\/wp-json\/wp\/v2\/pages\/41131\/revisions\/41132"}],"wp:attachment":[{"href":"https:\/\/riit.ee\/lv\/wp-json\/wp\/v2\/media?parent=41131"}],"curies":[{"name":"wp","href":"https:\/\/api.w.org\/{rel}","templated":true}]}}