{"id":42001,"date":"2025-03-17T07:51:26","date_gmt":"2025-03-17T07:51:26","guid":{"rendered":"https:\/\/riit.ee\/product\/daugiafunkcinis-usb-ikraunama-led-lempute\/"},"modified":"2025-03-17T07:51:26","modified_gmt":"2025-03-17T07:51:26","slug":"daugiafunkcinis-usb-ikraunama-led-lempute","status":"publish","type":"product","link":"https:\/\/riit.ee\/lt\/product\/daugiafunkcinis-usb-ikraunama-led-lempute\/","title":{"rendered":"Daugiafunkcinis USB \u012fkraunama LED lemput\u0117"},"content":{"rendered":"","protected":false},"excerpt":{"rendered":"<p>Su priekiniu \u017eibintuv\u0117liu, kurio ry\u0161kumas gali b\u016bti \u012fvairus, \u0161onin\u0117mis baltos ir raudonos spalvos lemput\u0117mis su mirks\u0117jimo funkcija. USB \u012fkrovimo laidas ir transformatorius. \u012ekrovimo ir \u012fkrovimo b\u016bsenos lemput\u0117. Galima \u012fkrauti tiesiai i\u0161 kompiuterio.   <\/p>\n","protected":false},"featured_media":7699,"comment_status":"open","ping_status":"closed","template":"","meta":{"_acf_changed":false,"_eb_attr":"","_monsterinsights_skip_tracking":false,"_monsterinsights_sitenote_active":false,"_monsterinsights_sitenote_note":"","_monsterinsights_sitenote_category":0,"site-sidebar-layout":"default","site-content-layout":"","ast-site-content-layout":"default","site-content-style":"default","site-sidebar-style":"default","ast-global-header-display":"","ast-banner-title-visibility":"","ast-main-header-display":"","ast-hfb-above-header-display":"","ast-hfb-below-header-display":"","ast-hfb-mobile-header-display":"","site-post-title":"","ast-breadcrumbs-content":"","ast-featured-img":"","footer-sml-layout":"","theme-transparent-header-meta":"default","adv-header-id-meta":"","stick-header-meta":"","header-above-stick-meta":"","header-main-stick-meta":"","header-below-stick-meta":"","astra-migrate-meta-layouts":"default","ast-page-background-enabled":"default","ast-page-background-meta":{"desktop":{"background-color":"var(--ast-global-color-4)","background-image":"","background-repeat":"repeat","background-position":"center center","background-size":"auto","background-attachment":"scroll","background-type":"","background-media":"","overlay-type":"","overlay-color":"","overlay-opacity":"","overlay-gradient":""},"tablet":{"background-color":"","background-image":"","background-repeat":"repeat","background-position":"center center","background-size":"auto","background-attachment":"scroll","background-type":"","background-media":"","overlay-type":"","overlay-color":"","overlay-opacity":"","overlay-gradient":""},"mobile":{"background-color":"","background-image":"","background-repeat":"repeat","background-position":"center center","background-size":"auto","background-attachment":"scroll","background-type":"","background-media":"","overlay-type":"","overlay-color":"","overlay-opacity":"","overlay-gradient":""}},"ast-content-background-meta":{"desktop":{"background-color":"var(--ast-global-color-5)","background-image":"","background-repeat":"repeat","background-position":"center center","background-size":"auto","background-attachment":"scroll","background-type":"","background-media":"","overlay-type":"","overlay-color":"","overlay-opacity":"","overlay-gradient":""},"tablet":{"background-color":"var(--ast-global-color-5)","background-image":"","background-repeat":"repeat","background-position":"center center","background-size":"auto","background-attachment":"scroll","background-type":"","background-media":"","overlay-type":"","overlay-color":"","overlay-opacity":"","overlay-gradient":""},"mobile":{"background-color":"var(--ast-global-color-5)","background-image":"","background-repeat":"repeat","background-position":"center center","background-size":"auto","background-attachment":"scroll","background-type":"","background-media":"","overlay-type":"","overlay-color":"","overlay-opacity":"","overlay-gradient":""}}},"product_brand":[],"product_cat":[647,646],"product_tag":[],"class_list":{"0":"post-42001","1":"product","2":"type-product","3":"status-publish","4":"has-post-thumbnail","6":"product_cat-apsvietimas-ir-objektyvai","7":"product_cat-sildytuvai","8":"desktop-align-left","9":"tablet-align-left","10":"mobile-align-left","12":"first","13":"instock","14":"taxable","15":"shipping-taxable","16":"purchasable","17":"product-type-simple"},"acf":[],"yoast_head":"<!-- This site is optimized with the Yoast SEO plugin v24.2 - https:\/\/yoast.com\/wordpress\/plugins\/seo\/ -->\n<title>Daugiafunkcinis USB \u012fkraunama LED lemput\u0117 - RT<\/title>\n<meta name=\"robots\" content=\"index, follow, max-snippet:-1, max-image-preview:large, max-video-preview:-1\" \/>\n<link rel=\"canonical\" href=\"https:\/\/riit.ee\/lt\/product\/daugiafunkcinis-usb-ikraunama-led-lempute\/\" \/>\n<meta property=\"og:locale\" content=\"lt_LT\" \/>\n<meta property=\"og:type\" content=\"article\" \/>\n<meta property=\"og:title\" content=\"Daugiafunkcinis USB \u012fkraunama LED lemput\u0117 - RT\" \/>\n<meta property=\"og:description\" content=\"Su priekiniu \u017eibintuv\u0117liu, kurio ry\u0161kumas gali b\u016bti \u012fvairus, \u0161onin\u0117mis baltos ir raudonos spalvos lemput\u0117mis su mirks\u0117jimo funkcija. USB \u012fkrovimo laidas ir transformatorius. \u012ekrovimo ir \u012fkrovimo b\u016bsenos lemput\u0117. Galima \u012fkrauti tiesiai i\u0161 kompiuterio.\" \/>\n<meta property=\"og:url\" content=\"https:\/\/riit.ee\/lt\/product\/daugiafunkcinis-usb-ikraunama-led-lempute\/\" \/>\n<meta property=\"og:site_name\" content=\"RT\" \/>\n<meta property=\"og:image\" content=\"https:\/\/riit.ee\/wp-content\/uploads\/2025\/01\/0123.jpg\" \/>\n\t<meta property=\"og:image:width\" content=\"800\" \/>\n\t<meta property=\"og:image:height\" content=\"800\" \/>\n\t<meta property=\"og:image:type\" content=\"image\/jpeg\" \/>\n<meta name=\"twitter:card\" content=\"summary_large_image\" \/>\n<script type=\"application\/ld+json\" class=\"yoast-schema-graph\">{\"@context\":\"https:\/\/schema.org\",\"@graph\":[{\"@type\":\"WebPage\",\"@id\":\"https:\/\/riit.ee\/lt\/product\/daugiafunkcinis-usb-ikraunama-led-lempute\/\",\"url\":\"https:\/\/riit.ee\/lt\/product\/daugiafunkcinis-usb-ikraunama-led-lempute\/\",\"name\":\"Daugiafunkcinis USB \u012fkraunama LED lemput\u0117 - RT\",\"isPartOf\":{\"@id\":\"https:\/\/riit.ee\/lt\/#website\"},\"primaryImageOfPage\":{\"@id\":\"https:\/\/riit.ee\/lt\/product\/daugiafunkcinis-usb-ikraunama-led-lempute\/#primaryimage\"},\"image\":{\"@id\":\"https:\/\/riit.ee\/lt\/product\/daugiafunkcinis-usb-ikraunama-led-lempute\/#primaryimage\"},\"thumbnailUrl\":\"https:\/\/riit.ee\/wp-content\/uploads\/2025\/01\/0123.jpg\",\"datePublished\":\"2025-03-17T07:51:26+00:00\",\"dateModified\":\"2025-03-17T07:51:26+00:00\",\"breadcrumb\":{\"@id\":\"https:\/\/riit.ee\/lt\/product\/daugiafunkcinis-usb-ikraunama-led-lempute\/#breadcrumb\"},\"inLanguage\":\"lt-LT\",\"potentialAction\":[{\"@type\":\"ReadAction\",\"target\":[\"https:\/\/riit.ee\/lt\/product\/daugiafunkcinis-usb-ikraunama-led-lempute\/\"]}]},{\"@type\":\"ImageObject\",\"inLanguage\":\"lt-LT\",\"@id\":\"https:\/\/riit.ee\/lt\/product\/daugiafunkcinis-usb-ikraunama-led-lempute\/#primaryimage\",\"url\":\"https:\/\/riit.ee\/wp-content\/uploads\/2025\/01\/0123.jpg\",\"contentUrl\":\"https:\/\/riit.ee\/wp-content\/uploads\/2025\/01\/0123.jpg\",\"width\":800,\"height\":800},{\"@type\":\"BreadcrumbList\",\"@id\":\"https:\/\/riit.ee\/lt\/product\/daugiafunkcinis-usb-ikraunama-led-lempute\/#breadcrumb\",\"itemListElement\":[{\"@type\":\"ListItem\",\"position\":1,\"name\":\"Home\",\"item\":\"https:\/\/riit.ee\/lt\/\"},{\"@type\":\"ListItem\",\"position\":2,\"name\":\"Shop\",\"item\":\"https:\/\/riit.ee\/lt\/shop\/\"},{\"@type\":\"ListItem\",\"position\":3,\"name\":\"Daugiafunkcinis USB \u012fkraunama LED lemput\u0117\"}]},{\"@type\":\"WebSite\",\"@id\":\"https:\/\/riit.ee\/lt\/#website\",\"url\":\"https:\/\/riit.ee\/lt\/\",\"name\":\"RT\",\"description\":\"\",\"potentialAction\":[{\"@type\":\"SearchAction\",\"target\":{\"@type\":\"EntryPoint\",\"urlTemplate\":\"https:\/\/riit.ee\/lt\/?s={search_term_string}\"},\"query-input\":{\"@type\":\"PropertyValueSpecification\",\"valueRequired\":true,\"valueName\":\"search_term_string\"}}],\"inLanguage\":\"lt-LT\"}]}<\/script>\n<!-- \/ Yoast SEO plugin. -->","yoast_head_json":{"title":"Daugiafunkcinis USB \u012fkraunama LED lemput\u0117 - RT","robots":{"index":"index","follow":"follow","max-snippet":"max-snippet:-1","max-image-preview":"max-image-preview:large","max-video-preview":"max-video-preview:-1"},"canonical":"https:\/\/riit.ee\/lt\/product\/daugiafunkcinis-usb-ikraunama-led-lempute\/","og_locale":"lt_LT","og_type":"article","og_title":"Daugiafunkcinis USB \u012fkraunama LED lemput\u0117 - RT","og_description":"Su priekiniu \u017eibintuv\u0117liu, kurio ry\u0161kumas gali b\u016bti \u012fvairus, \u0161onin\u0117mis baltos ir raudonos spalvos lemput\u0117mis su mirks\u0117jimo funkcija. USB \u012fkrovimo laidas ir transformatorius. \u012ekrovimo ir \u012fkrovimo b\u016bsenos lemput\u0117. Galima \u012fkrauti tiesiai i\u0161 kompiuterio.","og_url":"https:\/\/riit.ee\/lt\/product\/daugiafunkcinis-usb-ikraunama-led-lempute\/","og_site_name":"RT","og_image":[{"width":800,"height":800,"url":"https:\/\/riit.ee\/wp-content\/uploads\/2025\/01\/0123.jpg","type":"image\/jpeg"}],"twitter_card":"summary_large_image","schema":{"@context":"https:\/\/schema.org","@graph":[{"@type":"WebPage","@id":"https:\/\/riit.ee\/lt\/product\/daugiafunkcinis-usb-ikraunama-led-lempute\/","url":"https:\/\/riit.ee\/lt\/product\/daugiafunkcinis-usb-ikraunama-led-lempute\/","name":"Daugiafunkcinis USB \u012fkraunama LED lemput\u0117 - RT","isPartOf":{"@id":"https:\/\/riit.ee\/lt\/#website"},"primaryImageOfPage":{"@id":"https:\/\/riit.ee\/lt\/product\/daugiafunkcinis-usb-ikraunama-led-lempute\/#primaryimage"},"image":{"@id":"https:\/\/riit.ee\/lt\/product\/daugiafunkcinis-usb-ikraunama-led-lempute\/#primaryimage"},"thumbnailUrl":"https:\/\/riit.ee\/wp-content\/uploads\/2025\/01\/0123.jpg","datePublished":"2025-03-17T07:51:26+00:00","dateModified":"2025-03-17T07:51:26+00:00","breadcrumb":{"@id":"https:\/\/riit.ee\/lt\/product\/daugiafunkcinis-usb-ikraunama-led-lempute\/#breadcrumb"},"inLanguage":"lt-LT","potentialAction":[{"@type":"ReadAction","target":["https:\/\/riit.ee\/lt\/product\/daugiafunkcinis-usb-ikraunama-led-lempute\/"]}]},{"@type":"ImageObject","inLanguage":"lt-LT","@id":"https:\/\/riit.ee\/lt\/product\/daugiafunkcinis-usb-ikraunama-led-lempute\/#primaryimage","url":"https:\/\/riit.ee\/wp-content\/uploads\/2025\/01\/0123.jpg","contentUrl":"https:\/\/riit.ee\/wp-content\/uploads\/2025\/01\/0123.jpg","width":800,"height":800},{"@type":"BreadcrumbList","@id":"https:\/\/riit.ee\/lt\/product\/daugiafunkcinis-usb-ikraunama-led-lempute\/#breadcrumb","itemListElement":[{"@type":"ListItem","position":1,"name":"Home","item":"https:\/\/riit.ee\/lt\/"},{"@type":"ListItem","position":2,"name":"Shop","item":"https:\/\/riit.ee\/lt\/shop\/"},{"@type":"ListItem","position":3,"name":"Daugiafunkcinis USB \u012fkraunama LED lemput\u0117"}]},{"@type":"WebSite","@id":"https:\/\/riit.ee\/lt\/#website","url":"https:\/\/riit.ee\/lt\/","name":"RT","description":"","potentialAction":[{"@type":"SearchAction","target":{"@type":"EntryPoint","urlTemplate":"https:\/\/riit.ee\/lt\/?s={search_term_string}"},"query-input":{"@type":"PropertyValueSpecification","valueRequired":true,"valueName":"search_term_string"}}],"inLanguage":"lt-LT"}]}},"_links":{"self":[{"href":"https:\/\/riit.ee\/lt\/wp-json\/wp\/v2\/product\/42001","targetHints":{"allow":["GET"]}}],"collection":[{"href":"https:\/\/riit.ee\/lt\/wp-json\/wp\/v2\/product"}],"about":[{"href":"https:\/\/riit.ee\/lt\/wp-json\/wp\/v2\/types\/product"}],"replies":[{"embeddable":true,"href":"https:\/\/riit.ee\/lt\/wp-json\/wp\/v2\/comments?post=42001"}],"wp:featuredmedia":[{"embeddable":true,"href":"https:\/\/riit.ee\/lt\/wp-json\/wp\/v2\/media\/7699"}],"wp:attachment":[{"href":"https:\/\/riit.ee\/lt\/wp-json\/wp\/v2\/media?parent=42001"}],"wp:term":[{"taxonomy":"product_brand","embeddable":true,"href":"https:\/\/riit.ee\/lt\/wp-json\/wp\/v2\/product_brand?post=42001"},{"taxonomy":"product_cat","embeddable":true,"href":"https:\/\/riit.ee\/lt\/wp-json\/wp\/v2\/product_cat?post=42001"},{"taxonomy":"product_tag","embeddable":true,"href":"https:\/\/riit.ee\/lt\/wp-json\/wp\/v2\/product_tag?post=42001"}],"curies":[{"name":"wp","href":"https:\/\/api.w.org\/{rel}","templated":true}]}}