{"id":41070,"date":"2025-01-02T05:16:17","date_gmt":"2025-01-02T05:16:17","guid":{"rendered":"https:\/\/riit.ee\/grazinimo-ir-grazinimo-politika\/"},"modified":"2025-03-19T11:16:40","modified_gmt":"2025-03-19T11:16:40","slug":"grazinimo-ir-grazinimo-politika","status":"publish","type":"page","link":"https:\/\/riit.ee\/lt\/grazinimo-ir-grazinimo-politika\/","title":{"rendered":"Gr\u0105\u017einimo ir gr\u0105\u017einimo politika"},"content":{"rendered":"<p><b>Tai pavyzdinis puslapis.<\/b><\/p><h2 class=\"wp-block-heading\">Ap\u017evalga<\/h2><p>M\u016bs\u0173 pinig\u0173 gr\u0105\u017einimo ir gr\u0105\u017einimo politika galioja 30 dien\u0173. Jei nuo pirkimo pra\u0117jo 30 dien\u0173, negalime jums gr\u0105\u017einti pinig\u0173 arba pakeisti prek\u0117s. <\/p><p>Kad prek\u0119 b\u016bt\u0173 galima gr\u0105\u017einti, ji turi b\u016bti nenaudota ir tokios pat b\u016bkl\u0117s, kokios j\u0105 gavote. Ji taip pat turi b\u016bti originalioje pakuot\u0117je. <\/p><p>Keli\u0173 r\u016b\u0161i\u0173 prek\u0117s negr\u0105\u017einamos. Negalima gr\u0105\u017einti greitai gendan\u010di\u0173 preki\u0173, pavyzd\u017eiui, maisto produkt\u0173, g\u0117li\u0173, laikra\u0161\u010di\u0173 ar \u017eurnal\u0173. Taip pat nepriimame preki\u0173, kurios yra intymios ar higienos prek\u0117s, pavojing\u0173 med\u017eiag\u0173, degi\u0173 skys\u010di\u0173 ar duj\u0173.  <\/p><p>Papildomos negr\u0105\u017einamos prek\u0117s:<\/p><ul class=\"wp-block-list\">\n<li>Dovan\u0173 kortel\u0117s<\/li>\n<li>Atsisiun\u010diami programin\u0117s \u012frangos produktai<\/li>\n<li>Kai kurios sveikatos ir asmens higienos prek\u0117s<\/li>\n<\/ul><p>Kad gal\u0117tum\u0117te gr\u0105\u017einti prekes, reikia pateikti pirkimo \u010dek\u012f arba pirkimo \u012frodym\u0105.<\/p><p>Nesi\u0173skite savo pirkinio atgal gamintojui.<\/p><p>Tam tikrais atvejais gr\u0105\u017einama tik dalis pinig\u0173:<\/p><ul class=\"wp-block-list\">\n<li>Knyga su akivaizd\u017eiais naudojimo po\u017eymiais<\/li>\n<li>CD, DVD, VHS kaset\u0117, programin\u0117 \u012franga, vaizdo \u017eaidimas, kaset\u0117 ar vinilin\u0117 plok\u0161tel\u0117, kuri buvo atidaryta.<\/li>\n<li>Bet koks daiktas n\u0117ra originalios b\u016bkl\u0117s, yra sugadintas arba jam tr\u016bksta dali\u0173 ne d\u0117l m\u016bs\u0173 klaidos.<\/li>\n<li>Bet koks daiktas, kuris gr\u0105\u017einamas pra\u0117jus daugiau nei 30 dien\u0173 nuo pristatymo.<\/li>\n<\/ul><h2>Gr\u0105\u017einamosios i\u0161mokos<\/h2><p>Gav\u0119 ir patikrin\u0119 j\u016bs\u0173 gr\u0105\u017einam\u0105 prek\u0119, i\u0161si\u0173sime jums el. lai\u0161k\u0105, kuriuo informuosime, kad gr\u0105\u017einam\u0105 prek\u0119 gavome. Taip pat informuosime jus apie pinig\u0173 gr\u0105\u017einimo patvirtinim\u0105 arba atmetim\u0105. <\/p><p>Jei j\u016bs\u0173 pra\u0161ymas bus patenkintas, per tam tikr\u0105 dien\u0173 skai\u010di\u0173 bus atliktas pinig\u0173 gr\u0105\u017einimas ir kreditas bus automati\u0161kai pervestas \u012f j\u016bs\u0173 kredito kortel\u0119 arba pradin\u012f mok\u0117jimo b\u016bd\u0105.<\/p><h3 class=\"wp-block-heading\">V\u0117luojan\u010dios arba tr\u016bkstamos gr\u0105\u017einamosios i\u0161mokos<\/h3><p>Jei dar negavote gr\u0105\u017einimo, pirmiausia dar kart\u0105 patikrinkite savo banko s\u0105skait\u0105.<\/p><p>Tada kreipkit\u0117s \u012f kredito kortel\u0117s bendrov\u0119, nes gali praeiti \u0161iek tiek laiko, kol bus oficialiai pervestas gr\u0105\u017einimas.<\/p><p>Tada kreipkit\u0117s \u012f savo bank\u0105. Da\u017enai praeina \u0161iek tiek laiko, kol gr\u0105\u017einamos l\u0117\u0161os bus pervestos \u012f s\u0105skait\u0105. <\/p><p>Jei visa tai atlikote ir vis dar negavote pinig\u0173 gr\u0105\u017einimo, susisiekite su mumis adresu {para\u0161o adresas}.<\/p><h3 class=\"wp-block-heading\">Parduodamos prek\u0117s<\/h3><p>Gr\u0105\u017einami tik \u012fprastos kainos daiktai. U\u017e i\u0161pardavimo prekes pinigai negr\u0105\u017einami. <\/p><h2>Mainai<\/h2><p>Prekes kei\u010diame tik tuo atveju, jei jos yra sugedusios arba pa\u017eeistos. Jei norite pakeisti prek\u0119 \u012f toki\u0105 pa\u010di\u0105, ra\u0161ykite mums el. pa\u0161tu {pa\u0161to adresas} ir si\u0173skite prek\u0119 adresu: Si\u0173skite siunt\u0105: {fizinis adresas}. <\/p><h2>Dovanos<\/h2><p>Jei perkant prek\u0119 ir siun\u010diant tiesiai jums ji buvo pa\u017eym\u0117ta kaip dovana, gausite dovan\u0173 kredit\u0105, atitinkant\u012f gr\u0105\u017einamos prek\u0117s vert\u0119. Gavus gr\u0105\u017eint\u0105 prek\u0119, dovan\u0173 kuponas bus i\u0161si\u0173stas jums pa\u0161tu. <\/p><p>Jei perkant prek\u0119 nebuvo pa\u017eym\u0117ta, kad ji skirta dovanai, arba jei dovanos dav\u0117jas u\u017esakym\u0105 i\u0161siunt\u0117 sau, kad v\u0117liau j\u012f padovanot\u0173 jums, gr\u0105\u017einsime pinigus dovanos dav\u0117jui ir jis su\u017einos apie j\u016bs\u0173 gr\u0105\u017einim\u0105.<\/p><h2>Siunt\u0173 gr\u0105\u017einimas<\/h2><p>Nor\u0117dami gr\u0105\u017einti gamin\u012f, tur\u0117tum\u0117te si\u0173sti gamin\u012f adresu: Si\u0173skite gr\u0105\u017einam\u0105 prek\u0119: {fizinis adresas}.<\/p><p>J\u016bs b\u016bsite atsakingi u\u017e tai, kad patys apmok\u0117tum\u0117te siuntimo i\u0161laidas, susijusias su prek\u0117s gr\u0105\u017einimu. Siuntimo i\u0161laidos negr\u0105\u017einamos. Jei jums bus gr\u0105\u017einti pinigai, gr\u0105\u017einimo siuntimo i\u0161laidos bus i\u0161skai\u010diuotos i\u0161 gr\u0105\u017einamos sumos.  <\/p><p>Priklausomai nuo to, kur gyvenate, gali skirtis laikas, per kur\u012f jus pasieks pakeistas produktas.<\/p><p>Jei gr\u0105\u017einate brangesnius daiktus, galite apsvarstyti galimyb\u0119 naudotis sekimo paslaugomis arba \u012fsigyti siuntimo draudim\u0105. Negarantuojame, kad gausime j\u016bs\u0173 gr\u0105\u017einam\u0105 prek\u0119. <\/p><h2>Reikia pagalbos?<\/h2><p>Klausimais, susijusiais su pinig\u0173 gr\u0105\u017einimu ir gr\u0105\u017einimu, kreipkit\u0117s \u012f mus el. pa\u0161tu {email}.<\/p>","protected":false},"excerpt":{"rendered":"<p>Tai pavyzdinis puslapis. Ap\u017evalga M\u016bs\u0173 pinig\u0173 gr\u0105\u017einimo ir gr\u0105\u017einimo politika galioja 30 dien\u0173. Jei nuo pirkimo pra\u0117jo 30 dien\u0173, negalime [&hellip;]<\/p>\n","protected":false},"author":26,"featured_media":0,"parent":0,"menu_order":0,"comment_status":"closed","ping_status":"closed","template":"","meta":{"_acf_changed":false,"_eb_attr":"","_monsterinsights_skip_tracking":false,"_monsterinsights_sitenote_active":false,"_monsterinsights_sitenote_note":"","_monsterinsights_sitenote_category":0,"site-sidebar-layout":"default","site-content-layout":"","ast-site-content-layout":"","site-content-style":"default","site-sidebar-style":"default","ast-global-header-display":"","ast-banner-title-visibility":"","ast-main-header-display":"","ast-hfb-above-header-display":"","ast-hfb-below-header-display":"","ast-hfb-mobile-header-display":"","site-post-title":"","ast-breadcrumbs-content":"","ast-featured-img":"","footer-sml-layout":"","theme-transparent-header-meta":"","adv-header-id-meta":"","stick-header-meta":"","header-above-stick-meta":"","header-main-stick-meta":"","header-below-stick-meta":"","astra-migrate-meta-layouts":"default","ast-page-background-enabled":"default","ast-page-background-meta":{"desktop":{"background-color":"var(--ast-global-color-4)","background-image":"","background-repeat":"repeat","background-position":"center center","background-size":"auto","background-attachment":"scroll","background-type":"","background-media":"","overlay-type":"","overlay-color":"","overlay-opacity":"","overlay-gradient":""},"tablet":{"background-color":"","background-image":"","background-repeat":"repeat","background-position":"center center","background-size":"auto","background-attachment":"scroll","background-type":"","background-media":"","overlay-type":"","overlay-color":"","overlay-opacity":"","overlay-gradient":""},"mobile":{"background-color":"","background-image":"","background-repeat":"repeat","background-position":"center center","background-size":"auto","background-attachment":"scroll","background-type":"","background-media":"","overlay-type":"","overlay-color":"","overlay-opacity":"","overlay-gradient":""}},"ast-content-background-meta":{"desktop":{"background-color":"var(--ast-global-color-5)","background-image":"","background-repeat":"repeat","background-position":"center center","background-size":"auto","background-attachment":"scroll","background-type":"","background-media":"","overlay-type":"","overlay-color":"","overlay-opacity":"","overlay-gradient":""},"tablet":{"background-color":"var(--ast-global-color-5)","background-image":"","background-repeat":"repeat","background-position":"center center","background-size":"auto","background-attachment":"scroll","background-type":"","background-media":"","overlay-type":"","overlay-color":"","overlay-opacity":"","overlay-gradient":""},"mobile":{"background-color":"var(--ast-global-color-5)","background-image":"","background-repeat":"repeat","background-position":"center center","background-size":"auto","background-attachment":"scroll","background-type":"","background-media":"","overlay-type":"","overlay-color":"","overlay-opacity":"","overlay-gradient":""}},"footnotes":""},"class_list":["post-41070","page","type-page","status-publish","hentry"],"acf":[],"yoast_head":"<!-- This site is optimized with the Yoast SEO plugin v24.2 - https:\/\/yoast.com\/wordpress\/plugins\/seo\/ -->\n<title>Gr\u0105\u017einimo ir gr\u0105\u017einimo politika - RT<\/title>\n<meta name=\"robots\" content=\"index, follow, max-snippet:-1, max-image-preview:large, max-video-preview:-1\" \/>\n<link rel=\"canonical\" href=\"https:\/\/riit.ee\/lt\/grazinimo-ir-grazinimo-politika\/\" \/>\n<meta property=\"og:locale\" content=\"lt_LT\" \/>\n<meta property=\"og:type\" content=\"article\" \/>\n<meta property=\"og:title\" content=\"Gr\u0105\u017einimo ir gr\u0105\u017einimo politika - RT\" \/>\n<meta property=\"og:description\" content=\"Tai pavyzdinis puslapis. Ap\u017evalga M\u016bs\u0173 pinig\u0173 gr\u0105\u017einimo ir gr\u0105\u017einimo politika galioja 30 dien\u0173. Jei nuo pirkimo pra\u0117jo 30 dien\u0173, negalime [&hellip;]\" \/>\n<meta property=\"og:url\" content=\"https:\/\/riit.ee\/lt\/grazinimo-ir-grazinimo-politika\/\" \/>\n<meta property=\"og:site_name\" content=\"RT\" \/>\n<meta property=\"article:modified_time\" content=\"2025-03-19T11:16:40+00:00\" \/>\n<meta name=\"twitter:card\" content=\"summary_large_image\" \/>\n<meta name=\"twitter:label1\" content=\"Est. reading time\" \/>\n\t<meta name=\"twitter:data1\" content=\"3 minut\u0117s\" \/>\n<script type=\"application\/ld+json\" class=\"yoast-schema-graph\">{\"@context\":\"https:\/\/schema.org\",\"@graph\":[{\"@type\":\"WebPage\",\"@id\":\"https:\/\/riit.ee\/lt\/grazinimo-ir-grazinimo-politika\/\",\"url\":\"https:\/\/riit.ee\/lt\/grazinimo-ir-grazinimo-politika\/\",\"name\":\"Gr\u0105\u017einimo ir gr\u0105\u017einimo politika - RT\",\"isPartOf\":{\"@id\":\"https:\/\/riit.ee\/lt\/#website\"},\"datePublished\":\"2025-01-02T05:16:17+00:00\",\"dateModified\":\"2025-03-19T11:16:40+00:00\",\"breadcrumb\":{\"@id\":\"https:\/\/riit.ee\/lt\/grazinimo-ir-grazinimo-politika\/#breadcrumb\"},\"inLanguage\":\"lt-LT\",\"potentialAction\":[{\"@type\":\"ReadAction\",\"target\":[\"https:\/\/riit.ee\/lt\/grazinimo-ir-grazinimo-politika\/\"]}]},{\"@type\":\"BreadcrumbList\",\"@id\":\"https:\/\/riit.ee\/lt\/grazinimo-ir-grazinimo-politika\/#breadcrumb\",\"itemListElement\":[{\"@type\":\"ListItem\",\"position\":1,\"name\":\"Home\",\"item\":\"https:\/\/riit.ee\/lt\/\"},{\"@type\":\"ListItem\",\"position\":2,\"name\":\"Gr\u0105\u017einimo ir gr\u0105\u017einimo politika\"}]},{\"@type\":\"WebSite\",\"@id\":\"https:\/\/riit.ee\/lt\/#website\",\"url\":\"https:\/\/riit.ee\/lt\/\",\"name\":\"RT\",\"description\":\"\",\"potentialAction\":[{\"@type\":\"SearchAction\",\"target\":{\"@type\":\"EntryPoint\",\"urlTemplate\":\"https:\/\/riit.ee\/lt\/?s={search_term_string}\"},\"query-input\":{\"@type\":\"PropertyValueSpecification\",\"valueRequired\":true,\"valueName\":\"search_term_string\"}}],\"inLanguage\":\"lt-LT\"}]}<\/script>\n<!-- \/ Yoast SEO plugin. -->","yoast_head_json":{"title":"Gr\u0105\u017einimo ir gr\u0105\u017einimo politika - RT","robots":{"index":"index","follow":"follow","max-snippet":"max-snippet:-1","max-image-preview":"max-image-preview:large","max-video-preview":"max-video-preview:-1"},"canonical":"https:\/\/riit.ee\/lt\/grazinimo-ir-grazinimo-politika\/","og_locale":"lt_LT","og_type":"article","og_title":"Gr\u0105\u017einimo ir gr\u0105\u017einimo politika - RT","og_description":"Tai pavyzdinis puslapis. Ap\u017evalga M\u016bs\u0173 pinig\u0173 gr\u0105\u017einimo ir gr\u0105\u017einimo politika galioja 30 dien\u0173. Jei nuo pirkimo pra\u0117jo 30 dien\u0173, negalime [&hellip;]","og_url":"https:\/\/riit.ee\/lt\/grazinimo-ir-grazinimo-politika\/","og_site_name":"RT","article_modified_time":"2025-03-19T11:16:40+00:00","twitter_card":"summary_large_image","twitter_misc":{"Est. reading time":"3 minut\u0117s"},"schema":{"@context":"https:\/\/schema.org","@graph":[{"@type":"WebPage","@id":"https:\/\/riit.ee\/lt\/grazinimo-ir-grazinimo-politika\/","url":"https:\/\/riit.ee\/lt\/grazinimo-ir-grazinimo-politika\/","name":"Gr\u0105\u017einimo ir gr\u0105\u017einimo politika - RT","isPartOf":{"@id":"https:\/\/riit.ee\/lt\/#website"},"datePublished":"2025-01-02T05:16:17+00:00","dateModified":"2025-03-19T11:16:40+00:00","breadcrumb":{"@id":"https:\/\/riit.ee\/lt\/grazinimo-ir-grazinimo-politika\/#breadcrumb"},"inLanguage":"lt-LT","potentialAction":[{"@type":"ReadAction","target":["https:\/\/riit.ee\/lt\/grazinimo-ir-grazinimo-politika\/"]}]},{"@type":"BreadcrumbList","@id":"https:\/\/riit.ee\/lt\/grazinimo-ir-grazinimo-politika\/#breadcrumb","itemListElement":[{"@type":"ListItem","position":1,"name":"Home","item":"https:\/\/riit.ee\/lt\/"},{"@type":"ListItem","position":2,"name":"Gr\u0105\u017einimo ir gr\u0105\u017einimo politika"}]},{"@type":"WebSite","@id":"https:\/\/riit.ee\/lt\/#website","url":"https:\/\/riit.ee\/lt\/","name":"RT","description":"","potentialAction":[{"@type":"SearchAction","target":{"@type":"EntryPoint","urlTemplate":"https:\/\/riit.ee\/lt\/?s={search_term_string}"},"query-input":{"@type":"PropertyValueSpecification","valueRequired":true,"valueName":"search_term_string"}}],"inLanguage":"lt-LT"}]}},"_links":{"self":[{"href":"https:\/\/riit.ee\/lt\/wp-json\/wp\/v2\/pages\/41070","targetHints":{"allow":["GET"]}}],"collection":[{"href":"https:\/\/riit.ee\/lt\/wp-json\/wp\/v2\/pages"}],"about":[{"href":"https:\/\/riit.ee\/lt\/wp-json\/wp\/v2\/types\/page"}],"author":[{"embeddable":true,"href":"https:\/\/riit.ee\/lt\/wp-json\/wp\/v2\/users\/26"}],"replies":[{"embeddable":true,"href":"https:\/\/riit.ee\/lt\/wp-json\/wp\/v2\/comments?post=41070"}],"version-history":[{"count":1,"href":"https:\/\/riit.ee\/lt\/wp-json\/wp\/v2\/pages\/41070\/revisions"}],"predecessor-version":[{"id":41071,"href":"https:\/\/riit.ee\/lt\/wp-json\/wp\/v2\/pages\/41070\/revisions\/41071"}],"wp:attachment":[{"href":"https:\/\/riit.ee\/lt\/wp-json\/wp\/v2\/media?parent=41070"}],"curies":[{"name":"wp","href":"https:\/\/api.w.org\/{rel}","templated":true}]}}