{"id":13817,"date":"2025-01-09T05:30:12","date_gmt":"2025-01-09T05:30:12","guid":{"rendered":"https:\/\/riit.ee\/apie-mus\/"},"modified":"2025-03-20T09:35:01","modified_gmt":"2025-03-20T09:35:01","slug":"apie-mus","status":"publish","type":"page","link":"https:\/\/riit.ee\/lt\/apie-mus\/","title":{"rendered":"Apie mus"},"content":{"rendered":"\t\t<div data-elementor-type=\"wp-page\" data-elementor-id=\"13817\" class=\"elementor elementor-13817 elementor-6467\" data-elementor-post-type=\"page\">\n\t\t\t\t\t\t<section class=\"elementor-section elementor-top-section elementor-element elementor-element-13e6bce elementor-section-boxed elementor-section-height-default elementor-section-height-default\" data-id=\"13e6bce\" data-element_type=\"section\" data-settings=\"{&quot;background_background&quot;:&quot;classic&quot;}\">\n\t\t\t\t\t\t<div class=\"elementor-container elementor-column-gap-default\">\n\t\t\t\t\t<div class=\"elementor-column elementor-col-100 elementor-top-column elementor-element elementor-element-edbc698\" data-id=\"edbc698\" data-element_type=\"column\">\n\t\t\t<div class=\"elementor-widget-wrap elementor-element-populated\">\n\t\t\t\t\t\t<div class=\"elementor-element elementor-element-4f96adf elementor-widget__width-inherit elementor-widget elementor-widget-eael-breadcrumbs\" data-id=\"4f96adf\" data-element_type=\"widget\" data-widget_type=\"eael-breadcrumbs.default\">\n\t\t\t\t<div class=\"elementor-widget-container\">\n\t\t\t\t\t\t\t<div class=\"eael-breadcrumbs\">\n\t\t\t<div class=\"eael-breadcrumbs__content\"><a href=\"https:\/\/riit.ee\/lt\/\">Home<\/a> <span class=\"eael-breadcrumb-separator\">\/<\/span> <span class = \"eael-current\">Puslapis<\/span>\t\t<\/div>\n\t\t\t\t\t\t<\/div>\n\t\t\t\t<\/div>\n\t\t\t\t\t<\/div>\n\t\t<\/div>\n\t\t\t\t\t<\/div>\n\t\t<\/section>\n\t\t\t\t<section class=\"elementor-section elementor-top-section elementor-element elementor-element-237ec44 elementor-section-boxed elementor-section-height-default elementor-section-height-default\" data-id=\"237ec44\" data-element_type=\"section\">\n\t\t\t\t\t\t<div class=\"elementor-container elementor-column-gap-default\">\n\t\t\t\t\t<div class=\"elementor-column elementor-col-50 elementor-top-column elementor-element elementor-element-4a14f6e\" data-id=\"4a14f6e\" data-element_type=\"column\">\n\t\t\t<div class=\"elementor-widget-wrap elementor-element-populated\">\n\t\t\t\t\t\t<div class=\"elementor-element elementor-element-d88217c elementor-widget elementor-widget-image\" data-id=\"d88217c\" data-element_type=\"widget\" data-widget_type=\"image.default\">\n\t\t\t\t<div class=\"elementor-widget-container\">\n\t\t\t\t\t\t\t\t\t\t\t\t\t\t\t<img fetchpriority=\"high\" decoding=\"async\" width=\"1024\" height=\"682\" src=\"data:image\/gif;base64,R0lGODlhAQABAIAAAAAAAP\/\/\/yH5BAEAAAAALAAAAAABAAEAAAIBRAA7\" data-src=\"https:\/\/riit.ee\/wp-content\/uploads\/2025\/01\/1768-min-1024x682.jpg\" class=\"attachment-large size-large wp-image-6477 lazyload\" alt=\"\" data-srcset=\"https:\/\/riit.ee\/wp-content\/uploads\/2025\/01\/1768-min-1024x682.jpg 1024w, https:\/\/riit.ee\/wp-content\/uploads\/2025\/01\/1768-min-300x200.jpg 300w, https:\/\/riit.ee\/wp-content\/uploads\/2025\/01\/1768-min-768x512.jpg 768w, https:\/\/riit.ee\/wp-content\/uploads\/2025\/01\/1768-min-1536x1024.jpg 1536w, https:\/\/riit.ee\/wp-content\/uploads\/2025\/01\/1768-min-600x400.jpg 600w, https:\/\/riit.ee\/wp-content\/uploads\/2025\/01\/1768-min-64x43.jpg 64w, https:\/\/riit.ee\/wp-content\/uploads\/2025\/01\/1768-min.jpg 2000w\" sizes=\"(max-width: 1024px) 100vw, 1024px\" \/><noscript><img decoding=\"async\" width=\"1024\" height=\"682\" src=\"https:\/\/riit.ee\/wp-content\/uploads\/2025\/01\/1768-min-1024x682.jpg\" class=\"attachment-large size-large wp-image-6477 lazyload\" alt=\"\" srcset=\"https:\/\/riit.ee\/wp-content\/uploads\/2025\/01\/1768-min-1024x682.jpg 1024w, https:\/\/riit.ee\/wp-content\/uploads\/2025\/01\/1768-min-300x200.jpg 300w, https:\/\/riit.ee\/wp-content\/uploads\/2025\/01\/1768-min-768x512.jpg 768w, https:\/\/riit.ee\/wp-content\/uploads\/2025\/01\/1768-min-1536x1024.jpg 1536w, https:\/\/riit.ee\/wp-content\/uploads\/2025\/01\/1768-min-600x400.jpg 600w, https:\/\/riit.ee\/wp-content\/uploads\/2025\/01\/1768-min-64x43.jpg 64w, https:\/\/riit.ee\/wp-content\/uploads\/2025\/01\/1768-min.jpg 2000w\" sizes=\"(max-width: 1024px) 100vw, 1024px\" \/><\/noscript>\t\t\t\t\t\t\t\t\t\t\t\t\t\t\t<\/div>\n\t\t\t\t<\/div>\n\t\t\t\t\t<\/div>\n\t\t<\/div>\n\t\t\t\t<div class=\"elementor-column elementor-col-50 elementor-top-column elementor-element elementor-element-fe1a98e\" data-id=\"fe1a98e\" data-element_type=\"column\">\n\t\t\t<div class=\"elementor-widget-wrap elementor-element-populated\">\n\t\t\t\t\t\t<div class=\"elementor-element elementor-element-50cc5df elementor-invisible elementor-widget elementor-widget-heading\" data-id=\"50cc5df\" data-element_type=\"widget\" data-settings=\"{&quot;_animation&quot;:&quot;fadeInLeft&quot;}\" data-widget_type=\"heading.default\">\n\t\t\t\t<div class=\"elementor-widget-container\">\n\t\t\t\t\t<h2 class=\"elementor-heading-title elementor-size-default\">Apie mus<\/h2>\t\t\t\t<\/div>\n\t\t\t\t<\/div>\n\t\t\t\t<div class=\"elementor-element elementor-element-e684a04 elementor-widget elementor-widget-text-editor\" data-id=\"e684a04\" data-element_type=\"widget\" data-widget_type=\"text-editor.default\">\n\t\t\t\t<div class=\"elementor-widget-container\">\n\t\t\t\t\t\t\t\t\t<p>De\u0161imtme\u010dius dirba B2B ir B2C srityse, ie\u0161kodamas pramonini\u0173 kli\u016b\u010di\u0173 sprendim\u0173 ir didindamas na\u0161um\u0105.<\/p>\n\t\t\t\t\t\t\t\t<\/div>\n\t\t\t\t<\/div>\n\t\t\t\t\t<\/div>\n\t\t<\/div>\n\t\t\t\t\t<\/div>\n\t\t<\/section>\n\t\t\t\t<section class=\"elementor-section elementor-top-section elementor-element elementor-element-a0db599 elementor-section-boxed elementor-section-height-default elementor-section-height-default\" data-id=\"a0db599\" data-element_type=\"section\" data-settings=\"{&quot;background_background&quot;:&quot;classic&quot;}\">\n\t\t\t\t\t\t<div class=\"elementor-container elementor-column-gap-default\">\n\t\t\t\t\t<div class=\"elementor-column elementor-col-100 elementor-top-column elementor-element elementor-element-9f2f44e\" data-id=\"9f2f44e\" data-element_type=\"column\">\n\t\t\t<div class=\"elementor-widget-wrap elementor-element-populated\">\n\t\t\t\t\t\t<section class=\"elementor-section elementor-inner-section elementor-element elementor-element-01223c5 elementor-section-boxed elementor-section-height-default elementor-section-height-default\" data-id=\"01223c5\" data-element_type=\"section\">\n\t\t\t\t\t\t<div class=\"elementor-container elementor-column-gap-default\">\n\t\t\t\t\t<div class=\"elementor-column elementor-col-33 elementor-inner-column elementor-element elementor-element-ad1d636\" data-id=\"ad1d636\" data-element_type=\"column\">\n\t\t\t<div class=\"elementor-widget-wrap elementor-element-populated\">\n\t\t\t\t\t\t<div class=\"elementor-element elementor-element-61a6dc9 elementor-position-top elementor-widget elementor-widget-image-box\" data-id=\"61a6dc9\" data-element_type=\"widget\" data-settings=\"{&quot;_animation&quot;:&quot;none&quot;}\" data-widget_type=\"image-box.default\">\n\t\t\t\t<div class=\"elementor-widget-container\">\n\t\t\t\t\t<div class=\"elementor-image-box-wrapper\"><figure class=\"elementor-image-box-img\"><img decoding=\"async\" width=\"512\" height=\"512\" src=\"data:image\/gif;base64,R0lGODlhAQABAIAAAAAAAP\/\/\/yH5BAEAAAAALAAAAAABAAEAAAIBRAA7\" data-src=\"https:\/\/riit.ee\/wp-content\/uploads\/2025\/01\/vision_18486880.png\" class=\"attachment-full size-full wp-image-6519 lazyload\" alt=\"\" \/><noscript><img loading=\"lazy\" decoding=\"async\" width=\"512\" height=\"512\" src=\"https:\/\/riit.ee\/wp-content\/uploads\/2025\/01\/vision_18486880.png\" class=\"attachment-full size-full wp-image-6519 lazyload\" alt=\"\" srcset=\"https:\/\/riit.ee\/wp-content\/uploads\/2025\/01\/vision_18486880.png 512w, https:\/\/riit.ee\/wp-content\/uploads\/2025\/01\/vision_18486880-300x300.png 300w, https:\/\/riit.ee\/wp-content\/uploads\/2025\/01\/vision_18486880-150x150.png 150w, https:\/\/riit.ee\/wp-content\/uploads\/2025\/01\/vision_18486880-75x75.png 75w, https:\/\/riit.ee\/wp-content\/uploads\/2025\/01\/vision_18486880-100x100.png 100w, https:\/\/riit.ee\/wp-content\/uploads\/2025\/01\/vision_18486880-64x64.png 64w\" sizes=\"(max-width: 512px) 100vw, 512px\" \/><\/noscript><\/figure><div class=\"elementor-image-box-content\"><h3 class=\"elementor-image-box-title\">VIZIJA<\/h3><p class=\"elementor-image-box-description\">M\u016bs\u0173 tikslas - tapti geriausia \u012franki\u0173 internetine parduotuve regione ir pasi\u016blyti geriausius produktus profesionaliems darbuotojams, pramon\u0117s \u012fmon\u0117ms, dirbtuv\u0117ms ir amatininkams.  <\/p><\/div><\/div>\t\t\t\t<\/div>\n\t\t\t\t<\/div>\n\t\t\t\t\t<\/div>\n\t\t<\/div>\n\t\t\t\t<div class=\"elementor-column elementor-col-33 elementor-inner-column elementor-element elementor-element-71799d7\" data-id=\"71799d7\" data-element_type=\"column\">\n\t\t\t<div class=\"elementor-widget-wrap elementor-element-populated\">\n\t\t\t\t\t\t<div class=\"elementor-element elementor-element-8c0690a elementor-position-top elementor-widget elementor-widget-image-box\" data-id=\"8c0690a\" data-element_type=\"widget\" data-widget_type=\"image-box.default\">\n\t\t\t\t<div class=\"elementor-widget-container\">\n\t\t\t\t\t<div class=\"elementor-image-box-wrapper\"><figure class=\"elementor-image-box-img\"><img loading=\"lazy\" decoding=\"async\" width=\"512\" height=\"512\" src=\"data:image\/gif;base64,R0lGODlhAQABAIAAAAAAAP\/\/\/yH5BAEAAAAALAAAAAABAAEAAAIBRAA7\" data-src=\"https:\/\/riit.ee\/wp-content\/uploads\/2025\/01\/vision_1464393.png\" class=\"attachment-full size-full wp-image-6512 lazyload\" alt=\"\" \/><noscript><img loading=\"lazy\" decoding=\"async\" width=\"512\" height=\"512\" src=\"https:\/\/riit.ee\/wp-content\/uploads\/2025\/01\/vision_1464393.png\" class=\"attachment-full size-full wp-image-6512 lazyload\" alt=\"\" srcset=\"https:\/\/riit.ee\/wp-content\/uploads\/2025\/01\/vision_1464393.png 512w, https:\/\/riit.ee\/wp-content\/uploads\/2025\/01\/vision_1464393-300x300.png 300w, https:\/\/riit.ee\/wp-content\/uploads\/2025\/01\/vision_1464393-150x150.png 150w, https:\/\/riit.ee\/wp-content\/uploads\/2025\/01\/vision_1464393-75x75.png 75w, https:\/\/riit.ee\/wp-content\/uploads\/2025\/01\/vision_1464393-100x100.png 100w, https:\/\/riit.ee\/wp-content\/uploads\/2025\/01\/vision_1464393-64x64.png 64w\" sizes=\"(max-width: 512px) 100vw, 512px\" \/><\/noscript><\/figure><div class=\"elementor-image-box-content\"><h3 class=\"elementor-image-box-title\">MISIJA<\/h3><\/div><\/div>\t\t\t\t<\/div>\n\t\t\t\t<\/div>\n\t\t\t\t\t<\/div>\n\t\t<\/div>\n\t\t\t\t<div class=\"elementor-column elementor-col-33 elementor-inner-column elementor-element elementor-element-0b152e3\" data-id=\"0b152e3\" data-element_type=\"column\">\n\t\t\t<div class=\"elementor-widget-wrap elementor-element-populated\">\n\t\t\t\t\t\t<div class=\"elementor-element elementor-element-6eabe3f elementor-position-top elementor-widget elementor-widget-image-box\" data-id=\"6eabe3f\" data-element_type=\"widget\" data-widget_type=\"image-box.default\">\n\t\t\t\t<div class=\"elementor-widget-container\">\n\t\t\t\t\t<div class=\"elementor-image-box-wrapper\"><figure class=\"elementor-image-box-img\"><img loading=\"lazy\" decoding=\"async\" width=\"512\" height=\"512\" src=\"data:image\/gif;base64,R0lGODlhAQABAIAAAAAAAP\/\/\/yH5BAEAAAAALAAAAAABAAEAAAIBRAA7\" data-src=\"https:\/\/riit.ee\/wp-content\/uploads\/2025\/01\/value-proposal_9792936-1.jpg\" class=\"attachment-full size-full wp-image-6543 lazyload\" alt=\"\" \/><noscript><img loading=\"lazy\" decoding=\"async\" width=\"512\" height=\"512\" src=\"https:\/\/riit.ee\/wp-content\/uploads\/2025\/01\/value-proposal_9792936-1.jpg\" class=\"attachment-full size-full wp-image-6543 lazyload\" alt=\"\" srcset=\"https:\/\/riit.ee\/wp-content\/uploads\/2025\/01\/value-proposal_9792936-1.jpg 512w, https:\/\/riit.ee\/wp-content\/uploads\/2025\/01\/value-proposal_9792936-1-300x300.jpg 300w, https:\/\/riit.ee\/wp-content\/uploads\/2025\/01\/value-proposal_9792936-1-150x150.jpg 150w, https:\/\/riit.ee\/wp-content\/uploads\/2025\/01\/value-proposal_9792936-1-75x75.jpg 75w, https:\/\/riit.ee\/wp-content\/uploads\/2025\/01\/value-proposal_9792936-1-100x100.jpg 100w, https:\/\/riit.ee\/wp-content\/uploads\/2025\/01\/value-proposal_9792936-1-64x64.jpg 64w\" sizes=\"(max-width: 512px) 100vw, 512px\" \/><\/noscript><\/figure><div class=\"elementor-image-box-content\"><h3 class=\"elementor-image-box-title\">VERTYB\u0116S<\/h3><\/div><\/div>\t\t\t\t<\/div>\n\t\t\t\t<\/div>\n\t\t\t\t\t<\/div>\n\t\t<\/div>\n\t\t\t\t\t<\/div>\n\t\t<\/section>\n\t\t\t\t\t<\/div>\n\t\t<\/div>\n\t\t\t\t\t<\/div>\n\t\t<\/section>\n\t\t\t\t<\/div>\n\t\t","protected":false},"excerpt":{"rendered":"<p>Home \/ Apie mus De\u0161imtme\u010dius dirba B2B ir B2C srityse, ie\u0161kodamas pramonini\u0173 kli\u016b\u010di\u0173 sprendim\u0173 ir didindamas na\u0161um\u0105. VIZIJA M\u016bs\u0173 tikslas [&hellip;]<\/p>\n","protected":false},"author":26,"featured_media":0,"parent":0,"menu_order":0,"comment_status":"closed","ping_status":"closed","template":"","meta":{"_acf_changed":false,"_eb_attr":"","_monsterinsights_skip_tracking":false,"_monsterinsights_sitenote_active":false,"_monsterinsights_sitenote_note":"","_monsterinsights_sitenote_category":0,"site-sidebar-layout":"no-sidebar","site-content-layout":"","ast-site-content-layout":"full-width-container","site-content-style":"default","site-sidebar-style":"default","ast-global-header-display":"","ast-banner-title-visibility":"","ast-main-header-display":"","ast-hfb-above-header-display":"","ast-hfb-below-header-display":"","ast-hfb-mobile-header-display":"","site-post-title":"disabled","ast-breadcrumbs-content":"","ast-featured-img":"disabled","footer-sml-layout":"","theme-transparent-header-meta":"default","adv-header-id-meta":"","stick-header-meta":"","header-above-stick-meta":"","header-main-stick-meta":"","header-below-stick-meta":"","astra-migrate-meta-layouts":"set","ast-page-background-enabled":"default","ast-page-background-meta":{"desktop":{"background-color":"var(--ast-global-color-4)","background-image":"","background-repeat":"repeat","background-position":"center center","background-size":"auto","background-attachment":"scroll","background-type":"","background-media":"","overlay-type":"","overlay-color":"","overlay-opacity":"","overlay-gradient":""},"tablet":{"background-color":"","background-image":"","background-repeat":"repeat","background-position":"center center","background-size":"auto","background-attachment":"scroll","background-type":"","background-media":"","overlay-type":"","overlay-color":"","overlay-opacity":"","overlay-gradient":""},"mobile":{"background-color":"","background-image":"","background-repeat":"repeat","background-position":"center center","background-size":"auto","background-attachment":"scroll","background-type":"","background-media":"","overlay-type":"","overlay-color":"","overlay-opacity":"","overlay-gradient":""}},"ast-content-background-meta":{"desktop":{"background-color":"var(--ast-global-color-5)","background-image":"","background-repeat":"repeat","background-position":"center center","background-size":"auto","background-attachment":"scroll","background-type":"","background-media":"","overlay-type":"","overlay-color":"","overlay-opacity":"","overlay-gradient":""},"tablet":{"background-color":"var(--ast-global-color-5)","background-image":"","background-repeat":"repeat","background-position":"center center","background-size":"auto","background-attachment":"scroll","background-type":"","background-media":"","overlay-type":"","overlay-color":"","overlay-opacity":"","overlay-gradient":""},"mobile":{"background-color":"var(--ast-global-color-5)","background-image":"","background-repeat":"repeat","background-position":"center center","background-size":"auto","background-attachment":"scroll","background-type":"","background-media":"","overlay-type":"","overlay-color":"","overlay-opacity":"","overlay-gradient":""}},"footnotes":""},"class_list":["post-13817","page","type-page","status-publish","hentry"],"acf":[],"yoast_head":"<!-- This site is optimized with the Yoast SEO plugin v24.2 - https:\/\/yoast.com\/wordpress\/plugins\/seo\/ -->\n<title>Apie mus - RT<\/title>\n<meta name=\"robots\" content=\"index, follow, max-snippet:-1, max-image-preview:large, max-video-preview:-1\" \/>\n<link rel=\"canonical\" href=\"https:\/\/riit.ee\/lt\/apie-mus\/\" \/>\n<meta property=\"og:locale\" content=\"lt_LT\" \/>\n<meta property=\"og:type\" content=\"article\" \/>\n<meta property=\"og:title\" content=\"Apie mus - RT\" \/>\n<meta property=\"og:description\" content=\"Home \/ Apie mus De\u0161imtme\u010dius dirba B2B ir B2C srityse, ie\u0161kodamas pramonini\u0173 kli\u016b\u010di\u0173 sprendim\u0173 ir didindamas na\u0161um\u0105. VIZIJA M\u016bs\u0173 tikslas [&hellip;]\" \/>\n<meta property=\"og:url\" content=\"https:\/\/riit.ee\/lt\/apie-mus\/\" \/>\n<meta property=\"og:site_name\" content=\"RT\" \/>\n<meta property=\"article:modified_time\" content=\"2025-03-20T09:35:01+00:00\" \/>\n<meta property=\"og:image\" content=\"https:\/\/riit.ee\/wp-content\/uploads\/2025\/01\/1768-min-1024x682.jpg\" \/>\n<meta name=\"twitter:card\" content=\"summary_large_image\" \/>\n<meta name=\"twitter:label1\" content=\"Est. reading time\" \/>\n\t<meta name=\"twitter:data1\" content=\"1 minut\u0117\" \/>\n<script type=\"application\/ld+json\" class=\"yoast-schema-graph\">{\"@context\":\"https:\/\/schema.org\",\"@graph\":[{\"@type\":\"WebPage\",\"@id\":\"https:\/\/riit.ee\/lt\/apie-mus\/\",\"url\":\"https:\/\/riit.ee\/lt\/apie-mus\/\",\"name\":\"Apie mus - RT\",\"isPartOf\":{\"@id\":\"https:\/\/riit.ee\/lt\/#website\"},\"primaryImageOfPage\":{\"@id\":\"https:\/\/riit.ee\/lt\/apie-mus\/#primaryimage\"},\"image\":{\"@id\":\"https:\/\/riit.ee\/lt\/apie-mus\/#primaryimage\"},\"thumbnailUrl\":\"https:\/\/riit.ee\/wp-content\/uploads\/2025\/01\/1768-min-1024x682.jpg\",\"datePublished\":\"2025-01-09T05:30:12+00:00\",\"dateModified\":\"2025-03-20T09:35:01+00:00\",\"breadcrumb\":{\"@id\":\"https:\/\/riit.ee\/lt\/apie-mus\/#breadcrumb\"},\"inLanguage\":\"lt-LT\",\"potentialAction\":[{\"@type\":\"ReadAction\",\"target\":[\"https:\/\/riit.ee\/lt\/apie-mus\/\"]}]},{\"@type\":\"ImageObject\",\"inLanguage\":\"lt-LT\",\"@id\":\"https:\/\/riit.ee\/lt\/apie-mus\/#primaryimage\",\"url\":\"https:\/\/riit.ee\/wp-content\/uploads\/2025\/01\/1768-min-1024x682.jpg\",\"contentUrl\":\"https:\/\/riit.ee\/wp-content\/uploads\/2025\/01\/1768-min-1024x682.jpg\"},{\"@type\":\"BreadcrumbList\",\"@id\":\"https:\/\/riit.ee\/lt\/apie-mus\/#breadcrumb\",\"itemListElement\":[{\"@type\":\"ListItem\",\"position\":1,\"name\":\"Home\",\"item\":\"https:\/\/riit.ee\/lt\/\"},{\"@type\":\"ListItem\",\"position\":2,\"name\":\"Apie mus\"}]},{\"@type\":\"WebSite\",\"@id\":\"https:\/\/riit.ee\/lt\/#website\",\"url\":\"https:\/\/riit.ee\/lt\/\",\"name\":\"RT\",\"description\":\"\",\"potentialAction\":[{\"@type\":\"SearchAction\",\"target\":{\"@type\":\"EntryPoint\",\"urlTemplate\":\"https:\/\/riit.ee\/lt\/?s={search_term_string}\"},\"query-input\":{\"@type\":\"PropertyValueSpecification\",\"valueRequired\":true,\"valueName\":\"search_term_string\"}}],\"inLanguage\":\"lt-LT\"}]}<\/script>\n<!-- \/ Yoast SEO plugin. -->","yoast_head_json":{"title":"Apie mus - RT","robots":{"index":"index","follow":"follow","max-snippet":"max-snippet:-1","max-image-preview":"max-image-preview:large","max-video-preview":"max-video-preview:-1"},"canonical":"https:\/\/riit.ee\/lt\/apie-mus\/","og_locale":"lt_LT","og_type":"article","og_title":"Apie mus - RT","og_description":"Home \/ Apie mus De\u0161imtme\u010dius dirba B2B ir B2C srityse, ie\u0161kodamas pramonini\u0173 kli\u016b\u010di\u0173 sprendim\u0173 ir didindamas na\u0161um\u0105. VIZIJA M\u016bs\u0173 tikslas [&hellip;]","og_url":"https:\/\/riit.ee\/lt\/apie-mus\/","og_site_name":"RT","article_modified_time":"2025-03-20T09:35:01+00:00","og_image":[{"url":"https:\/\/riit.ee\/wp-content\/uploads\/2025\/01\/1768-min-1024x682.jpg","type":"","width":"","height":""}],"twitter_card":"summary_large_image","twitter_misc":{"Est. reading time":"1 minut\u0117"},"schema":{"@context":"https:\/\/schema.org","@graph":[{"@type":"WebPage","@id":"https:\/\/riit.ee\/lt\/apie-mus\/","url":"https:\/\/riit.ee\/lt\/apie-mus\/","name":"Apie mus - RT","isPartOf":{"@id":"https:\/\/riit.ee\/lt\/#website"},"primaryImageOfPage":{"@id":"https:\/\/riit.ee\/lt\/apie-mus\/#primaryimage"},"image":{"@id":"https:\/\/riit.ee\/lt\/apie-mus\/#primaryimage"},"thumbnailUrl":"https:\/\/riit.ee\/wp-content\/uploads\/2025\/01\/1768-min-1024x682.jpg","datePublished":"2025-01-09T05:30:12+00:00","dateModified":"2025-03-20T09:35:01+00:00","breadcrumb":{"@id":"https:\/\/riit.ee\/lt\/apie-mus\/#breadcrumb"},"inLanguage":"lt-LT","potentialAction":[{"@type":"ReadAction","target":["https:\/\/riit.ee\/lt\/apie-mus\/"]}]},{"@type":"ImageObject","inLanguage":"lt-LT","@id":"https:\/\/riit.ee\/lt\/apie-mus\/#primaryimage","url":"https:\/\/riit.ee\/wp-content\/uploads\/2025\/01\/1768-min-1024x682.jpg","contentUrl":"https:\/\/riit.ee\/wp-content\/uploads\/2025\/01\/1768-min-1024x682.jpg"},{"@type":"BreadcrumbList","@id":"https:\/\/riit.ee\/lt\/apie-mus\/#breadcrumb","itemListElement":[{"@type":"ListItem","position":1,"name":"Home","item":"https:\/\/riit.ee\/lt\/"},{"@type":"ListItem","position":2,"name":"Apie mus"}]},{"@type":"WebSite","@id":"https:\/\/riit.ee\/lt\/#website","url":"https:\/\/riit.ee\/lt\/","name":"RT","description":"","potentialAction":[{"@type":"SearchAction","target":{"@type":"EntryPoint","urlTemplate":"https:\/\/riit.ee\/lt\/?s={search_term_string}"},"query-input":{"@type":"PropertyValueSpecification","valueRequired":true,"valueName":"search_term_string"}}],"inLanguage":"lt-LT"}]}},"_links":{"self":[{"href":"https:\/\/riit.ee\/lt\/wp-json\/wp\/v2\/pages\/13817","targetHints":{"allow":["GET"]}}],"collection":[{"href":"https:\/\/riit.ee\/lt\/wp-json\/wp\/v2\/pages"}],"about":[{"href":"https:\/\/riit.ee\/lt\/wp-json\/wp\/v2\/types\/page"}],"author":[{"embeddable":true,"href":"https:\/\/riit.ee\/lt\/wp-json\/wp\/v2\/users\/26"}],"replies":[{"embeddable":true,"href":"https:\/\/riit.ee\/lt\/wp-json\/wp\/v2\/comments?post=13817"}],"version-history":[{"count":4,"href":"https:\/\/riit.ee\/lt\/wp-json\/wp\/v2\/pages\/13817\/revisions"}],"predecessor-version":[{"id":44750,"href":"https:\/\/riit.ee\/lt\/wp-json\/wp\/v2\/pages\/13817\/revisions\/44750"}],"wp:attachment":[{"href":"https:\/\/riit.ee\/lt\/wp-json\/wp\/v2\/media?parent=13817"}],"curies":[{"name":"wp","href":"https:\/\/api.w.org\/{rel}","templated":true}]}}