{"id":13920,"date":"2025-01-09T07:27:14","date_gmt":"2025-01-09T07:27:14","guid":{"rendered":"https:\/\/riit.ee\/palvelun-ehdot\/"},"modified":"2025-03-20T09:57:00","modified_gmt":"2025-03-20T09:57:00","slug":"palvelun-ehdot","status":"publish","type":"page","link":"https:\/\/riit.ee\/fi\/palvelun-ehdot\/","title":{"rendered":"palvelun ehdot"},"content":{"rendered":"\t\t<div data-elementor-type=\"wp-page\" data-elementor-id=\"13920\" class=\"elementor elementor-13920 elementor-6608\" data-elementor-post-type=\"page\">\n\t\t\t\t\t\t<section class=\"elementor-section elementor-top-section elementor-element elementor-element-79fa1d1 elementor-section-boxed elementor-section-height-default elementor-section-height-default\" data-id=\"79fa1d1\" data-element_type=\"section\">\n\t\t\t\t\t\t<div class=\"elementor-container elementor-column-gap-default\">\n\t\t\t\t\t<div class=\"elementor-column elementor-col-100 elementor-top-column elementor-element elementor-element-5933cb6\" data-id=\"5933cb6\" data-element_type=\"column\">\n\t\t\t<div class=\"elementor-widget-wrap elementor-element-populated\">\n\t\t\t\t\t\t<div class=\"elementor-element elementor-element-8c650f7 elementor-widget elementor-widget-heading\" data-id=\"8c650f7\" data-element_type=\"widget\" data-widget_type=\"heading.default\">\n\t\t\t\t<div class=\"elementor-widget-container\">\n\t\t\t\t\t<h2 class=\"elementor-heading-title elementor-size-default\">EHDOT JA EDELLYTYKSET<\/h2>\t\t\t\t<\/div>\n\t\t\t\t<\/div>\n\t\t\t\t<div class=\"elementor-element elementor-element-994a7a0 elementor-widget elementor-widget-text-editor\" data-id=\"994a7a0\" data-element_type=\"widget\" data-widget_type=\"text-editor.default\">\n\t\t\t\t<div class=\"elementor-widget-container\">\n\t\t\t\t\t\t\t\t\t<p>Riit.ee-verkkokaupan (j\u00e4ljemp\u00e4n\u00e4 verkkokauppa) omistaja on O\u00dc Riidaku T\u00f6\u00f6koda rekisteritunnus 10223356, joka sijaitsee Riidakun kyl\u00e4ss\u00e4, Raplamaalla, Virossa.<\/p>\n<p><strong>Myyntisopimuksen voimassaoloaika sek\u00e4 tietoja tavaroista ja hinnoista  <\/strong><\/p>\n<p>Myyntiehdot koskevat tavaroiden ostamista verkkokaupasta. Verkkokaupassa myyt\u00e4vien tuotteiden hinnat on ilmoitettu tuotteiden vieress\u00e4. Hintaan lis\u00e4t\u00e4\u00e4n tavaroiden toimitusmaksu. Tavaroiden toimitusmaksu riippuu ostajan sijainnista ja toimitustavasta. Toimitusmaksu n\u00e4ytet\u00e4\u00e4n ostajalle tilausta teht\u00e4ess\u00e4. Tavaroita koskevat tiedot ilmoitetaan verkkokaupassa tavaroiden vieress\u00e4.     <\/p>\n<p><strong>Tilauksen tekeminen  <\/strong><\/p>\n<p>Tavaroiden tilaamiseksi pyydetyt tavarat on lis\u00e4tt\u00e4v\u00e4 ostoskoriin. Tilauksen viimeistely\u00e4 varten on t\u00e4ytett\u00e4v\u00e4 vaaditut tietokent\u00e4t ja valittava sopiva toimitustapa. T\u00e4m\u00e4n j\u00e4lkeen n\u00e4yt\u00f6ll\u00e4 n\u00e4kyy kokonaishinta, joka voidaan maksaa pankkilinkin kautta tai muulla maksuratkaisulla. Sopimus tulee voimaan, kun maksettava summa on hyvitetty verkkokaupan pankkitilille. Jos tilattua tavaraa ei ole mahdollista toimittaa varastojen puutteen tai muun syyn vuoksi, ostajalle ilmoitetaan asiasta mahdollisimman pian ja maksetut kustannukset (toimituskulut mukaan lukien) palautetaan yleens\u00e4 1-2 ty\u00f6p\u00e4iv\u00e4n kuluessa. Maksutavasta riippuen palautus voi kest\u00e4\u00e4 jopa seitsem\u00e4n ty\u00f6p\u00e4iv\u00e4\u00e4.     <\/p>\n<p><strong>Toimitus  <\/strong><\/p>\n<p>Tavarat toimitetaan seuraaviin maihin: Viro, Latvia, Liettua, Suomi, Ruotsi ja Norja. Tavaroiden toimituskustannuksista vastaa ostaja, ja vastaavat hintatiedot n\u00e4kyv\u00e4t toimitustavan vieress\u00e4. Virossa paketit saapuvat yleens\u00e4 ostajan ilmoittamaan paikkaan 3-7 ty\u00f6p\u00e4iv\u00e4n kuluessa kauppasopimuksen voimaantulosta. Viron ulkopuolella tavarat toimitetaan yleens\u00e4 14 kalenterip\u00e4iv\u00e4n kuluessa. Poikkeustapauksissa tavarat voidaan toimittaa jopa 30 kalenterip\u00e4iv\u00e4n kuluessa. Jos verkkokauppa on ilmoittanut ostajalle verkkosivuillaan tai tilausvahvistuksessa toimitusongelmista ja 30 kalenterip\u00e4iv\u00e4\u00e4 pidemm\u00e4st\u00e4 m\u00e4\u00e4r\u00e4ajasta, sovelletaan verkkokaupan ilmoittamaa m\u00e4\u00e4r\u00e4aikaa.     <\/p>\n<p><strong>Peruuttamisoikeus  <\/strong><\/p>\n<p>Tilauksen saatuaan ostajalla on oikeus peruuttaa verkkokaupan kanssa tehty sopimus 14 p\u00e4iv\u00e4n kuluessa [tavarasta riippuen ostajalla ei v\u00e4ltt\u00e4m\u00e4tt\u00e4 ole peruutusoikeutta; t\u00e4ll\u00f6in kyseiset tavarat ja palvelut on lueteltava ja niiden on t\u00e4ytett\u00e4v\u00e4 velvoiteoikeuslain 53 \u00a7:n 4 momentissa s\u00e4\u00e4detyt vaatimukset].<\/p>\n<p>Peruuttamisoikeutta ei sovelleta, jos ostaja on oikeushenkil\u00f6.<\/p>\n<p>14 p\u00e4iv\u00e4n peruuttamisoikeuden k\u00e4ytt\u00e4miseksi ostaja ei saa k\u00e4ytt\u00e4\u00e4 tilattuja tavaroita muulla tavoin kuin on tarpeen tavaroiden luonteen, ominaisuuksien ja toiminnan tutkimiseksi samalla tavalla kuin ostaja voisi testata tavaroita fyysisess\u00e4 myym\u00e4l\u00e4ss\u00e4. Jos tuotteita on k\u00e4ytetty muulla tavoin kuin on tarpeen tavaroiden luonteen, ominaisuuksien tai toimivuuden tutkimiseksi tai niiss\u00e4 on kulumisj\u00e4lki\u00e4, verkkokaupalla on oikeus alentaa palautettavaa summaa tavaroiden arvon alenemisen mukaisesti. <\/p>\n<p>Palauttaakseen tavarat ostajan on teht\u00e4v\u00e4 peruutushakemus, jonka lomake l\u00f6ytyy osoitteesta riit.ee &#8217;Peruutushakemus&#8217;, ja l\u00e4hetett\u00e4v\u00e4 se s\u00e4hk\u00f6postitse viimeist\u00e4\u00e4n 14 p\u00e4iv\u00e4n kuluessa tavaroiden vastaanottamisesta. Ostaja vastaa tavaroiden palauttamisesta aiheutuvista kustannuksista, ellei palautuksen syyn\u00e4 ole se, ett\u00e4 palautettava tuote ei vastaa tilattua tuotetta (esim. virheellinen tai viallinen tuote). Ostajan on palautettava tavarat 14 p\u00e4iv\u00e4n kuluessa siit\u00e4, kun h\u00e4n on esitt\u00e4nyt sit\u00e4 koskevan hakemuksensa, tai esitett\u00e4v\u00e4 todiste siit\u00e4, ett\u00e4 tavarat on luovutettu rahdinkuljettajalle kyseisen ajan kuluessa. Vastaanotettuaan palautetut tavarat verkkokauppa palauttaa ostajalle kaikki ostajalta sopimuksen perusteella saamansa summat v\u00e4litt\u00f6m\u00e4sti, mutta viimeist\u00e4\u00e4n 14 p\u00e4iv\u00e4n kuluessa peruuttamispyynn\u00f6n vastaanottamisesta. Verkkokauppa voi kielt\u00e4yty\u00e4 k\u00e4sittelem\u00e4st\u00e4 palautusta, kunnes se on saanut sopimuksen kohteena olevan tavaran tai kunnes ostaja on esitt\u00e4nyt todisteen siit\u00e4, ett\u00e4 tavara on palautettu, riippuen siit\u00e4, kumpi tapahtuu ensin. Jos ostaja on nimenomaisesti valinnut toimitustavan, joka poikkeaa verkkokaupan tarjoamasta edullisimmasta tavanomaisesta toimitustavasta, verkkokauppa ei ole velvollinen palauttamaan kuluttajalle tavanomaisen toimituksen kustannukset ylitt\u00e4v\u00e4\u00e4 m\u00e4\u00e4r\u00e4\u00e4. Verkkokaupalla on oikeus peruuttaa myyntitapahtuma ja vaatia ostajaa palauttamaan tavarat, jos verkkokaupassa merkitty hinta on virheen vuoksi huomattavasti alhaisempi kuin tavaroiden markkinahinta.      <\/p>\n<p><strong>Oikeus tehd\u00e4 valitus  <\/strong><\/p>\n<p>Verkkokauppa on vastuussa siit\u00e4, ett\u00e4 ostajalle myyty tavara ei ole sopimusehtojen mukainen tai ett\u00e4 se on virheellinen tavaran toimitushetkell\u00e4 ja ett\u00e4 virheet ilmenev\u00e4t enint\u00e4\u00e4n kahden vuoden kuluessa siit\u00e4, kun tavara on toimitettu ostajalle. Ensimm\u00e4isen vuoden kuluessa siit\u00e4, kun tavara on toimitettu ostajalle, oletetaan, ett\u00e4 virhe oli olemassa jo toimitushetkell\u00e4. Verkkokaupan vastuulla on kiist\u00e4\u00e4 t\u00e4m\u00e4. Jos virhe ilmenee, ostajalla on oikeus ottaa yhteytt\u00e4 verkkokauppaan viimeist\u00e4\u00e4n kahden kuukauden kuluessa l\u00e4hett\u00e4m\u00e4ll\u00e4 s\u00e4hk\u00f6postia osoitteeseen pood@riit.ee tai soittamalla numeroon +37 250 51 380. Verkkokauppa ei ole vastuussa virheist\u00e4, jotka ovat syntyneet kuluttajan toiminnan tai laiminly\u00f6nnin (virheellinen k\u00e4ytt\u00f6, onnettomuus jne.) seurauksena sen j\u00e4lkeen, kun tavara on toimitettu, tai tavanomaisesta kulumisesta, joka johtuu tavanomaisesta k\u00e4yt\u00f6st\u00e4. Jos verkkokaupasta ostetuissa tavaroissa on virheit\u00e4, joista verkkokauppa on vastuussa, verkkokauppa korjaa tai vaihtaa vialliset tavarat. Jos tavaroita ei voida korjata tai korvata, verkkokauppa palauttaa ostajalle kaikki kauppasopimuksesta aiheutuneet maksut. Verkkokauppa vastaa kuluttajan valitukseen 15 p\u00e4iv\u00e4n kuluessa kirjallisesti tai kirjallisesti toistettavassa muodossa.       <\/p>\n<p><strong>Riitojen ratkaiseminen<\/strong><\/p>\n<p>Jos ostajalla on verkkokauppaa koskevia valituksia, h\u00e4nen tulee l\u00e4hett\u00e4\u00e4 ne s\u00e4hk\u00f6postitse osoitteeseen pood@riit.ee sopimus, ostajalla on oikeus k\u00e4\u00e4nty\u00e4 kuluttajariitalautakunnan puoleen. Menettelys\u00e4\u00e4nt\u00f6ihin voi tutustua ja hakemuksen voi tehd\u00e4 <a href=\"https:\/\/ttja.ee\/tarbijavaidluste-komisjon\">https:\/\/ttja.ee\/tarbijavaidluste-komisjon.<\/a> <\/p>\n<p>Kuluttajariitalautakunnalla on valtuudet ratkaista ostajan ja verkkokaupan v\u00e4lisest\u00e4 sopimuksesta johtuvat riidat. Komitea k\u00e4sittelee ostajan valitukset maksutta. Ostaja voi k\u00e4\u00e4nty\u00e4 EU:n verkkov\u00e4litteisen riidanratkaisufoorumin puoleen.  <\/p>\n<p>Viestint\u00e4laite sopimuksesta tehdyn sopimuksen avulla ja liiketilojen ulkopuolella<br \/>sopimuksesta tehdyn vet\u00e4ytymisilmoituksen vakiolomake . T\u00e4yt\u00e4 ja palauta t\u00e4m\u00e4 lomake vain, jos<br \/>haluat sopimuksesta vet\u00e4yty\u00e4 :<br \/>&#8211; vastaanottaja Riddle Workshop O\u00dc, riit.ee, pood@riit.ee;<br \/>&#8211; T\u00e4ten peruutan \/ peruutamme (*) sopimuksesta , jonka kohteena on seuraava asia (*) \/ seuraava<br \/>palvelu (*) &#8211; tilauksen j\u00e4tt\u00f6p\u00e4iv\u00e4 (*) \/ asian vastaanottop\u00e4iv\u00e4 (*)<br \/>&#8211; kuluttajan nimi \/ kuluttajien nimet<br \/>&#8211; kuluttajan osoite \/ kuluttajien osoitteet<br \/>&#8211; kuluttajan allekirjoitus \/ kuluttajan allekirjoitukset ( vain jos t\u00e4m\u00e4 lomake esitet\u00e4\u00e4n paperilla )<br \/>&#8211; p\u00e4iv\u00e4m\u00e4\u00e4r\u00e4 <\/p>\n\t\t\t\t\t\t\t\t<\/div>\n\t\t\t\t<\/div>\n\t\t\t\t\t<\/div>\n\t\t<\/div>\n\t\t\t\t\t<\/div>\n\t\t<\/section>\n\t\t\t\t<\/div>\n\t\t","protected":false},"excerpt":{"rendered":"<p>EHDOT JA EDELLYTYKSET Riit.ee-verkkokaupan (j\u00e4ljemp\u00e4n\u00e4 verkkokauppa) omistaja on O\u00dc Riidaku T\u00f6\u00f6koda rekisteritunnus 10223356, joka sijaitsee Riidakun kyl\u00e4ss\u00e4, Raplamaalla, Virossa. Myyntisopimuksen [&hellip;]<\/p>\n","protected":false},"author":26,"featured_media":0,"parent":0,"menu_order":0,"comment_status":"closed","ping_status":"closed","template":"","meta":{"_acf_changed":false,"_eb_attr":"","_monsterinsights_skip_tracking":false,"_monsterinsights_sitenote_active":false,"_monsterinsights_sitenote_note":"","_monsterinsights_sitenote_category":0,"site-sidebar-layout":"no-sidebar","site-content-layout":"","ast-site-content-layout":"full-width-container","site-content-style":"default","site-sidebar-style":"default","ast-global-header-display":"","ast-banner-title-visibility":"","ast-main-header-display":"","ast-hfb-above-header-display":"","ast-hfb-below-header-display":"","ast-hfb-mobile-header-display":"","site-post-title":"disabled","ast-breadcrumbs-content":"","ast-featured-img":"disabled","footer-sml-layout":"","theme-transparent-header-meta":"default","adv-header-id-meta":"","stick-header-meta":"","header-above-stick-meta":"","header-main-stick-meta":"","header-below-stick-meta":"","astra-migrate-meta-layouts":"default","ast-page-background-enabled":"default","ast-page-background-meta":{"desktop":{"background-color":"var(--ast-global-color-4)","background-image":"","background-repeat":"repeat","background-position":"center center","background-size":"auto","background-attachment":"scroll","background-type":"","background-media":"","overlay-type":"","overlay-color":"","overlay-opacity":"","overlay-gradient":""},"tablet":{"background-color":"","background-image":"","background-repeat":"repeat","background-position":"center center","background-size":"auto","background-attachment":"scroll","background-type":"","background-media":"","overlay-type":"","overlay-color":"","overlay-opacity":"","overlay-gradient":""},"mobile":{"background-color":"","background-image":"","background-repeat":"repeat","background-position":"center center","background-size":"auto","background-attachment":"scroll","background-type":"","background-media":"","overlay-type":"","overlay-color":"","overlay-opacity":"","overlay-gradient":""}},"ast-content-background-meta":{"desktop":{"background-color":"var(--ast-global-color-5)","background-image":"","background-repeat":"repeat","background-position":"center center","background-size":"auto","background-attachment":"scroll","background-type":"","background-media":"","overlay-type":"","overlay-color":"","overlay-opacity":"","overlay-gradient":""},"tablet":{"background-color":"var(--ast-global-color-5)","background-image":"","background-repeat":"repeat","background-position":"center center","background-size":"auto","background-attachment":"scroll","background-type":"","background-media":"","overlay-type":"","overlay-color":"","overlay-opacity":"","overlay-gradient":""},"mobile":{"background-color":"var(--ast-global-color-5)","background-image":"","background-repeat":"repeat","background-position":"center center","background-size":"auto","background-attachment":"scroll","background-type":"","background-media":"","overlay-type":"","overlay-color":"","overlay-opacity":"","overlay-gradient":""}},"footnotes":""},"class_list":["post-13920","page","type-page","status-publish","hentry"],"acf":[],"yoast_head":"<!-- This site is optimized with the Yoast SEO plugin v24.2 - https:\/\/yoast.com\/wordpress\/plugins\/seo\/ -->\n<title>palvelun ehdot - RT<\/title>\n<meta name=\"robots\" content=\"index, follow, max-snippet:-1, max-image-preview:large, max-video-preview:-1\" \/>\n<link rel=\"canonical\" href=\"https:\/\/riit.ee\/fi\/palvelun-ehdot\/\" \/>\n<meta property=\"og:locale\" content=\"fi_FI\" \/>\n<meta property=\"og:type\" content=\"article\" \/>\n<meta property=\"og:title\" content=\"palvelun ehdot - RT\" \/>\n<meta property=\"og:description\" content=\"EHDOT JA EDELLYTYKSET Riit.ee-verkkokaupan (j\u00e4ljemp\u00e4n\u00e4 verkkokauppa) omistaja on O\u00dc Riidaku T\u00f6\u00f6koda rekisteritunnus 10223356, joka sijaitsee Riidakun kyl\u00e4ss\u00e4, Raplamaalla, Virossa. Myyntisopimuksen [&hellip;]\" \/>\n<meta property=\"og:url\" content=\"https:\/\/riit.ee\/fi\/palvelun-ehdot\/\" \/>\n<meta property=\"og:site_name\" content=\"RT\" \/>\n<meta property=\"article:modified_time\" content=\"2025-03-20T09:57:00+00:00\" \/>\n<meta name=\"twitter:card\" content=\"summary_large_image\" \/>\n<script type=\"application\/ld+json\" class=\"yoast-schema-graph\">{\"@context\":\"https:\/\/schema.org\",\"@graph\":[{\"@type\":\"WebPage\",\"@id\":\"https:\/\/riit.ee\/fi\/palvelun-ehdot\/\",\"url\":\"https:\/\/riit.ee\/fi\/palvelun-ehdot\/\",\"name\":\"palvelun ehdot - RT\",\"isPartOf\":{\"@id\":\"https:\/\/riit.ee\/fi\/#website\"},\"datePublished\":\"2025-01-09T07:27:14+00:00\",\"dateModified\":\"2025-03-20T09:57:00+00:00\",\"breadcrumb\":{\"@id\":\"https:\/\/riit.ee\/fi\/palvelun-ehdot\/#breadcrumb\"},\"inLanguage\":\"fi\",\"potentialAction\":[{\"@type\":\"ReadAction\",\"target\":[\"https:\/\/riit.ee\/fi\/palvelun-ehdot\/\"]}]},{\"@type\":\"BreadcrumbList\",\"@id\":\"https:\/\/riit.ee\/fi\/palvelun-ehdot\/#breadcrumb\",\"itemListElement\":[{\"@type\":\"ListItem\",\"position\":1,\"name\":\"Home\",\"item\":\"https:\/\/riit.ee\/fi\/\"},{\"@type\":\"ListItem\",\"position\":2,\"name\":\"palvelun ehdot\"}]},{\"@type\":\"WebSite\",\"@id\":\"https:\/\/riit.ee\/fi\/#website\",\"url\":\"https:\/\/riit.ee\/fi\/\",\"name\":\"RT\",\"description\":\"\",\"potentialAction\":[{\"@type\":\"SearchAction\",\"target\":{\"@type\":\"EntryPoint\",\"urlTemplate\":\"https:\/\/riit.ee\/fi\/?s={search_term_string}\"},\"query-input\":{\"@type\":\"PropertyValueSpecification\",\"valueRequired\":true,\"valueName\":\"search_term_string\"}}],\"inLanguage\":\"fi\"}]}<\/script>\n<!-- \/ Yoast SEO plugin. -->","yoast_head_json":{"title":"palvelun ehdot - RT","robots":{"index":"index","follow":"follow","max-snippet":"max-snippet:-1","max-image-preview":"max-image-preview:large","max-video-preview":"max-video-preview:-1"},"canonical":"https:\/\/riit.ee\/fi\/palvelun-ehdot\/","og_locale":"fi_FI","og_type":"article","og_title":"palvelun ehdot - RT","og_description":"EHDOT JA EDELLYTYKSET Riit.ee-verkkokaupan (j\u00e4ljemp\u00e4n\u00e4 verkkokauppa) omistaja on O\u00dc Riidaku T\u00f6\u00f6koda rekisteritunnus 10223356, joka sijaitsee Riidakun kyl\u00e4ss\u00e4, Raplamaalla, Virossa. Myyntisopimuksen [&hellip;]","og_url":"https:\/\/riit.ee\/fi\/palvelun-ehdot\/","og_site_name":"RT","article_modified_time":"2025-03-20T09:57:00+00:00","twitter_card":"summary_large_image","schema":{"@context":"https:\/\/schema.org","@graph":[{"@type":"WebPage","@id":"https:\/\/riit.ee\/fi\/palvelun-ehdot\/","url":"https:\/\/riit.ee\/fi\/palvelun-ehdot\/","name":"palvelun ehdot - RT","isPartOf":{"@id":"https:\/\/riit.ee\/fi\/#website"},"datePublished":"2025-01-09T07:27:14+00:00","dateModified":"2025-03-20T09:57:00+00:00","breadcrumb":{"@id":"https:\/\/riit.ee\/fi\/palvelun-ehdot\/#breadcrumb"},"inLanguage":"fi","potentialAction":[{"@type":"ReadAction","target":["https:\/\/riit.ee\/fi\/palvelun-ehdot\/"]}]},{"@type":"BreadcrumbList","@id":"https:\/\/riit.ee\/fi\/palvelun-ehdot\/#breadcrumb","itemListElement":[{"@type":"ListItem","position":1,"name":"Home","item":"https:\/\/riit.ee\/fi\/"},{"@type":"ListItem","position":2,"name":"palvelun ehdot"}]},{"@type":"WebSite","@id":"https:\/\/riit.ee\/fi\/#website","url":"https:\/\/riit.ee\/fi\/","name":"RT","description":"","potentialAction":[{"@type":"SearchAction","target":{"@type":"EntryPoint","urlTemplate":"https:\/\/riit.ee\/fi\/?s={search_term_string}"},"query-input":{"@type":"PropertyValueSpecification","valueRequired":true,"valueName":"search_term_string"}}],"inLanguage":"fi"}]}},"_links":{"self":[{"href":"https:\/\/riit.ee\/fi\/wp-json\/wp\/v2\/pages\/13920","targetHints":{"allow":["GET"]}}],"collection":[{"href":"https:\/\/riit.ee\/fi\/wp-json\/wp\/v2\/pages"}],"about":[{"href":"https:\/\/riit.ee\/fi\/wp-json\/wp\/v2\/types\/page"}],"author":[{"embeddable":true,"href":"https:\/\/riit.ee\/fi\/wp-json\/wp\/v2\/users\/26"}],"replies":[{"embeddable":true,"href":"https:\/\/riit.ee\/fi\/wp-json\/wp\/v2\/comments?post=13920"}],"version-history":[{"count":6,"href":"https:\/\/riit.ee\/fi\/wp-json\/wp\/v2\/pages\/13920\/revisions"}],"predecessor-version":[{"id":44756,"href":"https:\/\/riit.ee\/fi\/wp-json\/wp\/v2\/pages\/13920\/revisions\/44756"}],"wp:attachment":[{"href":"https:\/\/riit.ee\/fi\/wp-json\/wp\/v2\/media?parent=13920"}],"curies":[{"name":"wp","href":"https:\/\/api.w.org\/{rel}","templated":true}]}}